{"id":6431,"date":"2023-08-27T03:54:02","date_gmt":"2023-08-27T03:54:02","guid":{"rendered":"https:\/\/perfumeriaintercontinental.com\/?page_id=6431"},"modified":"2023-08-27T04:11:58","modified_gmt":"2023-08-27T04:11:58","slug":"terminos-y-condiciones-2","status":"publish","type":"page","link":"https:\/\/perfumeriaintercontinental.com\/index.php\/terminos-y-condiciones-2\/","title":{"rendered":"T\u00e9rminos y Condiciones"},"content":{"rendered":"\t\t<div data-elementor-type=\"wp-page\" data-elementor-id=\"6431\" class=\"elementor elementor-6431\" data-elementor-post-type=\"page\">\n\t\t\t\t<section class=\"elementor-section elementor-top-section elementor-element elementor-element-bafb5e3 elementor-section-boxed elementor-section-height-default elementor-section-height-default wpr-particle-no wpr-jarallax-no wpr-parallax-no wpr-sticky-section-no\" data-id=\"bafb5e3\" data-element_type=\"section\">\n\t\t\t\t\t\t<div class=\"elementor-container elementor-column-gap-default\">\n\t\t\t\t\t<div class=\"elementor-column elementor-col-100 elementor-top-column elementor-element elementor-element-4280d5de\" data-id=\"4280d5de\" data-element_type=\"column\">\n\t\t\t<div class=\"elementor-widget-wrap elementor-element-populated\">\n\t\t\t\t\t\t<div class=\"elementor-element elementor-element-78f0ac22 elementor-widget elementor-widget-text-editor\" data-id=\"78f0ac22\" data-element_type=\"widget\" data-widget_type=\"text-editor.default\">\n\t\t\t\t<div class=\"elementor-widget-container\">\n\t\t\t\t\t\t\t\t\t<p><\/p>\n<p>PERFUMER\u00cdA INTERCONTINENTAL<\/p>\n<p><\/p>\n<p><\/p>\n<p>NOSOTROS<\/p>\n<p><\/p>\n<p><\/p>\n<p>Acerca de nosotros<\/p>\n<p><\/p>\n<p><\/p>\n<p>Intercontinental perfumer\u00eda es una tienda virtual legalmente constituida y al servicio de toda Colombia. Surge en el a\u00f1o 2022 con la intenci\u00f3n de ofrecer y satisfacer la necesidad de muchas personas apasionadas por el mundo de los aromas, por esta raz\u00f3n Perfumer\u00eda intercontinental pone al alcance de todos, la venta de Perfumes Originales. Nos dedicamos a comercializar perfumes de alta gama y dise\u00f1ador; Ofrecemos un servicio seguro de entrega a nivel nacional, adem\u00e1s, en nuestra l\u00ednea de WhatsApp podemos brindarte asesor\u00eda personalizada seg\u00fan nuestra experiencia adquirida en este campo.<\/p>\n<p><\/p>\n<p><\/p>\n<p>POLITICAS GENERALES<\/p>\n<p><\/p>\n<p><\/p>\n<p><strong>POL\u00cdTICAS DE PRIVACIDAD<\/strong><\/p>\n<p><\/p>\n<p><\/p>\n<p>La privacidad de la informaci\u00f3n de los usuarios es muy importante para nosotros. Por tal motivo tomamos precauciones para protegerla. A trav\u00e9s de esta pol\u00edtica se garantiza que\u00a0<strong>Intercontinental Perfumer\u00eda<\/strong>\u00a0no difundir\u00e1, bajo ninguna modalidad a ninguna empresa que no sea parte de nuestros servicios afiliados. Los datos personales de clientes registrados en nuestra tienda online ser\u00e1n manejados en forma absolutamente confidencial y conforme lo dispone la legislaci\u00f3n vigente (Ley 1581 de 2012)<\/p>\n<p><\/p>\n<p><\/p>\n<p>.<\/p>\n<p><\/p>\n<p><\/p>\n<p><strong>QU\u00c9 INFORMACI\u00d3N RECOPILAMOS?<\/strong><\/p>\n<p><\/p>\n<p><\/p>\n<p>Cuando visitas el Sitio, recopilamos autom\u00e1ticamente cierta informaci\u00f3n sobre tu dispositivo, incluida informaci\u00f3n sobre tu navegador web, direcci\u00f3n IP, zona horaria y algunas de las cookies que est\u00e1n instaladas en tu dispositivo.<\/p>\n<p><\/p>\n<p><\/p>\n<p>Adem\u00e1s, a medida que navegas por el Sitio, recopilamos informaci\u00f3n sobre las p\u00e1ginas web individuales o los productos que ves, qu\u00e9 sitios web o t\u00e9rminos de b\u00fasqueda te remiten al Sitio, e informaci\u00f3n sobre c\u00f3mo interact\u00faas con el Sitio. Nos referimos a esta informaci\u00f3n recopilada autom\u00e1ticamente como\u00a0<strong>Informaci\u00f3n del Dispositivo<\/strong>.<\/p>\n<p><\/p>\n<p><\/p>\n<p>Recopilamos informaci\u00f3n del dispositivo utilizando las siguientes tecnolog\u00edas:<\/p>\n<p><\/p>\n<p><\/p>\n<ul class=\"wp-block-list\">\n<li style=\"list-style-type: none;\">\n<ul><\/ul>\n<\/li>\n<\/ul>\n<p>\u00a0<\/p>\n<ul>\n<li style=\"list-style-type: none;\">\n<ul>\n<li><strong>Cookies<\/strong>: son archivos de datos que se colocan en tu dispositivo o computadora y con frecuencia incluyen un identificador \u00fanico an\u00f3nimo.<\/li>\n<\/ul>\n<\/li>\n<\/ul>\n<p><\/p>\n<p><\/p>\n<ul>\n<li style=\"list-style-type: none;\">\n<ul>\n<li><strong>Archivos de registro<\/strong>: rastrean las acciones que ocurren en el Sitio y recopilan datos, incluida tu direcci\u00f3n IP, el tipo de navegador, el proveedor de servicios de Internet, las p\u00e1ginas de referencia\/salida y las marcas de fecha y hora.<\/li>\n<\/ul>\n<\/li>\n<\/ul>\n<p><\/p>\n<p><\/p>\n<p><\/p>\n<p>Adem\u00e1s, cuando efect\u00faas una compra o intentas realizar una compra a trav\u00e9s del Sitio, recopilamos cierta informaci\u00f3n tuya, como tu nombre, direcci\u00f3n de facturaci\u00f3n, direcci\u00f3n de env\u00edo, correo electr\u00f3nico y el n\u00famero de tel\u00e9fono.\u00a0<strong>No recopilamos informaci\u00f3n acerca de n\u00fameros de tarjetas de cr\u00e9dito, d\u00e9bito, o cuentas bancarias<\/strong>\u00a0porque es administrado por la empresa\u00a0<strong>Payu<\/strong>\u00a0encargada de los m\u00e9todos de pago y cobro del dinero en nuestra web. Esto se denomina\u00a0<strong>Informaci\u00f3n del Pedido<\/strong>.<\/p>\n<p><\/p>\n<p><\/p>\n<p>Al referirnos a\u00a0<strong>Informaci\u00f3n Personal<\/strong>\u00a0en esta Pol\u00edtica de Privacidad, estamos hablando tanto de la Informaci\u00f3n del Dispositivo como de la Informaci\u00f3n del Pedido.<\/p>\n<p><\/p>\n<p><\/p>\n<p><strong>C\u00d3MO USAMOS TU INFORMACI\u00d3N PERSONAL<\/strong><\/p>\n<p><\/p>\n<p><\/p>\n<p>Utilizamos la Informaci\u00f3n de Pedido que recopilamos por lo general para cumplir con los pedidos realizados a trav\u00e9s del Sitio (incluido el procesamiento de tu informaci\u00f3n de pago, la organizaci\u00f3n del env\u00edo y el env\u00edo de facturas y\/o confirmaciones de pedidos).<\/p>\n<p><\/p>\n<p><\/p>\n<p>Adem\u00e1s, usamos esta Informaci\u00f3n del Pedido para: comunicarnos contigo, examinar nuestros pedidos para detectar posibles riesgos o fraudes, para (en l\u00ednea con las preferencias que has compartido con nosotros) ofrecerte informaci\u00f3n o publicidad relacionada con nuestros productos o servicios.<\/p>\n<p><\/p>\n<p><\/p>\n<p>Utilizamos la Informaci\u00f3n del Dispositivo que recopilamos para ayudarnos a detectar posibles riesgos y fraudes (en particular, tu direcci\u00f3n IP) y, en general, para mejorar y optimizar nuestro sitio.<\/p>\n<p><\/p>\n<p><\/p>\n<p><strong>COMPARTIENDO TU INFORMACI\u00d3N PERSONAL<\/strong><\/p>\n<p><\/p>\n<p><\/p>\n<p>Solo compartimos tu Informaci\u00f3n Personal con la empresa de env\u00edo y administradora de pagos Payu para ayudarnos a utilizarla como se describi\u00f3 anteriormente.<\/p>\n<p><\/p>\n<p><\/p>\n<p>Finalmente, tambi\u00e9n podemos compartir tu Informaci\u00f3n Personal para cumplir con las leyes y regulaciones aplicables, para responder a una citaci\u00f3n, una orden de registro u otras solicitudes legales de informaci\u00f3n que recibimos, o para proteger nuestros derechos.<\/p>\n<p><\/p>\n<p><\/p>\n<p><strong>PUBLICIDAD DE COMPORTAMIENTO<\/strong><\/p>\n<p><\/p>\n<p><\/p>\n<p>Utilizamos tu Informaci\u00f3n Personal para proporcionarte anuncios espec\u00edficos o comunicaciones de marketing que creemos que pueden ser de tu inter\u00e9s.<\/p>\n<p><\/p>\n<p><\/p>\n<p><strong>TUS DERECHOS<\/strong><\/p>\n<p><\/p>\n<p><\/p>\n<p>Tienes derecho a acceder a la informaci\u00f3n personal que tenemos sobre ti y a solicitar que tu informaci\u00f3n personal se corrija, actualice o elimine. Si deseas ejercer este derecho, por favor cont\u00e1ctanos envi\u00e1ndonos un correo a info@perfumeriaintercontiental.com<\/p>\n<p><\/p>\n<p><\/p>\n<p>Adem\u00e1s, notamos que estamos procesando tu informaci\u00f3n para cumplir con los contratos que podr\u00edamos tener contigo (por ejemplo, si realizas un pedido a trav\u00e9s del Sitio), o de otra manera para perseguir nuestros intereses comerciales leg\u00edtimos mencionados anteriormente.<\/p>\n<p><\/p>\n<p><\/p>\n<p><strong>POL\u00cdTICAS DE REEMBOLSO Y CAMBIOS<\/strong><\/p>\n<p><\/p>\n<p><\/p>\n<p>Si al recibir tu producto no est\u00e1s conforme con el y deseas realizar un cambio tienes 5 d\u00edas para realizar el procedimiento de devoluci\u00f3n y\/o cambio teniendo en cuenta las siguientes condiciones:<\/p>\n<p><\/p>\n<p><\/p>\n<p><br \/>Primero: El producto no puede estar usado m\u00e1s all\u00e1 de unas 5 atomizaciones ni modificado de su estado original, debe estar en buen estado, limpio y con las etiquetas originales (etiquetas y\/o celof\u00e1n), la caja y envase no deben tener rayaduras ni rotos (se solicitar\u00e1 im\u00e1genes del estado del envase y caja)\u00a0 si el cliente no cumple alguna de estas condiciones no tendr\u00e1 derecho a devoluci\u00f3n o cambio.<\/p>\n<p><\/p>\n<p><\/p>\n<p><br \/>Segunda: Para hacer uso de la devoluci\u00f3n o cambio el cliente deber\u00e1 escribirnos a nuestro correo electr\u00f3nico info@fperfumeriaintercontinental.com o a nuestro WhatsApp +57 3154553023 en el tiempo estipulado anteriormente, si por alg\u00fan motivo el producto a cambiar tiene un valor mayor al adquirido primeramente, el cliente se obliga a cancelar el saldo restante en nuestros medios de pago otorgados y de la misma manera si el producto a obtener tiene un valor menor se le hace el reembolso del saldo a una de las cuentas bancarias que el cliente facilite a PERFUMER\u00cdA INTERCONTINENTAL.<\/p>\n<p><\/p>\n<p><\/p>\n<p><br \/>NO OLVIDES QUE:<br \/>Los costos por devoluci\u00f3n o cambios deber\u00e1n ser asumidos por el cliente.<\/p>\n<p><\/p>\n<p><\/p>\n<p><strong>POL\u00cdTICA DE ENV\u00cdOS<\/strong><\/p>\n<p><\/p>\n<p><\/p>\n<p>El env\u00edo de los productos se realizar\u00e1 \u00fanicamente dentro del territorio nacional de Colombia en un plazo de DOS (2) a TRES (3) d\u00edas h\u00e1biles aproximadamente. PERFUMERIA INTERCONTINENTAL recomienda a sus compradores asegurar el pedido ante la transportadora por el valor solicitado, dado a que pueden presentarse p\u00e9rdidas, da\u00f1os o alguna contingencia en el trayecto del env\u00edo hasta su direcci\u00f3n de domicilio.<\/p>\n<p><\/p>\n<p><\/p>\n<p>PERFUMERIA INTERCONTINENTAL No se hace responsable por perdidas, da\u00f1os o defectos causados por la empresa de env\u00edos.<\/p>\n<p><\/p>\n<p><\/p>\n<p>Nuestra transportadora para recaudos a nivel nacional es Env\u00eda, los pedidos solicitados desde municipios a nivel nacional la transportadora que realiza la entrega es Interrapidisimo. Todos los env\u00edos son Gratis a nivel nacional.<\/p>\n<p><\/p>\t\t\t\t\t\t\t\t<\/div>\n\t\t\t\t<\/div>\n\t\t\t\t\t<\/div>\n\t\t<\/div>\n\t\t\t\t\t<\/div>\n\t\t<\/section>\t\t<\/div>\n\t\t","protected":false},"excerpt":{"rendered":"<p>PERFUMER\u00cdA INTERCONTINENTAL NOSOTROS Acerca de nosotros Intercontinental perfumer\u00eda es una tienda virtual legalmente constituida y al servicio de toda Colombia. Surge en el a\u00f1o 2022 con la intenci\u00f3n de ofrecer y satisfacer la necesidad de muchas personas apasionadas por el mundo de los aromas, por esta raz\u00f3n Perfumer\u00eda intercontinental pone al alcance de todos, la venta de Perfumes Originales. Nos dedicamos a comercializar perfumes de alta gama y dise\u00f1ador; Ofrecemos un servicio seguro de entrega a nivel nacional, adem\u00e1s, en nuestra l\u00ednea de WhatsApp podemos brindarte asesor\u00eda personalizada seg\u00fan nuestra experiencia adquirida en este campo. POLITICAS GENERALES POL\u00cdTICAS DE PRIVACIDAD La privacidad de la informaci\u00f3n de los usuarios es muy importante para nosotros. Por tal motivo tomamos precauciones para protegerla. A trav\u00e9s de esta pol\u00edtica se garantiza que\u00a0Intercontinental Perfumer\u00eda\u00a0no difundir\u00e1, bajo ninguna modalidad a ninguna empresa que no sea parte de nuestros servicios afiliados. Los datos personales de clientes registrados en nuestra tienda online ser\u00e1n manejados en forma absolutamente confidencial y conforme lo dispone la legislaci\u00f3n vigente (Ley 1581 de 2012) . QU\u00c9 INFORMACI\u00d3N RECOPILAMOS? Cuando visitas el Sitio, recopilamos autom\u00e1ticamente cierta informaci\u00f3n sobre tu dispositivo, incluida informaci\u00f3n sobre tu navegador web, direcci\u00f3n IP, zona horaria y algunas de las cookies que est\u00e1n instaladas en tu dispositivo. Adem\u00e1s, a medida que navegas por el Sitio, recopilamos informaci\u00f3n sobre las p\u00e1ginas web individuales o los productos que ves, qu\u00e9 sitios web o t\u00e9rminos de b\u00fasqueda te remiten al Sitio, e informaci\u00f3n sobre c\u00f3mo interact\u00faas con el Sitio. Nos referimos a esta informaci\u00f3n recopilada autom\u00e1ticamente como\u00a0Informaci\u00f3n del Dispositivo. Recopilamos informaci\u00f3n del dispositivo utilizando las siguientes tecnolog\u00edas: Adem\u00e1s, cuando efect\u00faas una compra o intentas realizar una compra a trav\u00e9s del Sitio, recopilamos cierta informaci\u00f3n tuya, como tu nombre, direcci\u00f3n de facturaci\u00f3n, direcci\u00f3n de env\u00edo, correo electr\u00f3nico y el n\u00famero de tel\u00e9fono.\u00a0No recopilamos informaci\u00f3n acerca de n\u00fameros de tarjetas de cr\u00e9dito, d\u00e9bito, o cuentas bancarias\u00a0porque es administrado por la empresa\u00a0Payu\u00a0encargada de los m\u00e9todos de pago y cobro del dinero en nuestra web. Esto se denomina\u00a0Informaci\u00f3n del Pedido. Al referirnos a\u00a0Informaci\u00f3n Personal\u00a0en esta Pol\u00edtica de Privacidad, estamos hablando tanto de la Informaci\u00f3n del Dispositivo como de la Informaci\u00f3n del Pedido. C\u00d3MO USAMOS TU INFORMACI\u00d3N PERSONAL Utilizamos la Informaci\u00f3n de Pedido que recopilamos por lo general para cumplir con los pedidos realizados a trav\u00e9s del Sitio (incluido el procesamiento de tu informaci\u00f3n de pago, la organizaci\u00f3n del env\u00edo y el env\u00edo de facturas y\/o confirmaciones de pedidos). Adem\u00e1s, usamos esta Informaci\u00f3n del Pedido para: comunicarnos contigo, examinar nuestros pedidos para detectar posibles riesgos o fraudes, para (en l\u00ednea con las preferencias que has compartido con nosotros) ofrecerte informaci\u00f3n o publicidad relacionada con nuestros productos o servicios. Utilizamos la Informaci\u00f3n del Dispositivo que recopilamos para ayudarnos a detectar posibles riesgos y fraudes (en particular, tu direcci\u00f3n IP) y, en general, para mejorar y optimizar nuestro sitio. COMPARTIENDO TU INFORMACI\u00d3N PERSONAL Solo compartimos tu Informaci\u00f3n Personal con la empresa de env\u00edo y administradora de pagos Payu para ayudarnos a utilizarla como se describi\u00f3 anteriormente. Finalmente, tambi\u00e9n podemos compartir tu Informaci\u00f3n Personal para cumplir con las leyes y regulaciones aplicables, para responder a una citaci\u00f3n, una orden de registro u otras solicitudes legales de informaci\u00f3n que recibimos, o para proteger nuestros derechos. PUBLICIDAD DE COMPORTAMIENTO Utilizamos tu Informaci\u00f3n Personal para proporcionarte anuncios espec\u00edficos o comunicaciones de marketing que creemos que pueden ser de tu inter\u00e9s. TUS DERECHOS Tienes derecho a acceder a la informaci\u00f3n personal que tenemos sobre ti y a solicitar que tu informaci\u00f3n personal se corrija, actualice o elimine. Si deseas ejercer este derecho, por favor cont\u00e1ctanos envi\u00e1ndonos un correo a info@perfumeriaintercontiental.com Adem\u00e1s, notamos que estamos procesando tu informaci\u00f3n para cumplir con los contratos que podr\u00edamos tener contigo (por ejemplo, si realizas un pedido a trav\u00e9s del Sitio), o de otra manera para perseguir nuestros intereses comerciales leg\u00edtimos mencionados anteriormente. POL\u00cdTICAS DE REEMBOLSO Y CAMBIOS Si al recibir tu producto no est\u00e1s conforme con el y deseas realizar un cambio tienes 5 d\u00edas para realizar el procedimiento de devoluci\u00f3n y\/o cambio teniendo en cuenta las siguientes condiciones: Primero: El producto no puede estar usado m\u00e1s all\u00e1 de unas 5 atomizaciones ni modificado de su estado original, debe estar en buen estado, limpio y con las etiquetas originales (etiquetas y\/o celof\u00e1n), la caja y envase no deben tener rayaduras ni rotos (se solicitar\u00e1 im\u00e1genes del estado del envase y caja)\u00a0 si el cliente no cumple alguna de estas condiciones no tendr\u00e1 derecho a devoluci\u00f3n o cambio. Segunda: Para hacer uso de la devoluci\u00f3n o cambio el cliente deber\u00e1 escribirnos a nuestro correo electr\u00f3nico info@fperfumeriaintercontinental.com o a nuestro WhatsApp +57 3154553023 en el tiempo estipulado anteriormente, si por alg\u00fan motivo el producto a cambiar tiene un valor mayor al adquirido primeramente, el cliente se obliga a cancelar el saldo restante en nuestros medios de pago otorgados y de la misma manera si el producto a obtener tiene un valor menor se le hace el reembolso del saldo a una de las cuentas bancarias que el cliente facilite a PERFUMER\u00cdA INTERCONTINENTAL. NO OLVIDES QUE:Los costos por devoluci\u00f3n o cambios deber\u00e1n ser asumidos por el cliente. POL\u00cdTICA DE ENV\u00cdOS El env\u00edo de los productos se realizar\u00e1 \u00fanicamente dentro del territorio nacional de Colombia en un plazo de DOS (2) a TRES (3) d\u00edas h\u00e1biles aproximadamente. PERFUMERIA INTERCONTINENTAL recomienda a sus compradores asegurar el pedido ante la transportadora por el valor solicitado, dado a que pueden presentarse p\u00e9rdidas, da\u00f1os o alguna contingencia en el trayecto del env\u00edo hasta su direcci\u00f3n de domicilio. PERFUMERIA INTERCONTINENTAL No se hace responsable por perdidas, da\u00f1os o defectos causados por la empresa de env\u00edos. Nuestra transportadora para recaudos a nivel nacional es Env\u00eda, los pedidos solicitados desde municipios a nivel nacional la transportadora que realiza la entrega es Interrapidisimo. Todos los env\u00edos son Gratis a nivel nacional.<\/p>\n","protected":false},"author":1,"featured_media":0,"parent":0,"menu_order":0,"comment_status":"closed","ping_status":"closed","template":"elementor_header_footer","meta":{"_eb_attr":"","om_disable_all_campaigns":false,"_monsterinsights_skip_tracking":false,"_monsterinsights_sitenote_active":false,"_monsterinsights_sitenote_note":"","_monsterinsights_sitenote_category":0,"footnotes":""},"class_list":["post-6431","page","type-page","status-publish","hentry"],"aioseo_notices":[],"_links":{"self":[{"href":"https:\/\/perfumeriaintercontinental.com\/index.php\/wp-json\/wp\/v2\/pages\/6431","targetHints":{"allow":["GET"]}}],"collection":[{"href":"https:\/\/perfumeriaintercontinental.com\/index.php\/wp-json\/wp\/v2\/pages"}],"about":[{"href":"https:\/\/perfumeriaintercontinental.com\/index.php\/wp-json\/wp\/v2\/types\/page"}],"author":[{"embeddable":true,"href":"https:\/\/perfumeriaintercontinental.com\/index.php\/wp-json\/wp\/v2\/users\/1"}],"replies":[{"embeddable":true,"href":"https:\/\/perfumeriaintercontinental.com\/index.php\/wp-json\/wp\/v2\/comments?post=6431"}],"version-history":[{"count":0,"href":"https:\/\/perfumeriaintercontinental.com\/index.php\/wp-json\/wp\/v2\/pages\/6431\/revisions"}],"wp:attachment":[{"href":"https:\/\/perfumeriaintercontinental.com\/index.php\/wp-json\/wp\/v2\/media?parent=6431"}],"curies":[{"name":"wp","href":"https:\/\/api.w.org\/{rel}","templated":true}]}}