{"id":10116,"date":"2024-01-20T15:03:37","date_gmt":"2024-01-20T20:03:37","guid":{"rendered":"https:\/\/perfumeriaintercontinental.com\/?post_type=product&#038;p=10116"},"modified":"2025-03-03T11:34:33","modified_gmt":"2025-03-03T16:34:33","slug":"perfume-maison-alhambra-fabulo-intense-eau-de-parfum-80ml-caballero","status":"publish","type":"product","link":"https:\/\/perfumeriaintercontinental.com\/index.php\/producto\/perfume-maison-alhambra-fabulo-intense-eau-de-parfum-80ml-caballero\/","title":{"rendered":"Perfume Maison Alhambra Fabulo Intense Eau de Parfum 80ml Caballero"},"content":{"rendered":"<p><b>Fabulo Intense<\/b>\u00a0de\u00a0<b>Maison Alhambra<\/b>\u00a0es una fragancia de la familia olfativa para Hombres y Mujeres. Las Notas de Salida son lavanda y esclarea; las Notas de Coraz\u00f3n son almendra amarga, vainilla y ra\u00edz de lirio; las Notas de Fondo son cuero, maderas blancas, haba tonka, cachemira y \u00e1mbar.<\/p>\n","protected":false},"excerpt":{"rendered":"<p>Fabulo Intense\u00a0de\u00a0Maison Alhambra\u00a0es una fragancia de la familia olfativa para Hombres y Mujeres. Las Notas de Salida son lavanda y esclarea; las Notas de Coraz\u00f3n son almendra amarga, vainilla y ra\u00edz de lirio; las Notas de Fondo son cuero, maderas blancas, haba tonka, cachemira y \u00e1mbar.<\/p>\n","protected":false},"featured_media":10118,"comment_status":"open","ping_status":"closed","template":"","meta":{"_eb_attr":"","om_disable_all_campaigns":false,"_monsterinsights_skip_tracking":false,"_monsterinsights_sitenote_active":false,"_monsterinsights_sitenote_note":"","_monsterinsights_sitenote_category":0},"product_brand":[],"product_cat":[154,15,29,30,31],"product_tag":[],"class_list":{"0":"post-10116","1":"product","2":"type-product","3":"status-publish","4":"has-post-thumbnail","6":"product_cat-maison-alhambra","7":"product_cat-todos-los-productos","8":"product_cat-hombre","9":"product_cat-mujer","10":"product_cat-unisex","13":"first","14":"outofstock","15":"shipping-taxable","16":"purchasable","17":"product-type-simple"},"aioseo_notices":[],"_links":{"self":[{"href":"https:\/\/perfumeriaintercontinental.com\/index.php\/wp-json\/wp\/v2\/product\/10116","targetHints":{"allow":["GET"]}}],"collection":[{"href":"https:\/\/perfumeriaintercontinental.com\/index.php\/wp-json\/wp\/v2\/product"}],"about":[{"href":"https:\/\/perfumeriaintercontinental.com\/index.php\/wp-json\/wp\/v2\/types\/product"}],"replies":[{"embeddable":true,"href":"https:\/\/perfumeriaintercontinental.com\/index.php\/wp-json\/wp\/v2\/comments?post=10116"}],"version-history":[{"count":2,"href":"https:\/\/perfumeriaintercontinental.com\/index.php\/wp-json\/wp\/v2\/product\/10116\/revisions"}],"predecessor-version":[{"id":10121,"href":"https:\/\/perfumeriaintercontinental.com\/index.php\/wp-json\/wp\/v2\/product\/10116\/revisions\/10121"}],"wp:featuredmedia":[{"embeddable":true,"href":"https:\/\/perfumeriaintercontinental.com\/index.php\/wp-json\/wp\/v2\/media\/10118"}],"wp:attachment":[{"href":"https:\/\/perfumeriaintercontinental.com\/index.php\/wp-json\/wp\/v2\/media?parent=10116"}],"wp:term":[{"taxonomy":"product_brand","embeddable":true,"href":"https:\/\/perfumeriaintercontinental.com\/index.php\/wp-json\/wp\/v2\/product_brand?post=10116"},{"taxonomy":"product_cat","embeddable":true,"href":"https:\/\/perfumeriaintercontinental.com\/index.php\/wp-json\/wp\/v2\/product_cat?post=10116"},{"taxonomy":"product_tag","embeddable":true,"href":"https:\/\/perfumeriaintercontinental.com\/index.php\/wp-json\/wp\/v2\/product_tag?post=10116"}],"curies":[{"name":"wp","href":"https:\/\/api.w.org\/{rel}","templated":true}]}}