{"id":10276,"date":"2024-01-23T10:52:03","date_gmt":"2024-01-23T15:52:03","guid":{"rendered":"https:\/\/perfumeriaintercontinental.com\/?post_type=product&#038;p=10276"},"modified":"2025-02-28T15:54:06","modified_gmt":"2025-02-28T20:54:06","slug":"estee-lauder-beautiful-eau-de-parfum-75ml-dama","status":"publish","type":"product","link":"https:\/\/perfumeriaintercontinental.com\/index.php\/producto\/estee-lauder-beautiful-eau-de-parfum-75ml-dama\/","title":{"rendered":"Estee Lauder Beautiful Eau de Parfum 75ml Dama"},"content":{"rendered":"<p><strong>Beautiful de Est\u00e9e Lauder<\/strong> es una fragancia de la familia olfativa Floral para Mujeres. Beautiful se lanz\u00f3 en 1985. <strong>Beautiful<\/strong> fue creada por Sophia Grojsman, Bernard Chant y Max Gavarry.<br \/>\nLas Notas de Salida son rosa, g\u00e1lbano, azucena, grosellas negras, notas afrutadas, casia, mandarina, bergamota y lim\u00f3n (lima \u00e1cida); las Notas de Coraz\u00f3n son clavel, nardos, cal\u00e9ndula, mimosa, jazm\u00edn, narciso, manzanilla, ylang-ylang, geranio, lirio de los valles (muguete), flor de azahar del naranjo, magnolia, lila, fresia, violeta rosa, salvia y neroli; las Notas de Fondo son s\u00e1ndalo, \u00e1mbar, vetiver, almizcle, cedro y vainilla.<\/p>\n<p><strong>PERFUMES ORIGINALES<\/strong><br \/>\nTUS COMPRAS 100% PROTEGIDAS<\/p>\n","protected":false},"excerpt":{"rendered":"<p>PERFUMES DISE\u00d1ADOR<\/p>\n","protected":false},"featured_media":10277,"comment_status":"open","ping_status":"closed","template":"","meta":{"_eb_attr":"","om_disable_all_campaigns":false,"_monsterinsights_skip_tracking":false,"_monsterinsights_sitenote_active":false,"_monsterinsights_sitenote_note":"","_monsterinsights_sitenote_category":0},"product_brand":[],"product_cat":[292,15,30],"product_tag":[],"class_list":{"0":"post-10276","1":"product","2":"type-product","3":"status-publish","4":"has-post-thumbnail","6":"product_cat-estee-lauder","7":"product_cat-todos-los-productos","8":"product_cat-mujer","11":"first","12":"instock","13":"shipping-taxable","14":"purchasable","15":"product-type-simple"},"aioseo_notices":[],"_links":{"self":[{"href":"https:\/\/perfumeriaintercontinental.com\/index.php\/wp-json\/wp\/v2\/product\/10276","targetHints":{"allow":["GET"]}}],"collection":[{"href":"https:\/\/perfumeriaintercontinental.com\/index.php\/wp-json\/wp\/v2\/product"}],"about":[{"href":"https:\/\/perfumeriaintercontinental.com\/index.php\/wp-json\/wp\/v2\/types\/product"}],"replies":[{"embeddable":true,"href":"https:\/\/perfumeriaintercontinental.com\/index.php\/wp-json\/wp\/v2\/comments?post=10276"}],"version-history":[{"count":2,"href":"https:\/\/perfumeriaintercontinental.com\/index.php\/wp-json\/wp\/v2\/product\/10276\/revisions"}],"predecessor-version":[{"id":14177,"href":"https:\/\/perfumeriaintercontinental.com\/index.php\/wp-json\/wp\/v2\/product\/10276\/revisions\/14177"}],"wp:featuredmedia":[{"embeddable":true,"href":"https:\/\/perfumeriaintercontinental.com\/index.php\/wp-json\/wp\/v2\/media\/10277"}],"wp:attachment":[{"href":"https:\/\/perfumeriaintercontinental.com\/index.php\/wp-json\/wp\/v2\/media?parent=10276"}],"wp:term":[{"taxonomy":"product_brand","embeddable":true,"href":"https:\/\/perfumeriaintercontinental.com\/index.php\/wp-json\/wp\/v2\/product_brand?post=10276"},{"taxonomy":"product_cat","embeddable":true,"href":"https:\/\/perfumeriaintercontinental.com\/index.php\/wp-json\/wp\/v2\/product_cat?post=10276"},{"taxonomy":"product_tag","embeddable":true,"href":"https:\/\/perfumeriaintercontinental.com\/index.php\/wp-json\/wp\/v2\/product_tag?post=10276"}],"curies":[{"name":"wp","href":"https:\/\/api.w.org\/{rel}","templated":true}]}}