{"id":10282,"date":"2024-01-23T11:07:13","date_gmt":"2024-01-23T16:07:13","guid":{"rendered":"https:\/\/perfumeriaintercontinental.com\/?post_type=product&#038;p=10282"},"modified":"2025-02-28T15:53:52","modified_gmt":"2025-02-28T20:53:52","slug":"estee-lauder-modern-muse-le-rouge-edp-100ml-dama","status":"publish","type":"product","link":"https:\/\/perfumeriaintercontinental.com\/index.php\/producto\/estee-lauder-modern-muse-le-rouge-edp-100ml-dama\/","title":{"rendered":"Estee Lauder Modern Muse Le Rouge EDP 100ml Dama"},"content":{"rendered":"<p><strong>Modern Muse Le Rouge de Est\u00e9e Lauder<\/strong> es una fragancia de la familia olfativa \u00c1mbar Floral para Mujeres. <strong>Modern Muse Le Rouge<\/strong> se lanz\u00f3 en 2015. Las Notas de Salida son grosella roja, frambuesa, pimienta rosa y azafr\u00e1n; las Notas de Coraz\u00f3n son rosa de Bulgaria (rosa Damascena de Bulgaria), rosa de mayo, jazm\u00edn y p\u00e9talos de magnolia; las Notas de Fondo son vainilla de Madagascar, almizcle ambreta, pachul\u00ed y vetiver.<\/p>\n<p><strong>PERFUMES ORIGINALES<\/strong><br \/>\nTUS COMPRAS 100% PROTEGIDAS<\/p>\n","protected":false},"excerpt":{"rendered":"<p>PERFUMES DISE\u00d1ADOR<\/p>\n","protected":false},"featured_media":10283,"comment_status":"open","ping_status":"closed","template":"","meta":{"_eb_attr":"","om_disable_all_campaigns":false,"_monsterinsights_skip_tracking":false,"_monsterinsights_sitenote_active":false,"_monsterinsights_sitenote_note":"","_monsterinsights_sitenote_category":0},"product_brand":[],"product_cat":[292,15,30],"product_tag":[],"class_list":{"0":"post-10282","1":"product","2":"type-product","3":"status-publish","4":"has-post-thumbnail","6":"product_cat-estee-lauder","7":"product_cat-todos-los-productos","8":"product_cat-mujer","11":"first","12":"outofstock","13":"shipping-taxable","14":"purchasable","15":"product-type-simple"},"aioseo_notices":[],"_links":{"self":[{"href":"https:\/\/perfumeriaintercontinental.com\/index.php\/wp-json\/wp\/v2\/product\/10282","targetHints":{"allow":["GET"]}}],"collection":[{"href":"https:\/\/perfumeriaintercontinental.com\/index.php\/wp-json\/wp\/v2\/product"}],"about":[{"href":"https:\/\/perfumeriaintercontinental.com\/index.php\/wp-json\/wp\/v2\/types\/product"}],"replies":[{"embeddable":true,"href":"https:\/\/perfumeriaintercontinental.com\/index.php\/wp-json\/wp\/v2\/comments?post=10282"}],"version-history":[{"count":1,"href":"https:\/\/perfumeriaintercontinental.com\/index.php\/wp-json\/wp\/v2\/product\/10282\/revisions"}],"predecessor-version":[{"id":10284,"href":"https:\/\/perfumeriaintercontinental.com\/index.php\/wp-json\/wp\/v2\/product\/10282\/revisions\/10284"}],"wp:featuredmedia":[{"embeddable":true,"href":"https:\/\/perfumeriaintercontinental.com\/index.php\/wp-json\/wp\/v2\/media\/10283"}],"wp:attachment":[{"href":"https:\/\/perfumeriaintercontinental.com\/index.php\/wp-json\/wp\/v2\/media?parent=10282"}],"wp:term":[{"taxonomy":"product_brand","embeddable":true,"href":"https:\/\/perfumeriaintercontinental.com\/index.php\/wp-json\/wp\/v2\/product_brand?post=10282"},{"taxonomy":"product_cat","embeddable":true,"href":"https:\/\/perfumeriaintercontinental.com\/index.php\/wp-json\/wp\/v2\/product_cat?post=10282"},{"taxonomy":"product_tag","embeddable":true,"href":"https:\/\/perfumeriaintercontinental.com\/index.php\/wp-json\/wp\/v2\/product_tag?post=10282"}],"curies":[{"name":"wp","href":"https:\/\/api.w.org\/{rel}","templated":true}]}}