{"id":10304,"date":"2024-01-23T11:50:31","date_gmt":"2024-01-23T16:50:31","guid":{"rendered":"https:\/\/perfumeriaintercontinental.com\/?post_type=product&#038;p=10304"},"modified":"2025-09-05T17:05:47","modified_gmt":"2025-09-05T22:05:47","slug":"faconnable-eau-de-toilette-100ml-caballero","status":"publish","type":"product","link":"https:\/\/perfumeriaintercontinental.com\/index.php\/producto\/faconnable-eau-de-toilette-100ml-caballero\/","title":{"rendered":"Faconnable Eau de Toilette 100ml Caballero Original"},"content":{"rendered":"<p><strong>Faconnable de Faconnable<\/strong> es una fragancia masculina cl\u00e1sica y refinada, lanzada en 1994, que combina frescura arom\u00e1tica con elegancia floral y profundidad amaderada. Las notas de salida de menta, mandarina y flor de azahar del naranjo aportan un inicio vibrante y limpio. En el coraz\u00f3n, el jazm\u00edn, geranio y rosa brindan un toque sofisticado y ligeramente rom\u00e1ntico. La base de s\u00e1ndalo, almizcle y \u00e1mbar envuelve con calidez y car\u00e1cter, dejando una estela duradera y varonil. Ideal para el hombre moderno que valora la tradici\u00f3n, el estilo y la autenticidad, Faconnable es perfecta para el d\u00eda a d\u00eda, reuniones profesionales o climas c\u00e1lidos.<\/p>\n<p><a href=\"https:\/\/perfumeriaintercontinental.com\/index.php\/producto\/faconnable-regatta-edt-intense-90ml-caballero\/\">Faconnable Regatta EDT Intense 90ml Caballero<\/a><\/p>\n<p><strong>PERFUMES ORIGINALES<\/strong><br \/>\nTUS COMPRAS 100% PROTEGIDAS\u00a0 \u00a0 \u00a0 \u00a0 \u00a0 \u00a0 \u00a0 \u00a0 \u00a0 \u00a0 \u00a0 \u00a0 \u00a0 \u00a0 \u00a0 \u00a0 \u00a0 \u00a0 \u00a0 \u00a0 \u00a0 \u00a0 \u00a0 \u00a0 \u00a0 \u00a0 \u00a0 \u00a0 \u00a0 \u00a0 \u00a0 \u00a0 \u00a0 \u00a0 \u00a0 \u00a0 \u00a0 \u00a0 \u00a0 \u00a0 \u00a0 \u00a0 \u00a0 \u00a0 \u00a0 \u00a0 \u00a0 \u00a0 \u00a0 \u00a0 \u00a0 \u00a0 \u00a0 \u00a0 \u00a0 \u00a0 \u00a0 \u00a0 \u00a0 \u00a0 \u00a0 \u00a0 \u00a0 \u00a0 \u00a0 VISITANOS EN NUESTRAS REDES SOCIALES<br \/>\n<a href=\"https:\/\/www.instagram.com\/perfumeriaintercontinental\">https:\/\/www.instagram.com\/perfumeriaintercontinental<\/a><\/p>\n","protected":false},"excerpt":{"rendered":"<p><strong>Faconnable de Faconnable<\/strong> es una fragancia masculina fresca y elegante, con notas de menta, mandarina, jazm\u00edn y s\u00e1ndalo. Perfecta para hombres cl\u00e1sicos que buscan distinci\u00f3n y versatilidad.<\/p>\n","protected":false},"featured_media":15748,"comment_status":"open","ping_status":"closed","template":"","meta":{"_eb_attr":"","om_disable_all_campaigns":false,"_monsterinsights_skip_tracking":false,"_monsterinsights_sitenote_active":false,"_monsterinsights_sitenote_note":"","_monsterinsights_sitenote_category":0},"product_brand":[],"product_cat":[294,15,29],"product_tag":[],"class_list":{"0":"post-10304","1":"product","2":"type-product","3":"status-publish","4":"has-post-thumbnail","6":"product_cat-faconnable","7":"product_cat-todos-los-productos","8":"product_cat-hombre","11":"first","12":"instock","13":"shipping-taxable","14":"purchasable","15":"product-type-simple"},"aioseo_notices":[],"_links":{"self":[{"href":"https:\/\/perfumeriaintercontinental.com\/index.php\/wp-json\/wp\/v2\/product\/10304","targetHints":{"allow":["GET"]}}],"collection":[{"href":"https:\/\/perfumeriaintercontinental.com\/index.php\/wp-json\/wp\/v2\/product"}],"about":[{"href":"https:\/\/perfumeriaintercontinental.com\/index.php\/wp-json\/wp\/v2\/types\/product"}],"replies":[{"embeddable":true,"href":"https:\/\/perfumeriaintercontinental.com\/index.php\/wp-json\/wp\/v2\/comments?post=10304"}],"version-history":[{"count":4,"href":"https:\/\/perfumeriaintercontinental.com\/index.php\/wp-json\/wp\/v2\/product\/10304\/revisions"}],"predecessor-version":[{"id":15747,"href":"https:\/\/perfumeriaintercontinental.com\/index.php\/wp-json\/wp\/v2\/product\/10304\/revisions\/15747"}],"wp:featuredmedia":[{"embeddable":true,"href":"https:\/\/perfumeriaintercontinental.com\/index.php\/wp-json\/wp\/v2\/media\/15748"}],"wp:attachment":[{"href":"https:\/\/perfumeriaintercontinental.com\/index.php\/wp-json\/wp\/v2\/media?parent=10304"}],"wp:term":[{"taxonomy":"product_brand","embeddable":true,"href":"https:\/\/perfumeriaintercontinental.com\/index.php\/wp-json\/wp\/v2\/product_brand?post=10304"},{"taxonomy":"product_cat","embeddable":true,"href":"https:\/\/perfumeriaintercontinental.com\/index.php\/wp-json\/wp\/v2\/product_cat?post=10304"},{"taxonomy":"product_tag","embeddable":true,"href":"https:\/\/perfumeriaintercontinental.com\/index.php\/wp-json\/wp\/v2\/product_tag?post=10304"}],"curies":[{"name":"wp","href":"https:\/\/api.w.org\/{rel}","templated":true}]}}