{"id":10581,"date":"2024-01-26T11:50:57","date_gmt":"2024-01-26T16:50:57","guid":{"rendered":"https:\/\/perfumeriaintercontinental.com\/?post_type=product&#038;p=10581"},"modified":"2025-02-27T17:49:35","modified_gmt":"2025-02-27T22:49:35","slug":"dior-estuche-sauvage-eau-de-toilette-3-piezas-100ml-caballero","status":"publish","type":"product","link":"https:\/\/perfumeriaintercontinental.com\/index.php\/producto\/dior-estuche-sauvage-eau-de-toilette-3-piezas-100ml-caballero\/","title":{"rendered":"Dior Estuche Sauvage Eau de Toilette 3 Piezas 100ml Caballero"},"content":{"rendered":"<p><strong>Sauvage de Dior<\/strong> es una fragancia de la familia olfativa Arom\u00e1tica Foug\u00e8re para Hombres. <strong>Sauvage<\/strong> se lanz\u00f3 en 2015. La Nariz detr\u00e1s de esta fragrancia es Francois Demachy. Las Notas de Salida son bergamota de Calabria y pimienta; las Notas de Coraz\u00f3n son pimienta de Sichuan, lavanda, pimienta rosa, vetiver, pachul\u00ed, geranio y elem\u00ed; las Notas de Fondo son ambroxan, cedro y l\u00e1dano.<\/p>\n<p><strong>PERFUMES ORIGINALES<\/strong><br \/>\nTUS COMPRAS 100% PROTEGIDAS<\/p>\n","protected":false},"excerpt":{"rendered":"<p>PERFUMES DISE\u00d1ADOR<\/p>\n<p>INCLUYE:<br \/>\n&#8211; PERFUME 100ML<br \/>\n&#8211; DESODORANTE<br \/>\n&#8211; GEL DE DUCHA<\/p>\n","protected":false},"featured_media":10582,"comment_status":"open","ping_status":"closed","template":"","meta":{"_eb_attr":"","om_disable_all_campaigns":false,"_monsterinsights_skip_tracking":false,"_monsterinsights_sitenote_active":false,"_monsterinsights_sitenote_note":"","_monsterinsights_sitenote_category":0},"product_brand":[],"product_cat":[306,15,32,29],"product_tag":[],"class_list":{"0":"post-10581","1":"product","2":"type-product","3":"status-publish","4":"has-post-thumbnail","6":"product_cat-dior","7":"product_cat-todos-los-productos","8":"product_cat-estuches-hombre","9":"product_cat-hombre","12":"first","13":"outofstock","14":"shipping-taxable","15":"purchasable","16":"product-type-simple"},"aioseo_notices":[],"_links":{"self":[{"href":"https:\/\/perfumeriaintercontinental.com\/index.php\/wp-json\/wp\/v2\/product\/10581","targetHints":{"allow":["GET"]}}],"collection":[{"href":"https:\/\/perfumeriaintercontinental.com\/index.php\/wp-json\/wp\/v2\/product"}],"about":[{"href":"https:\/\/perfumeriaintercontinental.com\/index.php\/wp-json\/wp\/v2\/types\/product"}],"replies":[{"embeddable":true,"href":"https:\/\/perfumeriaintercontinental.com\/index.php\/wp-json\/wp\/v2\/comments?post=10581"}],"version-history":[{"count":2,"href":"https:\/\/perfumeriaintercontinental.com\/index.php\/wp-json\/wp\/v2\/product\/10581\/revisions"}],"predecessor-version":[{"id":14114,"href":"https:\/\/perfumeriaintercontinental.com\/index.php\/wp-json\/wp\/v2\/product\/10581\/revisions\/14114"}],"wp:featuredmedia":[{"embeddable":true,"href":"https:\/\/perfumeriaintercontinental.com\/index.php\/wp-json\/wp\/v2\/media\/10582"}],"wp:attachment":[{"href":"https:\/\/perfumeriaintercontinental.com\/index.php\/wp-json\/wp\/v2\/media?parent=10581"}],"wp:term":[{"taxonomy":"product_brand","embeddable":true,"href":"https:\/\/perfumeriaintercontinental.com\/index.php\/wp-json\/wp\/v2\/product_brand?post=10581"},{"taxonomy":"product_cat","embeddable":true,"href":"https:\/\/perfumeriaintercontinental.com\/index.php\/wp-json\/wp\/v2\/product_cat?post=10581"},{"taxonomy":"product_tag","embeddable":true,"href":"https:\/\/perfumeriaintercontinental.com\/index.php\/wp-json\/wp\/v2\/product_tag?post=10581"}],"curies":[{"name":"wp","href":"https:\/\/api.w.org\/{rel}","templated":true}]}}