{"id":10771,"date":"2024-01-27T20:34:31","date_gmt":"2024-01-28T01:34:31","guid":{"rendered":"https:\/\/perfumeriaintercontinental.com\/?post_type=product&#038;p=10771"},"modified":"2025-02-28T17:54:53","modified_gmt":"2025-02-28T22:54:53","slug":"gucci-guilty-eau-de-toilette-150ml-caballero","status":"publish","type":"product","link":"https:\/\/perfumeriaintercontinental.com\/index.php\/producto\/gucci-guilty-eau-de-toilette-150ml-caballero\/","title":{"rendered":"Gucci Guilty Eau de Toilette 150ml Caballero"},"content":{"rendered":"<p><strong>Guilty Pour Homme de Gucci<\/strong> es una fragancia de la familia olfativa Amaderada Arom\u00e1tica para Hombres. <strong>Guilty Pour Homme<\/strong> se lanz\u00f3 en 2011. La Nariz detr\u00e1s de esta fragancia es Jacques Huclier. Las Notas de Salida son lavanda y lim\u00f3n de Amalfi (lima de Amalfi); la Nota de Coraz\u00f3n es flor del naranjo africano; las Notas de Fondo son cedro de Virginia, pachul\u00ed y vainilla.<\/p>\n<p><strong>PERFUMES ORIGINALES<\/strong><br \/>\nTUS COMPRAS 100% PROTEGIDAS<\/p>\n","protected":false},"excerpt":{"rendered":"<p>PERFUMES DISE\u00d1ADOR<\/p>\n","protected":false},"featured_media":10772,"comment_status":"open","ping_status":"closed","template":"","meta":{"_eb_attr":"","om_disable_all_campaigns":false,"_monsterinsights_skip_tracking":false,"_monsterinsights_sitenote_active":false,"_monsterinsights_sitenote_note":"","_monsterinsights_sitenote_category":0},"product_brand":[],"product_cat":[308,15,29],"product_tag":[],"class_list":{"0":"post-10771","1":"product","2":"type-product","3":"status-publish","4":"has-post-thumbnail","6":"product_cat-gucci","7":"product_cat-todos-los-productos","8":"product_cat-hombre","11":"first","12":"instock","13":"shipping-taxable","14":"purchasable","15":"product-type-simple"},"aioseo_notices":[],"_links":{"self":[{"href":"https:\/\/perfumeriaintercontinental.com\/index.php\/wp-json\/wp\/v2\/product\/10771","targetHints":{"allow":["GET"]}}],"collection":[{"href":"https:\/\/perfumeriaintercontinental.com\/index.php\/wp-json\/wp\/v2\/product"}],"about":[{"href":"https:\/\/perfumeriaintercontinental.com\/index.php\/wp-json\/wp\/v2\/types\/product"}],"replies":[{"embeddable":true,"href":"https:\/\/perfumeriaintercontinental.com\/index.php\/wp-json\/wp\/v2\/comments?post=10771"}],"version-history":[{"count":1,"href":"https:\/\/perfumeriaintercontinental.com\/index.php\/wp-json\/wp\/v2\/product\/10771\/revisions"}],"predecessor-version":[{"id":10773,"href":"https:\/\/perfumeriaintercontinental.com\/index.php\/wp-json\/wp\/v2\/product\/10771\/revisions\/10773"}],"wp:featuredmedia":[{"embeddable":true,"href":"https:\/\/perfumeriaintercontinental.com\/index.php\/wp-json\/wp\/v2\/media\/10772"}],"wp:attachment":[{"href":"https:\/\/perfumeriaintercontinental.com\/index.php\/wp-json\/wp\/v2\/media?parent=10771"}],"wp:term":[{"taxonomy":"product_brand","embeddable":true,"href":"https:\/\/perfumeriaintercontinental.com\/index.php\/wp-json\/wp\/v2\/product_brand?post=10771"},{"taxonomy":"product_cat","embeddable":true,"href":"https:\/\/perfumeriaintercontinental.com\/index.php\/wp-json\/wp\/v2\/product_cat?post=10771"},{"taxonomy":"product_tag","embeddable":true,"href":"https:\/\/perfumeriaintercontinental.com\/index.php\/wp-json\/wp\/v2\/product_tag?post=10771"}],"curies":[{"name":"wp","href":"https:\/\/api.w.org\/{rel}","templated":true}]}}