{"id":10791,"date":"2024-01-27T21:04:30","date_gmt":"2024-01-28T02:04:30","guid":{"rendered":"https:\/\/perfumeriaintercontinental.com\/?post_type=product&#038;p=10791"},"modified":"2025-02-28T17:51:09","modified_gmt":"2025-02-28T22:51:09","slug":"gucci-made-to-measure-eau-de-toilette-90ml-caballero","status":"publish","type":"product","link":"https:\/\/perfumeriaintercontinental.com\/index.php\/producto\/gucci-made-to-measure-eau-de-toilette-90ml-caballero\/","title":{"rendered":"Gucci Made To Measure Eau de Toilette 90ml Caballero"},"content":{"rendered":"<p><strong>Made to Measure de Gucci<\/strong> es una fragancia de la familia olfativa \u00c1mbar Especiada para Hombres. <strong>Made to Measure<\/strong> se lanz\u00f3 en 2013. Las Notas de Salida son lavanda, bergamota de Calabria, flor del naranjo tunesino y an\u00eds; las Notas de Coraz\u00f3n son ciruela, bayas de enebro, canela, nuez moscada y nen\u00fafar (lirio de agua); las Notas de Fondo son cuero, \u00e1mbar, pachul\u00ed y l\u00e1dano.<\/p>\n<p><strong>PERFUMES ORIGINALES<\/strong><br \/>\nTUS COMPRAS 100% PROTEGIDAS<\/p>\n","protected":false},"excerpt":{"rendered":"<p>PERFUMES DISE\u00d1ADOR<\/p>\n","protected":false},"featured_media":10792,"comment_status":"open","ping_status":"closed","template":"","meta":{"_eb_attr":"","om_disable_all_campaigns":false,"_monsterinsights_skip_tracking":false,"_monsterinsights_sitenote_active":false,"_monsterinsights_sitenote_note":"","_monsterinsights_sitenote_category":0},"product_brand":[],"product_cat":[308,15,29],"product_tag":[],"class_list":{"0":"post-10791","1":"product","2":"type-product","3":"status-publish","4":"has-post-thumbnail","6":"product_cat-gucci","7":"product_cat-todos-los-productos","8":"product_cat-hombre","11":"first","12":"outofstock","13":"shipping-taxable","14":"purchasable","15":"product-type-simple"},"aioseo_notices":[],"_links":{"self":[{"href":"https:\/\/perfumeriaintercontinental.com\/index.php\/wp-json\/wp\/v2\/product\/10791","targetHints":{"allow":["GET"]}}],"collection":[{"href":"https:\/\/perfumeriaintercontinental.com\/index.php\/wp-json\/wp\/v2\/product"}],"about":[{"href":"https:\/\/perfumeriaintercontinental.com\/index.php\/wp-json\/wp\/v2\/types\/product"}],"replies":[{"embeddable":true,"href":"https:\/\/perfumeriaintercontinental.com\/index.php\/wp-json\/wp\/v2\/comments?post=10791"}],"version-history":[{"count":1,"href":"https:\/\/perfumeriaintercontinental.com\/index.php\/wp-json\/wp\/v2\/product\/10791\/revisions"}],"predecessor-version":[{"id":10793,"href":"https:\/\/perfumeriaintercontinental.com\/index.php\/wp-json\/wp\/v2\/product\/10791\/revisions\/10793"}],"wp:featuredmedia":[{"embeddable":true,"href":"https:\/\/perfumeriaintercontinental.com\/index.php\/wp-json\/wp\/v2\/media\/10792"}],"wp:attachment":[{"href":"https:\/\/perfumeriaintercontinental.com\/index.php\/wp-json\/wp\/v2\/media?parent=10791"}],"wp:term":[{"taxonomy":"product_brand","embeddable":true,"href":"https:\/\/perfumeriaintercontinental.com\/index.php\/wp-json\/wp\/v2\/product_brand?post=10791"},{"taxonomy":"product_cat","embeddable":true,"href":"https:\/\/perfumeriaintercontinental.com\/index.php\/wp-json\/wp\/v2\/product_cat?post=10791"},{"taxonomy":"product_tag","embeddable":true,"href":"https:\/\/perfumeriaintercontinental.com\/index.php\/wp-json\/wp\/v2\/product_tag?post=10791"}],"curies":[{"name":"wp","href":"https:\/\/api.w.org\/{rel}","templated":true}]}}