{"id":10888,"date":"2024-01-31T12:59:15","date_gmt":"2024-01-31T17:59:15","guid":{"rendered":"https:\/\/perfumeriaintercontinental.com\/?post_type=product&#038;p=10888"},"modified":"2025-02-28T16:45:23","modified_gmt":"2025-02-28T21:45:23","slug":"estuche-si-passione-giorgio-armani-edp-3-piezas-100ml-dama","status":"publish","type":"product","link":"https:\/\/perfumeriaintercontinental.com\/index.php\/producto\/estuche-si-passione-giorgio-armani-edp-3-piezas-100ml-dama\/","title":{"rendered":"Estuche Si Passione Giorgio Armani EDP 3 Piezas 100ml Dama"},"content":{"rendered":"<p><strong>S\u00ec Passione de Giorgio Armani<\/strong> es una fragancia de la familia olfativa Floral Frutal para Mujeres. <strong>S\u00ec Passione<\/strong> se lanz\u00f3 en 2017. <strong>S\u00ec Passione<\/strong> fue creada por Christine Nagel y Julie Masse. Las Notas de Salida son pera, grosellas negras, pimienta rosa y toronja (pomelo); las Notas de Coraz\u00f3n son pi\u00f1a, rosa, jazm\u00edn y heliotropo; las Notas de Fondo son vainilla, cedro, Amberwood y pachul\u00ed.<\/p>\n<p><strong>PERFUMES ORIGINALES<\/strong><br \/>\nTUS COMPRAS 100% PROTEGIDAS<\/p>\n","protected":false},"excerpt":{"rendered":"<p>PERFUMES DISE\u00d1ADOR<\/p>\n<p>INCLUYE:<br \/>\n&#8211; PERFUME EAU DE PARFUM 100ML<br \/>\n&#8211; PERFUMERO EAU DE PARFUM 15ML<br \/>\n&#8211; CREMA CORPORAL 75ML<\/p>\n","protected":false},"featured_media":10889,"comment_status":"open","ping_status":"closed","template":"","meta":{"_eb_attr":"","om_disable_all_campaigns":false,"_monsterinsights_skip_tracking":false,"_monsterinsights_sitenote_active":false,"_monsterinsights_sitenote_note":"","_monsterinsights_sitenote_category":0},"product_brand":[],"product_cat":[148,15,33,30],"product_tag":[],"class_list":{"0":"post-10888","1":"product","2":"type-product","3":"status-publish","4":"has-post-thumbnail","6":"product_cat-giorgio-armani","7":"product_cat-todos-los-productos","8":"product_cat-estuches-mujer","9":"product_cat-mujer","12":"first","13":"instock","14":"shipping-taxable","15":"purchasable","16":"product-type-simple"},"aioseo_notices":[],"_links":{"self":[{"href":"https:\/\/perfumeriaintercontinental.com\/index.php\/wp-json\/wp\/v2\/product\/10888","targetHints":{"allow":["GET"]}}],"collection":[{"href":"https:\/\/perfumeriaintercontinental.com\/index.php\/wp-json\/wp\/v2\/product"}],"about":[{"href":"https:\/\/perfumeriaintercontinental.com\/index.php\/wp-json\/wp\/v2\/types\/product"}],"replies":[{"embeddable":true,"href":"https:\/\/perfumeriaintercontinental.com\/index.php\/wp-json\/wp\/v2\/comments?post=10888"}],"version-history":[{"count":2,"href":"https:\/\/perfumeriaintercontinental.com\/index.php\/wp-json\/wp\/v2\/product\/10888\/revisions"}],"predecessor-version":[{"id":10891,"href":"https:\/\/perfumeriaintercontinental.com\/index.php\/wp-json\/wp\/v2\/product\/10888\/revisions\/10891"}],"wp:featuredmedia":[{"embeddable":true,"href":"https:\/\/perfumeriaintercontinental.com\/index.php\/wp-json\/wp\/v2\/media\/10889"}],"wp:attachment":[{"href":"https:\/\/perfumeriaintercontinental.com\/index.php\/wp-json\/wp\/v2\/media?parent=10888"}],"wp:term":[{"taxonomy":"product_brand","embeddable":true,"href":"https:\/\/perfumeriaintercontinental.com\/index.php\/wp-json\/wp\/v2\/product_brand?post=10888"},{"taxonomy":"product_cat","embeddable":true,"href":"https:\/\/perfumeriaintercontinental.com\/index.php\/wp-json\/wp\/v2\/product_cat?post=10888"},{"taxonomy":"product_tag","embeddable":true,"href":"https:\/\/perfumeriaintercontinental.com\/index.php\/wp-json\/wp\/v2\/product_tag?post=10888"}],"curies":[{"name":"wp","href":"https:\/\/api.w.org\/{rel}","templated":true}]}}