{"id":10954,"date":"2024-01-31T18:49:28","date_gmt":"2024-01-31T23:49:28","guid":{"rendered":"https:\/\/perfumeriaintercontinental.com\/?post_type=product&#038;p=10954"},"modified":"2025-03-08T16:29:11","modified_gmt":"2025-03-08T21:29:11","slug":"estuche-givenchy-linterdit-edp-3-piezas-80ml-dama","status":"publish","type":"product","link":"https:\/\/perfumeriaintercontinental.com\/index.php\/producto\/estuche-givenchy-linterdit-edp-3-piezas-80ml-dama\/","title":{"rendered":"Estuche Givenchy L\u00b4interdit EDP 3 Piezas 80ml Dama"},"content":{"rendered":"<p><strong>L\u2019Interdit Eau de Parfum de Givenchy<\/strong> es una fragancia de la familia olfativa \u00c1mbar Floral para Mujeres. L\u2019Interdit Eau de Parfum se lanz\u00f3 en 2018. <strong>L\u2019Interdit Eau de Parfum<\/strong> fue creada por Dominique Ropion, Anne Flipo y Fanny Bal. Las Notas de Salida son pera y bergamota; las Notas de Coraz\u00f3n son nardos, flor de azahar del naranjo y jazm\u00edn sambac (sampaguita); las Notas de Fondo son pachul\u00ed, vainilla, ambroxan y vetiver.<\/p>\n<p><strong>PERFUMES ORIGINALES<\/strong><br \/>\nTUS COMPRAS 100% PROTEGIDAS<\/p>\n","protected":false},"excerpt":{"rendered":"<p>PERUMES DISE\u00d1ADOR<\/p>\n","protected":false},"featured_media":10955,"comment_status":"open","ping_status":"closed","template":"","meta":{"_eb_attr":"","om_disable_all_campaigns":false,"_monsterinsights_skip_tracking":false,"_monsterinsights_sitenote_active":false,"_monsterinsights_sitenote_note":"","_monsterinsights_sitenote_category":0},"product_brand":[],"product_cat":[163,15,33,29],"product_tag":[],"class_list":{"0":"post-10954","1":"product","2":"type-product","3":"status-publish","4":"has-post-thumbnail","6":"product_cat-givenchy","7":"product_cat-todos-los-productos","8":"product_cat-estuches-mujer","9":"product_cat-hombre","12":"first","13":"instock","14":"shipping-taxable","15":"purchasable","16":"product-type-simple"},"aioseo_notices":[],"_links":{"self":[{"href":"https:\/\/perfumeriaintercontinental.com\/index.php\/wp-json\/wp\/v2\/product\/10954","targetHints":{"allow":["GET"]}}],"collection":[{"href":"https:\/\/perfumeriaintercontinental.com\/index.php\/wp-json\/wp\/v2\/product"}],"about":[{"href":"https:\/\/perfumeriaintercontinental.com\/index.php\/wp-json\/wp\/v2\/types\/product"}],"replies":[{"embeddable":true,"href":"https:\/\/perfumeriaintercontinental.com\/index.php\/wp-json\/wp\/v2\/comments?post=10954"}],"version-history":[{"count":2,"href":"https:\/\/perfumeriaintercontinental.com\/index.php\/wp-json\/wp\/v2\/product\/10954\/revisions"}],"predecessor-version":[{"id":10957,"href":"https:\/\/perfumeriaintercontinental.com\/index.php\/wp-json\/wp\/v2\/product\/10954\/revisions\/10957"}],"wp:featuredmedia":[{"embeddable":true,"href":"https:\/\/perfumeriaintercontinental.com\/index.php\/wp-json\/wp\/v2\/media\/10955"}],"wp:attachment":[{"href":"https:\/\/perfumeriaintercontinental.com\/index.php\/wp-json\/wp\/v2\/media?parent=10954"}],"wp:term":[{"taxonomy":"product_brand","embeddable":true,"href":"https:\/\/perfumeriaintercontinental.com\/index.php\/wp-json\/wp\/v2\/product_brand?post=10954"},{"taxonomy":"product_cat","embeddable":true,"href":"https:\/\/perfumeriaintercontinental.com\/index.php\/wp-json\/wp\/v2\/product_cat?post=10954"},{"taxonomy":"product_tag","embeddable":true,"href":"https:\/\/perfumeriaintercontinental.com\/index.php\/wp-json\/wp\/v2\/product_tag?post=10954"}],"curies":[{"name":"wp","href":"https:\/\/api.w.org\/{rel}","templated":true}]}}