{"id":11054,"date":"2024-02-02T12:22:09","date_gmt":"2024-02-02T17:22:09","guid":{"rendered":"https:\/\/perfumeriaintercontinental.com\/?post_type=product&#038;p=11054"},"modified":"2026-04-13T20:24:43","modified_gmt":"2026-04-14T01:24:43","slug":"givenchy-xeryus-rouge-eau-de-toilette-100ml-caballero","status":"publish","type":"product","link":"https:\/\/perfumeriaintercontinental.com\/index.php\/producto\/givenchy-xeryus-rouge-eau-de-toilette-100ml-caballero\/","title":{"rendered":"Givenchy Xeryus Rouge Eau de Toilette 100ml Caballero"},"content":{"rendered":"<blockquote><p><strong>Xeryus Rouge de Givenchy<\/strong> es una fragancia de la familia olfativa \u00c1mbar Foug\u00e8re para Hombres. <strong>Xeryus Rouge<\/strong> se lanz\u00f3 en 1995. La Nariz detr\u00e1s de esta fragancia es Annick Menardo. Las Notas de Salida son cactus, naranja china y estrag\u00f3n; las Notas de Coraz\u00f3n son pimiento morr\u00f3n, geranio africano y cedro; las Notas de Fondo son s\u00e1ndalo, cedro y almizcle blanco.<\/p><\/blockquote>\n<p><strong>PERFUMES ORIGINALES<\/strong><br \/>\nTUS COMPRAS 100% PROTEGIDAS<\/p>\n","protected":false},"excerpt":{"rendered":"<p>PERFUMES DISE\u00d1ADOR<\/p>\n","protected":false},"featured_media":11055,"comment_status":"open","ping_status":"closed","template":"","meta":{"_eb_attr":"","om_disable_all_campaigns":false,"_monsterinsights_skip_tracking":false,"_monsterinsights_sitenote_active":false,"_monsterinsights_sitenote_note":"","_monsterinsights_sitenote_category":0},"product_brand":[],"product_cat":[163,15,29],"product_tag":[],"class_list":{"0":"post-11054","1":"product","2":"type-product","3":"status-publish","4":"has-post-thumbnail","6":"product_cat-givenchy","7":"product_cat-todos-los-productos","8":"product_cat-hombre","11":"first","12":"outofstock","13":"shipping-taxable","14":"purchasable","15":"product-type-simple"},"aioseo_notices":[],"_links":{"self":[{"href":"https:\/\/perfumeriaintercontinental.com\/index.php\/wp-json\/wp\/v2\/product\/11054","targetHints":{"allow":["GET"]}}],"collection":[{"href":"https:\/\/perfumeriaintercontinental.com\/index.php\/wp-json\/wp\/v2\/product"}],"about":[{"href":"https:\/\/perfumeriaintercontinental.com\/index.php\/wp-json\/wp\/v2\/types\/product"}],"replies":[{"embeddable":true,"href":"https:\/\/perfumeriaintercontinental.com\/index.php\/wp-json\/wp\/v2\/comments?post=11054"}],"version-history":[{"count":2,"href":"https:\/\/perfumeriaintercontinental.com\/index.php\/wp-json\/wp\/v2\/product\/11054\/revisions"}],"predecessor-version":[{"id":16346,"href":"https:\/\/perfumeriaintercontinental.com\/index.php\/wp-json\/wp\/v2\/product\/11054\/revisions\/16346"}],"wp:featuredmedia":[{"embeddable":true,"href":"https:\/\/perfumeriaintercontinental.com\/index.php\/wp-json\/wp\/v2\/media\/11055"}],"wp:attachment":[{"href":"https:\/\/perfumeriaintercontinental.com\/index.php\/wp-json\/wp\/v2\/media?parent=11054"}],"wp:term":[{"taxonomy":"product_brand","embeddable":true,"href":"https:\/\/perfumeriaintercontinental.com\/index.php\/wp-json\/wp\/v2\/product_brand?post=11054"},{"taxonomy":"product_cat","embeddable":true,"href":"https:\/\/perfumeriaintercontinental.com\/index.php\/wp-json\/wp\/v2\/product_cat?post=11054"},{"taxonomy":"product_tag","embeddable":true,"href":"https:\/\/perfumeriaintercontinental.com\/index.php\/wp-json\/wp\/v2\/product_tag?post=11054"}],"curies":[{"name":"wp","href":"https:\/\/api.w.org\/{rel}","templated":true}]}}