{"id":11093,"date":"2024-02-03T11:05:36","date_gmt":"2024-02-03T16:05:36","guid":{"rendered":"https:\/\/perfumeriaintercontinental.com\/?post_type=product&#038;p=11093"},"modified":"2025-03-01T11:46:07","modified_gmt":"2025-03-01T16:46:07","slug":"estuche-guess-seductive-red-3-piezas-edt-100ml-caballero","status":"publish","type":"product","link":"https:\/\/perfumeriaintercontinental.com\/index.php\/producto\/estuche-guess-seductive-red-3-piezas-edt-100ml-caballero\/","title":{"rendered":"Estuche Guess Seductive Red 3 Piezas EDT 100ml Caballero"},"content":{"rendered":"<p><strong>Seductive Red de Guess<\/strong> es una fragancia de la familia olfativa Floral Frutal Gourmand para Mujeres. <strong>Seductive Red<\/strong> se lanz\u00f3 en 2021. Las Notas de Salida son cereza, almendra y pimienta rosa; las Notas de Coraz\u00f3n son flor del cerezo, violeta y magnolia; las Notas de Fondo son vainilla, haba tonka y s\u00e1ndalo.<\/p>\n<p><strong>PERFUMES ORIGINALES<\/strong><br \/>\nTUS COMPRAS 100% PROTEGIDAS<\/p>\n","protected":false},"excerpt":{"rendered":"<p>PERFUMES DISE\u00d1ADOR<\/p>\n<p>INCLUYE:<br \/>\n&#8211; PERFUME EAU DE TOILETTE x100ML<br \/>\n&#8211; GEL DE DUCHA<br \/>\n&#8211; AFTER SHAVE<\/p>\n","protected":false},"featured_media":11094,"comment_status":"open","ping_status":"closed","template":"","meta":{"_eb_attr":"","om_disable_all_campaigns":false,"_monsterinsights_skip_tracking":false,"_monsterinsights_sitenote_active":false,"_monsterinsights_sitenote_note":"","_monsterinsights_sitenote_category":0},"product_brand":[],"product_cat":[309,15,32,29],"product_tag":[],"class_list":{"0":"post-11093","1":"product","2":"type-product","3":"status-publish","4":"has-post-thumbnail","6":"product_cat-guess","7":"product_cat-todos-los-productos","8":"product_cat-estuches-hombre","9":"product_cat-hombre","12":"first","13":"instock","14":"shipping-taxable","15":"purchasable","16":"product-type-simple"},"aioseo_notices":[],"_links":{"self":[{"href":"https:\/\/perfumeriaintercontinental.com\/index.php\/wp-json\/wp\/v2\/product\/11093","targetHints":{"allow":["GET"]}}],"collection":[{"href":"https:\/\/perfumeriaintercontinental.com\/index.php\/wp-json\/wp\/v2\/product"}],"about":[{"href":"https:\/\/perfumeriaintercontinental.com\/index.php\/wp-json\/wp\/v2\/types\/product"}],"replies":[{"embeddable":true,"href":"https:\/\/perfumeriaintercontinental.com\/index.php\/wp-json\/wp\/v2\/comments?post=11093"}],"version-history":[{"count":2,"href":"https:\/\/perfumeriaintercontinental.com\/index.php\/wp-json\/wp\/v2\/product\/11093\/revisions"}],"predecessor-version":[{"id":14200,"href":"https:\/\/perfumeriaintercontinental.com\/index.php\/wp-json\/wp\/v2\/product\/11093\/revisions\/14200"}],"wp:featuredmedia":[{"embeddable":true,"href":"https:\/\/perfumeriaintercontinental.com\/index.php\/wp-json\/wp\/v2\/media\/11094"}],"wp:attachment":[{"href":"https:\/\/perfumeriaintercontinental.com\/index.php\/wp-json\/wp\/v2\/media?parent=11093"}],"wp:term":[{"taxonomy":"product_brand","embeddable":true,"href":"https:\/\/perfumeriaintercontinental.com\/index.php\/wp-json\/wp\/v2\/product_brand?post=11093"},{"taxonomy":"product_cat","embeddable":true,"href":"https:\/\/perfumeriaintercontinental.com\/index.php\/wp-json\/wp\/v2\/product_cat?post=11093"},{"taxonomy":"product_tag","embeddable":true,"href":"https:\/\/perfumeriaintercontinental.com\/index.php\/wp-json\/wp\/v2\/product_tag?post=11093"}],"curies":[{"name":"wp","href":"https:\/\/api.w.org\/{rel}","templated":true}]}}