{"id":11216,"date":"2024-02-04T16:55:15","date_gmt":"2024-02-04T21:55:15","guid":{"rendered":"https:\/\/perfumeriaintercontinental.com\/?post_type=product&#038;p=11216"},"modified":"2025-03-03T11:32:19","modified_gmt":"2025-03-03T16:32:19","slug":"maison-alhambra-candid-pour-homme-eau-de-parfum-100ml-caballero","status":"publish","type":"product","link":"https:\/\/perfumeriaintercontinental.com\/index.php\/producto\/maison-alhambra-candid-pour-homme-eau-de-parfum-100ml-caballero\/","title":{"rendered":"Maison Alhambra Candid Pour Homme Eau de Parfum 100ml Caballero"},"content":{"rendered":"<p>Notas altas: naranja sanguina, mandarina, salvia<\/p>\n<p>Notas de coraz\u00f3n: melocot\u00f3n, gardenia, jazm\u00edn, flor de naranjo, miel.<\/p>\n<p>Notas de fondo: caramelo, pachul\u00ed, cera de abejas y sal marina.<\/p>\n","protected":false},"excerpt":{"rendered":"<p>Notas altas: naranja sanguina, mandarina, salvia Notas de coraz\u00f3n: melocot\u00f3n, gardenia, jazm\u00edn, flor de naranjo, miel. Notas de fondo: caramelo, pachul\u00ed, cera de abejas y sal marina.<\/p>\n","protected":false},"featured_media":11217,"comment_status":"open","ping_status":"closed","template":"","meta":{"_eb_attr":"","om_disable_all_campaigns":false,"_monsterinsights_skip_tracking":false,"_monsterinsights_sitenote_active":false,"_monsterinsights_sitenote_note":"","_monsterinsights_sitenote_category":0},"product_brand":[],"product_cat":[154,211,15,29],"product_tag":[],"class_list":{"0":"post-11216","1":"product","2":"type-product","3":"status-publish","4":"has-post-thumbnail","6":"product_cat-maison-alhambra","7":"product_cat-perfumes-arabes","8":"product_cat-todos-los-productos","9":"product_cat-hombre","12":"first","13":"instock","14":"shipping-taxable","15":"purchasable","16":"product-type-simple"},"aioseo_notices":[],"_links":{"self":[{"href":"https:\/\/perfumeriaintercontinental.com\/index.php\/wp-json\/wp\/v2\/product\/11216","targetHints":{"allow":["GET"]}}],"collection":[{"href":"https:\/\/perfumeriaintercontinental.com\/index.php\/wp-json\/wp\/v2\/product"}],"about":[{"href":"https:\/\/perfumeriaintercontinental.com\/index.php\/wp-json\/wp\/v2\/types\/product"}],"replies":[{"embeddable":true,"href":"https:\/\/perfumeriaintercontinental.com\/index.php\/wp-json\/wp\/v2\/comments?post=11216"}],"version-history":[{"count":1,"href":"https:\/\/perfumeriaintercontinental.com\/index.php\/wp-json\/wp\/v2\/product\/11216\/revisions"}],"predecessor-version":[{"id":11218,"href":"https:\/\/perfumeriaintercontinental.com\/index.php\/wp-json\/wp\/v2\/product\/11216\/revisions\/11218"}],"wp:featuredmedia":[{"embeddable":true,"href":"https:\/\/perfumeriaintercontinental.com\/index.php\/wp-json\/wp\/v2\/media\/11217"}],"wp:attachment":[{"href":"https:\/\/perfumeriaintercontinental.com\/index.php\/wp-json\/wp\/v2\/media?parent=11216"}],"wp:term":[{"taxonomy":"product_brand","embeddable":true,"href":"https:\/\/perfumeriaintercontinental.com\/index.php\/wp-json\/wp\/v2\/product_brand?post=11216"},{"taxonomy":"product_cat","embeddable":true,"href":"https:\/\/perfumeriaintercontinental.com\/index.php\/wp-json\/wp\/v2\/product_cat?post=11216"},{"taxonomy":"product_tag","embeddable":true,"href":"https:\/\/perfumeriaintercontinental.com\/index.php\/wp-json\/wp\/v2\/product_tag?post=11216"}],"curies":[{"name":"wp","href":"https:\/\/api.w.org\/{rel}","templated":true}]}}