{"id":11318,"date":"2024-02-08T12:37:13","date_gmt":"2024-02-08T17:37:13","guid":{"rendered":"https:\/\/perfumeriaintercontinental.com\/?post_type=product&#038;p=11318"},"modified":"2025-03-01T13:59:05","modified_gmt":"2025-03-01T18:59:05","slug":"jennifer-lopez-miami-glow-eau-de-toilette-100ml-dama","status":"publish","type":"product","link":"https:\/\/perfumeriaintercontinental.com\/index.php\/producto\/jennifer-lopez-miami-glow-eau-de-toilette-100ml-dama\/","title":{"rendered":"Jennifer Lopez Miami Glow Eau de Toilette 100ml Dama"},"content":{"rendered":"<p><strong>Miami Glow de Jennifer Lopez<\/strong> es una fragancia de la familia olfativa Floral Frutal para Mujeres. <strong>Miami Glow<\/strong> se lanz\u00f3 en 2005. La Nariz detr\u00e1s de esta fragancia es Caroline Sabas. Las Notas de Salida son maracuy\u00e1 (fruta de la pasi\u00f3n), leche de coco y toronja (pomelo) rosada; las Notas de Coraz\u00f3n son flor de azahar del naranjo, ciclamen (violeta persa) y heliotropo; las Notas de Fondo son vainilla, almizcle y \u00e1mbar.<\/p>\n<p><strong>PERFUMES ORIGINALES<\/strong><br \/>\nTUS COMPRAS 100% PROTEGIDAS<\/p>\n","protected":false},"excerpt":{"rendered":"<p>PERFUMES DISE\u00d1ADOR<\/p>\n","protected":false},"featured_media":11319,"comment_status":"open","ping_status":"closed","template":"","meta":{"_eb_attr":"","om_disable_all_campaigns":false,"_monsterinsights_skip_tracking":false,"_monsterinsights_sitenote_active":false,"_monsterinsights_sitenote_note":"","_monsterinsights_sitenote_category":0},"product_brand":[],"product_cat":[316,15,30],"product_tag":[],"class_list":{"0":"post-11318","1":"product","2":"type-product","3":"status-publish","4":"has-post-thumbnail","6":"product_cat-jennifer-lopez","7":"product_cat-todos-los-productos","8":"product_cat-mujer","11":"first","12":"instock","13":"shipping-taxable","14":"purchasable","15":"product-type-simple"},"aioseo_notices":[],"_links":{"self":[{"href":"https:\/\/perfumeriaintercontinental.com\/index.php\/wp-json\/wp\/v2\/product\/11318","targetHints":{"allow":["GET"]}}],"collection":[{"href":"https:\/\/perfumeriaintercontinental.com\/index.php\/wp-json\/wp\/v2\/product"}],"about":[{"href":"https:\/\/perfumeriaintercontinental.com\/index.php\/wp-json\/wp\/v2\/types\/product"}],"replies":[{"embeddable":true,"href":"https:\/\/perfumeriaintercontinental.com\/index.php\/wp-json\/wp\/v2\/comments?post=11318"}],"version-history":[{"count":1,"href":"https:\/\/perfumeriaintercontinental.com\/index.php\/wp-json\/wp\/v2\/product\/11318\/revisions"}],"predecessor-version":[{"id":11320,"href":"https:\/\/perfumeriaintercontinental.com\/index.php\/wp-json\/wp\/v2\/product\/11318\/revisions\/11320"}],"wp:featuredmedia":[{"embeddable":true,"href":"https:\/\/perfumeriaintercontinental.com\/index.php\/wp-json\/wp\/v2\/media\/11319"}],"wp:attachment":[{"href":"https:\/\/perfumeriaintercontinental.com\/index.php\/wp-json\/wp\/v2\/media?parent=11318"}],"wp:term":[{"taxonomy":"product_brand","embeddable":true,"href":"https:\/\/perfumeriaintercontinental.com\/index.php\/wp-json\/wp\/v2\/product_brand?post=11318"},{"taxonomy":"product_cat","embeddable":true,"href":"https:\/\/perfumeriaintercontinental.com\/index.php\/wp-json\/wp\/v2\/product_cat?post=11318"},{"taxonomy":"product_tag","embeddable":true,"href":"https:\/\/perfumeriaintercontinental.com\/index.php\/wp-json\/wp\/v2\/product_tag?post=11318"}],"curies":[{"name":"wp","href":"https:\/\/api.w.org\/{rel}","templated":true}]}}