{"id":11355,"date":"2024-02-13T10:25:27","date_gmt":"2024-02-13T15:25:27","guid":{"rendered":"https:\/\/perfumeriaintercontinental.com\/?post_type=product&#038;p=11355"},"modified":"2025-03-01T14:41:45","modified_gmt":"2025-03-01T19:41:45","slug":"estuche-karl-lagerfeld-sun-moon-stars-edt-4-piezas-100ml-dama","status":"publish","type":"product","link":"https:\/\/perfumeriaintercontinental.com\/index.php\/producto\/estuche-karl-lagerfeld-sun-moon-stars-edt-4-piezas-100ml-dama\/","title":{"rendered":"Estuche Karl Lagerfeld Sun Moon Stars EDT 4 Piezas 100ml Dama"},"content":{"rendered":"<p><strong>Sun Moon Stars de Karl Lagerfeld<\/strong> es una fragancia de la familia olfativa \u00c1mbar Floral para Mujeres. <strong>Sun Moon Stars<\/strong> se lanz\u00f3 en 1994. La Nariz detr\u00e1s de esta fragrancia es Sophia Grojsman.<br \/>\nLas Notas de Salida son durazno (melocot\u00f3n), pi\u00f1a, nen\u00fafar (lirio de agua), fresia, rosa y bergamota; las Notas de Coraz\u00f3n son clavel, narciso, heliotropo, orqu\u00eddea, ra\u00edz de lirio, jazm\u00edn, flor de azahar del naranjo y lirio de los valles (muguete); las Notas de Fondo son vainilla, s\u00e1ndalo, \u00e1mbar, almizcle y cedro.<\/p>\n<p><strong>PERFUMES ORIGINALES<\/strong><br \/>\nTUS COMPRAS 100% PROTEGIDAS<\/p>\n","protected":false},"excerpt":{"rendered":"<p>PERFUMES DISE\u00d1ADOR<\/p>\n","protected":false},"featured_media":11356,"comment_status":"open","ping_status":"closed","template":"","meta":{"_eb_attr":"","om_disable_all_campaigns":false,"_monsterinsights_skip_tracking":false,"_monsterinsights_sitenote_active":false,"_monsterinsights_sitenote_note":"","_monsterinsights_sitenote_category":0},"product_brand":[],"product_cat":[320,15,33,29],"product_tag":[],"class_list":{"0":"post-11355","1":"product","2":"type-product","3":"status-publish","4":"has-post-thumbnail","6":"product_cat-karl-lagerfeld","7":"product_cat-todos-los-productos","8":"product_cat-estuches-mujer","9":"product_cat-hombre","12":"first","13":"instock","14":"shipping-taxable","15":"purchasable","16":"product-type-simple"},"aioseo_notices":[],"_links":{"self":[{"href":"https:\/\/perfumeriaintercontinental.com\/index.php\/wp-json\/wp\/v2\/product\/11355","targetHints":{"allow":["GET"]}}],"collection":[{"href":"https:\/\/perfumeriaintercontinental.com\/index.php\/wp-json\/wp\/v2\/product"}],"about":[{"href":"https:\/\/perfumeriaintercontinental.com\/index.php\/wp-json\/wp\/v2\/types\/product"}],"replies":[{"embeddable":true,"href":"https:\/\/perfumeriaintercontinental.com\/index.php\/wp-json\/wp\/v2\/comments?post=11355"}],"version-history":[{"count":3,"href":"https:\/\/perfumeriaintercontinental.com\/index.php\/wp-json\/wp\/v2\/product\/11355\/revisions"}],"predecessor-version":[{"id":14242,"href":"https:\/\/perfumeriaintercontinental.com\/index.php\/wp-json\/wp\/v2\/product\/11355\/revisions\/14242"}],"wp:featuredmedia":[{"embeddable":true,"href":"https:\/\/perfumeriaintercontinental.com\/index.php\/wp-json\/wp\/v2\/media\/11356"}],"wp:attachment":[{"href":"https:\/\/perfumeriaintercontinental.com\/index.php\/wp-json\/wp\/v2\/media?parent=11355"}],"wp:term":[{"taxonomy":"product_brand","embeddable":true,"href":"https:\/\/perfumeriaintercontinental.com\/index.php\/wp-json\/wp\/v2\/product_brand?post=11355"},{"taxonomy":"product_cat","embeddable":true,"href":"https:\/\/perfumeriaintercontinental.com\/index.php\/wp-json\/wp\/v2\/product_cat?post=11355"},{"taxonomy":"product_tag","embeddable":true,"href":"https:\/\/perfumeriaintercontinental.com\/index.php\/wp-json\/wp\/v2\/product_tag?post=11355"}],"curies":[{"name":"wp","href":"https:\/\/api.w.org\/{rel}","templated":true}]}}