{"id":11367,"date":"2024-02-13T10:57:15","date_gmt":"2024-02-13T15:57:15","guid":{"rendered":"https:\/\/perfumeriaintercontinental.com\/?post_type=product&#038;p=11367"},"modified":"2025-03-01T14:44:52","modified_gmt":"2025-03-01T19:44:52","slug":"katy-perrys-indi-visible-eau-de-parfum-100ml-dama","status":"publish","type":"product","link":"https:\/\/perfumeriaintercontinental.com\/index.php\/producto\/katy-perrys-indi-visible-eau-de-parfum-100ml-dama\/","title":{"rendered":"Katy Perry\u2019s Indi Visible Eau de Parfum 100ml Dama"},"content":{"rendered":"<p><strong>Katy Perry\u2019s Indi Visible de Katy Perry<\/strong> es una fragancia de la familia olfativa \u00c1mbar Floral para Mujeres. <strong>Katy Perry\u2019s Indi Visible<\/strong> se lanz\u00f3 en 2018. Las Notas de Salida son vainilla, ron, ciruela y pimienta rosa; las Notas de Coraz\u00f3n son coco, haba tonka y gardenia; las Notas de Fondo son almizcle, s\u00e1ndalo y pachul\u00ed.<\/p>\n<p><strong>PERFUMES ORIGINALES<\/strong><br \/>\nTUS COMPRAS 100% PROTEGIDAS<\/p>\n","protected":false},"excerpt":{"rendered":"<p>PERFUMES DISE\u00d1ADOR<\/p>\n","protected":false},"featured_media":11368,"comment_status":"open","ping_status":"closed","template":"","meta":{"_eb_attr":"","om_disable_all_campaigns":false,"_monsterinsights_skip_tracking":false,"_monsterinsights_sitenote_active":false,"_monsterinsights_sitenote_note":"","_monsterinsights_sitenote_category":0},"product_brand":[],"product_cat":[321,15,30],"product_tag":[],"class_list":{"0":"post-11367","1":"product","2":"type-product","3":"status-publish","4":"has-post-thumbnail","6":"product_cat-katy-perry","7":"product_cat-todos-los-productos","8":"product_cat-mujer","11":"first","12":"instock","13":"shipping-taxable","14":"purchasable","15":"product-type-simple"},"aioseo_notices":[],"_links":{"self":[{"href":"https:\/\/perfumeriaintercontinental.com\/index.php\/wp-json\/wp\/v2\/product\/11367","targetHints":{"allow":["GET"]}}],"collection":[{"href":"https:\/\/perfumeriaintercontinental.com\/index.php\/wp-json\/wp\/v2\/product"}],"about":[{"href":"https:\/\/perfumeriaintercontinental.com\/index.php\/wp-json\/wp\/v2\/types\/product"}],"replies":[{"embeddable":true,"href":"https:\/\/perfumeriaintercontinental.com\/index.php\/wp-json\/wp\/v2\/comments?post=11367"}],"version-history":[{"count":1,"href":"https:\/\/perfumeriaintercontinental.com\/index.php\/wp-json\/wp\/v2\/product\/11367\/revisions"}],"predecessor-version":[{"id":11369,"href":"https:\/\/perfumeriaintercontinental.com\/index.php\/wp-json\/wp\/v2\/product\/11367\/revisions\/11369"}],"wp:featuredmedia":[{"embeddable":true,"href":"https:\/\/perfumeriaintercontinental.com\/index.php\/wp-json\/wp\/v2\/media\/11368"}],"wp:attachment":[{"href":"https:\/\/perfumeriaintercontinental.com\/index.php\/wp-json\/wp\/v2\/media?parent=11367"}],"wp:term":[{"taxonomy":"product_brand","embeddable":true,"href":"https:\/\/perfumeriaintercontinental.com\/index.php\/wp-json\/wp\/v2\/product_brand?post=11367"},{"taxonomy":"product_cat","embeddable":true,"href":"https:\/\/perfumeriaintercontinental.com\/index.php\/wp-json\/wp\/v2\/product_cat?post=11367"},{"taxonomy":"product_tag","embeddable":true,"href":"https:\/\/perfumeriaintercontinental.com\/index.php\/wp-json\/wp\/v2\/product_tag?post=11367"}],"curies":[{"name":"wp","href":"https:\/\/api.w.org\/{rel}","templated":true}]}}