{"id":11474,"date":"2024-02-13T20:51:17","date_gmt":"2024-02-14T01:51:17","guid":{"rendered":"https:\/\/perfumeriaintercontinental.com\/?post_type=product&#038;p=11474"},"modified":"2025-03-03T10:58:44","modified_gmt":"2025-03-03T15:58:44","slug":"le-chameau-espada-prime-edp-100ml-caballero","status":"publish","type":"product","link":"https:\/\/perfumeriaintercontinental.com\/index.php\/producto\/le-chameau-espada-prime-edp-100ml-caballero\/","title":{"rendered":"Le Chameau Espada Prime EDP 100ml Caballero"},"content":{"rendered":"<p>La delicada uni\u00f3n de ingredientes inusuales da origen a la luminosa fragancia masculina Espada Prime. Espada Prime de Le Chameau es valiente y elegante, es suave y delicado.<\/p>\n<p>Notas de Cabeza: hierbas c\u00edtricas, rub\u00ed, mandarina, pomelo y menta. Notas de Coraz\u00f3n: floral especiado, absoluto de rosa, canela, especias. Notas de Fondo: madera, \u00e1mbar, cuero, pachul\u00ed, maderas blancas.<\/p>\n<p><strong>PERFUMES ORIGINALES<\/strong><br \/>\nTUS COMPRAS 100% PROTEGIDAS<\/p>\n","protected":false},"excerpt":{"rendered":"<p>PERFUMES \u00c1RABES<\/p>\n","protected":false},"featured_media":11475,"comment_status":"open","ping_status":"closed","template":"","meta":{"_eb_attr":"","om_disable_all_campaigns":false,"_monsterinsights_skip_tracking":false,"_monsterinsights_sitenote_active":false,"_monsterinsights_sitenote_note":"","_monsterinsights_sitenote_category":0},"product_brand":[],"product_cat":[327,211,15,29],"product_tag":[],"class_list":{"0":"post-11474","1":"product","2":"type-product","3":"status-publish","4":"has-post-thumbnail","6":"product_cat-le-chameau","7":"product_cat-perfumes-arabes","8":"product_cat-todos-los-productos","9":"product_cat-hombre","12":"first","13":"instock","14":"shipping-taxable","15":"purchasable","16":"product-type-simple"},"aioseo_notices":[],"_links":{"self":[{"href":"https:\/\/perfumeriaintercontinental.com\/index.php\/wp-json\/wp\/v2\/product\/11474","targetHints":{"allow":["GET"]}}],"collection":[{"href":"https:\/\/perfumeriaintercontinental.com\/index.php\/wp-json\/wp\/v2\/product"}],"about":[{"href":"https:\/\/perfumeriaintercontinental.com\/index.php\/wp-json\/wp\/v2\/types\/product"}],"replies":[{"embeddable":true,"href":"https:\/\/perfumeriaintercontinental.com\/index.php\/wp-json\/wp\/v2\/comments?post=11474"}],"version-history":[{"count":1,"href":"https:\/\/perfumeriaintercontinental.com\/index.php\/wp-json\/wp\/v2\/product\/11474\/revisions"}],"predecessor-version":[{"id":11476,"href":"https:\/\/perfumeriaintercontinental.com\/index.php\/wp-json\/wp\/v2\/product\/11474\/revisions\/11476"}],"wp:featuredmedia":[{"embeddable":true,"href":"https:\/\/perfumeriaintercontinental.com\/index.php\/wp-json\/wp\/v2\/media\/11475"}],"wp:attachment":[{"href":"https:\/\/perfumeriaintercontinental.com\/index.php\/wp-json\/wp\/v2\/media?parent=11474"}],"wp:term":[{"taxonomy":"product_brand","embeddable":true,"href":"https:\/\/perfumeriaintercontinental.com\/index.php\/wp-json\/wp\/v2\/product_brand?post=11474"},{"taxonomy":"product_cat","embeddable":true,"href":"https:\/\/perfumeriaintercontinental.com\/index.php\/wp-json\/wp\/v2\/product_cat?post=11474"},{"taxonomy":"product_tag","embeddable":true,"href":"https:\/\/perfumeriaintercontinental.com\/index.php\/wp-json\/wp\/v2\/product_tag?post=11474"}],"curies":[{"name":"wp","href":"https:\/\/api.w.org\/{rel}","templated":true}]}}