{"id":11559,"date":"2024-02-16T14:07:09","date_gmt":"2024-02-16T19:07:09","guid":{"rendered":"https:\/\/perfumeriaintercontinental.com\/?post_type=product&#038;p=11559"},"modified":"2025-03-01T12:15:38","modified_gmt":"2025-03-01T17:15:38","slug":"estuche-terre-dhermes-eau-intense-vetiver-edp-3-piezas-caballero","status":"publish","type":"product","link":"https:\/\/perfumeriaintercontinental.com\/index.php\/producto\/estuche-terre-dhermes-eau-intense-vetiver-edp-3-piezas-caballero\/","title":{"rendered":"Estuche Terre D\u00b4Hermes Eau Intense Vetiver EDP 3 Piezas Caballero"},"content":{"rendered":"<p><strong>Terre D\u2019Hermes Eau Intense Vetiver de Herm\u00e8s<\/strong> es una fragancia de la familia olfativa Amaderada Arom\u00e1tica para Hombres. <strong>Terre D\u2019Hermes Eau Intense Vetiver<\/strong> se lanz\u00f3 en 2018. La Nariz detr\u00e1s de esta fragrancia es Christine Nagel. Las Notas de Salida son bergamota, toronja (pomelo) y lim\u00f3n (lima \u00e1cida); las Notas de Coraz\u00f3n son pimienta de Sichuan y geranio; las Notas de Fondo son vetiver, incienso de ol\u00edbano (franquincienso), pachul\u00ed y Amberwood.<\/p>\n<p><strong>PERFUMES ORIGINALES<\/strong><br \/>\nTUS COMPRAS 100% PROTEGIDAS<\/p>\n","protected":false},"excerpt":{"rendered":"<p>PERFUMES DISE\u00d1ADOR<\/p>\n<p>INCLUYE:<br \/>\n&#8211; PERFUME EAU DE PARFUM 100ML<br \/>\n&#8211; GEL DE DUCHA 80ML<br \/>\n&#8211; AFTER SHAVE 40ML<\/p>\n","protected":false},"featured_media":11560,"comment_status":"open","ping_status":"closed","template":"","meta":{"_eb_attr":"","om_disable_all_campaigns":false,"_monsterinsights_skip_tracking":false,"_monsterinsights_sitenote_active":false,"_monsterinsights_sitenote_note":"","_monsterinsights_sitenote_category":0},"product_brand":[],"product_cat":[330,15,32,29],"product_tag":[],"class_list":{"0":"post-11559","1":"product","2":"type-product","3":"status-publish","4":"has-post-thumbnail","6":"product_cat-hermes","7":"product_cat-todos-los-productos","8":"product_cat-estuches-hombre","9":"product_cat-hombre","12":"first","13":"outofstock","14":"shipping-taxable","15":"purchasable","16":"product-type-simple"},"aioseo_notices":[],"_links":{"self":[{"href":"https:\/\/perfumeriaintercontinental.com\/index.php\/wp-json\/wp\/v2\/product\/11559","targetHints":{"allow":["GET"]}}],"collection":[{"href":"https:\/\/perfumeriaintercontinental.com\/index.php\/wp-json\/wp\/v2\/product"}],"about":[{"href":"https:\/\/perfumeriaintercontinental.com\/index.php\/wp-json\/wp\/v2\/types\/product"}],"replies":[{"embeddable":true,"href":"https:\/\/perfumeriaintercontinental.com\/index.php\/wp-json\/wp\/v2\/comments?post=11559"}],"version-history":[{"count":3,"href":"https:\/\/perfumeriaintercontinental.com\/index.php\/wp-json\/wp\/v2\/product\/11559\/revisions"}],"predecessor-version":[{"id":14210,"href":"https:\/\/perfumeriaintercontinental.com\/index.php\/wp-json\/wp\/v2\/product\/11559\/revisions\/14210"}],"wp:featuredmedia":[{"embeddable":true,"href":"https:\/\/perfumeriaintercontinental.com\/index.php\/wp-json\/wp\/v2\/media\/11560"}],"wp:attachment":[{"href":"https:\/\/perfumeriaintercontinental.com\/index.php\/wp-json\/wp\/v2\/media?parent=11559"}],"wp:term":[{"taxonomy":"product_brand","embeddable":true,"href":"https:\/\/perfumeriaintercontinental.com\/index.php\/wp-json\/wp\/v2\/product_brand?post=11559"},{"taxonomy":"product_cat","embeddable":true,"href":"https:\/\/perfumeriaintercontinental.com\/index.php\/wp-json\/wp\/v2\/product_cat?post=11559"},{"taxonomy":"product_tag","embeddable":true,"href":"https:\/\/perfumeriaintercontinental.com\/index.php\/wp-json\/wp\/v2\/product_tag?post=11559"}],"curies":[{"name":"wp","href":"https:\/\/api.w.org\/{rel}","templated":true}]}}