{"id":11925,"date":"2024-02-21T16:13:07","date_gmt":"2024-02-21T21:13:07","guid":{"rendered":"https:\/\/perfumeriaintercontinental.com\/?post_type=product&#038;p=11925"},"modified":"2025-03-01T13:40:10","modified_gmt":"2025-03-01T18:40:10","slug":"issey-miyake-leau-dissey-pour-homme-by-kevin-lucbert-125ml-edt-caballero","status":"publish","type":"product","link":"https:\/\/perfumeriaintercontinental.com\/index.php\/producto\/issey-miyake-leau-dissey-pour-homme-by-kevin-lucbert-125ml-edt-caballero\/","title":{"rendered":"Issey Miyake L\u00b4eau D\u00b4issey Pour Homme by Kevin Lucbert 125ml EDT Caballero"},"content":{"rendered":"<p><strong>L\u2019Eau d\u2019Issey Pour Homme Summer Edition by Kevin Lucbert de Issey Miyake<\/strong> es una fragancia de la familia olfativa para Hombres. Esta fragrancia es nueva. <strong>L\u2019Eau d\u2019Issey Pour Homme Summer Edition by Kevin Lucbert<\/strong> se lanz\u00f3 en 2022. <strong>L\u2019Eau d\u2019Issey Pour Homme Summer Edition by Kevin Lucbert<\/strong> fue creada por Dora Baghriche, Marie Salamagne y Daphn\u00e9 Bugey. Las Notas de Salida son notas acuosas, bergamota y lim\u00f3n (lima \u00e1cida); las Notas de Coraz\u00f3n son eucalipto, jazm\u00edn y albahaca; las Notas de Fondo son cipr\u00e9s, pino, abeto bals\u00e1mico y cedro.<\/p>\n<p><strong>PERFUMES ORIGINALES<\/strong><br \/>\nTUS COMPRAS 100% PROTEGIDAS<\/p>\n","protected":false},"excerpt":{"rendered":"<p>PERFUMES DISE\u00d1ADOR<\/p>\n","protected":false},"featured_media":11926,"comment_status":"open","ping_status":"closed","template":"","meta":{"_eb_attr":"","om_disable_all_campaigns":false,"_monsterinsights_skip_tracking":false,"_monsterinsights_sitenote_active":false,"_monsterinsights_sitenote_note":"","_monsterinsights_sitenote_category":0},"product_brand":[],"product_cat":[161,15,29],"product_tag":[],"class_list":{"0":"post-11925","1":"product","2":"type-product","3":"status-publish","4":"has-post-thumbnail","6":"product_cat-issey-miyake","7":"product_cat-todos-los-productos","8":"product_cat-hombre","11":"first","12":"instock","13":"shipping-taxable","14":"purchasable","15":"product-type-simple"},"aioseo_notices":[],"_links":{"self":[{"href":"https:\/\/perfumeriaintercontinental.com\/index.php\/wp-json\/wp\/v2\/product\/11925","targetHints":{"allow":["GET"]}}],"collection":[{"href":"https:\/\/perfumeriaintercontinental.com\/index.php\/wp-json\/wp\/v2\/product"}],"about":[{"href":"https:\/\/perfumeriaintercontinental.com\/index.php\/wp-json\/wp\/v2\/types\/product"}],"replies":[{"embeddable":true,"href":"https:\/\/perfumeriaintercontinental.com\/index.php\/wp-json\/wp\/v2\/comments?post=11925"}],"version-history":[{"count":1,"href":"https:\/\/perfumeriaintercontinental.com\/index.php\/wp-json\/wp\/v2\/product\/11925\/revisions"}],"predecessor-version":[{"id":11927,"href":"https:\/\/perfumeriaintercontinental.com\/index.php\/wp-json\/wp\/v2\/product\/11925\/revisions\/11927"}],"wp:featuredmedia":[{"embeddable":true,"href":"https:\/\/perfumeriaintercontinental.com\/index.php\/wp-json\/wp\/v2\/media\/11926"}],"wp:attachment":[{"href":"https:\/\/perfumeriaintercontinental.com\/index.php\/wp-json\/wp\/v2\/media?parent=11925"}],"wp:term":[{"taxonomy":"product_brand","embeddable":true,"href":"https:\/\/perfumeriaintercontinental.com\/index.php\/wp-json\/wp\/v2\/product_brand?post=11925"},{"taxonomy":"product_cat","embeddable":true,"href":"https:\/\/perfumeriaintercontinental.com\/index.php\/wp-json\/wp\/v2\/product_cat?post=11925"},{"taxonomy":"product_tag","embeddable":true,"href":"https:\/\/perfumeriaintercontinental.com\/index.php\/wp-json\/wp\/v2\/product_tag?post=11925"}],"curies":[{"name":"wp","href":"https:\/\/api.w.org\/{rel}","templated":true}]}}