{"id":11972,"date":"2024-02-24T22:06:57","date_gmt":"2024-02-25T03:06:57","guid":{"rendered":"https:\/\/perfumeriaintercontinental.com\/?post_type=product&#038;p=11972"},"modified":"2025-03-01T13:36:31","modified_gmt":"2025-03-01T18:36:31","slug":"issey-miyake-leau-dissey-pour-homme-eau-de-toilette-200ml-caballero","status":"publish","type":"product","link":"https:\/\/perfumeriaintercontinental.com\/index.php\/producto\/issey-miyake-leau-dissey-pour-homme-eau-de-toilette-200ml-caballero\/","title":{"rendered":"Issey Miyake L\u2019Eau D\u2019Issey Pour Homme Eau de Toilette 200ml Caballero"},"content":{"rendered":"<p><strong>L\u2019Eau d\u2019Issey Pour Homme de Issey Miyake<\/strong> es una fragancia de la familia olfativa Amaderada Acu\u00e1tica para Hombres. <strong>L\u2019Eau d\u2019Issey Pour Homme<\/strong> se lanz\u00f3 en 1994. La Nariz detr\u00e1s de esta fragancia es Jacques Cavallier.<br \/>\nLas Notas de Salida son yuzu, lim\u00f3n (lima \u00e1cida), bergamota, cedr\u00f3n (hierba luisa, verbena de olor), mandarina, cipr\u00e9s, calone, cilantro, estrag\u00f3n y salvia; las Notas de Coraz\u00f3n son flor de loto azul, nuez moscada, lirio de los valles (muguete), azafr\u00e1n, canela de Ceylan, geranio bourbon y reseda (mi\u00f1oneta); las Notas de Fondo son vetiver de Tahit\u00ed, almizcle, cedro, s\u00e1ndalo, tbc y \u00e1mbar.<\/p>\n<p><strong>PERFUMES ORIGINALES<\/strong><br \/>\nTUS COMPRAS 100% PROTEGIDAS<\/p>\n","protected":false},"excerpt":{"rendered":"<p>PERFUMES DISE\u00d1ADOR<\/p>\n","protected":false},"featured_media":11974,"comment_status":"open","ping_status":"closed","template":"","meta":{"_eb_attr":"","om_disable_all_campaigns":false,"_monsterinsights_skip_tracking":false,"_monsterinsights_sitenote_active":false,"_monsterinsights_sitenote_note":"","_monsterinsights_sitenote_category":0},"product_brand":[],"product_cat":[161,15,29],"product_tag":[],"class_list":{"0":"post-11972","1":"product","2":"type-product","3":"status-publish","4":"has-post-thumbnail","6":"product_cat-issey-miyake","7":"product_cat-todos-los-productos","8":"product_cat-hombre","11":"first","12":"instock","13":"shipping-taxable","14":"purchasable","15":"product-type-simple"},"aioseo_notices":[],"_links":{"self":[{"href":"https:\/\/perfumeriaintercontinental.com\/index.php\/wp-json\/wp\/v2\/product\/11972","targetHints":{"allow":["GET"]}}],"collection":[{"href":"https:\/\/perfumeriaintercontinental.com\/index.php\/wp-json\/wp\/v2\/product"}],"about":[{"href":"https:\/\/perfumeriaintercontinental.com\/index.php\/wp-json\/wp\/v2\/types\/product"}],"replies":[{"embeddable":true,"href":"https:\/\/perfumeriaintercontinental.com\/index.php\/wp-json\/wp\/v2\/comments?post=11972"}],"version-history":[{"count":4,"href":"https:\/\/perfumeriaintercontinental.com\/index.php\/wp-json\/wp\/v2\/product\/11972\/revisions"}],"predecessor-version":[{"id":14223,"href":"https:\/\/perfumeriaintercontinental.com\/index.php\/wp-json\/wp\/v2\/product\/11972\/revisions\/14223"}],"wp:featuredmedia":[{"embeddable":true,"href":"https:\/\/perfumeriaintercontinental.com\/index.php\/wp-json\/wp\/v2\/media\/11974"}],"wp:attachment":[{"href":"https:\/\/perfumeriaintercontinental.com\/index.php\/wp-json\/wp\/v2\/media?parent=11972"}],"wp:term":[{"taxonomy":"product_brand","embeddable":true,"href":"https:\/\/perfumeriaintercontinental.com\/index.php\/wp-json\/wp\/v2\/product_brand?post=11972"},{"taxonomy":"product_cat","embeddable":true,"href":"https:\/\/perfumeriaintercontinental.com\/index.php\/wp-json\/wp\/v2\/product_cat?post=11972"},{"taxonomy":"product_tag","embeddable":true,"href":"https:\/\/perfumeriaintercontinental.com\/index.php\/wp-json\/wp\/v2\/product_tag?post=11972"}],"curies":[{"name":"wp","href":"https:\/\/api.w.org\/{rel}","templated":true}]}}