{"id":12005,"date":"2024-02-27T15:03:54","date_gmt":"2024-02-27T20:03:54","guid":{"rendered":"https:\/\/perfumeriaintercontinental.com\/?post_type=product&#038;p=12005"},"modified":"2025-03-08T16:31:15","modified_gmt":"2025-03-08T21:31:15","slug":"estuche-jean-paul-gaultier-scandal-edp-3-piezas-80ml-dama","status":"publish","type":"product","link":"https:\/\/perfumeriaintercontinental.com\/index.php\/producto\/estuche-jean-paul-gaultier-scandal-edp-3-piezas-80ml-dama\/","title":{"rendered":"Estuche Jean Paul Gaultier Scandal EDP 3 Piezas 80ml Dama"},"content":{"rendered":"<p><strong>Scandal de Jean Paul Gaultier<\/strong> es una fragancia de la familia olfativa Chipre Floral para Mujeres. <strong>Scandal<\/strong> se lanz\u00f3 en 2017. <strong>Scandal<\/strong> fue creada por Daphn\u00e9 Bugey, Fabrice Pellegrin y Christophe Raynaud. Las Notas de Salida son naranja sanguina y mandarina; las Notas de Coraz\u00f3n son miel, gardenia, flor de azahar del naranjo, jazm\u00edn y durazno (melocot\u00f3n); las Notas de Fondo son cera de abeja, caramelo, pachul\u00ed y regaliz.<\/p>\n<p><strong>PERFUMES ORIGINALES<\/strong><br \/>\nTUS COMPRAS 100% PROTEGIDAS<\/p>\n","protected":false},"excerpt":{"rendered":"<p>PERFUMES DISE\u00d1ADOR<\/p>\n<p>INCLUYE:<\/p>\n<p>&#8211; PERFUME 80ML EAU DE PARFUM<br \/>\n&#8211; PERFUMERO EAU DE PARFUM 6ML<br \/>\n&#8211; LOCI\u00d3N PERFUMADA PARA EL CUERPO 75ML<\/p>\n","protected":false},"featured_media":12006,"comment_status":"open","ping_status":"closed","template":"","meta":{"_eb_attr":"","om_disable_all_campaigns":false,"_monsterinsights_skip_tracking":false,"_monsterinsights_sitenote_active":false,"_monsterinsights_sitenote_note":"","_monsterinsights_sitenote_category":0},"product_brand":[],"product_cat":[150,15,33,30],"product_tag":[],"class_list":{"0":"post-12005","1":"product","2":"type-product","3":"status-publish","4":"has-post-thumbnail","6":"product_cat-jean-paul-gaultier","7":"product_cat-todos-los-productos","8":"product_cat-estuches-mujer","9":"product_cat-mujer","12":"first","13":"instock","14":"shipping-taxable","15":"purchasable","16":"product-type-simple"},"aioseo_notices":[],"_links":{"self":[{"href":"https:\/\/perfumeriaintercontinental.com\/index.php\/wp-json\/wp\/v2\/product\/12005","targetHints":{"allow":["GET"]}}],"collection":[{"href":"https:\/\/perfumeriaintercontinental.com\/index.php\/wp-json\/wp\/v2\/product"}],"about":[{"href":"https:\/\/perfumeriaintercontinental.com\/index.php\/wp-json\/wp\/v2\/types\/product"}],"replies":[{"embeddable":true,"href":"https:\/\/perfumeriaintercontinental.com\/index.php\/wp-json\/wp\/v2\/comments?post=12005"}],"version-history":[{"count":2,"href":"https:\/\/perfumeriaintercontinental.com\/index.php\/wp-json\/wp\/v2\/product\/12005\/revisions"}],"predecessor-version":[{"id":15006,"href":"https:\/\/perfumeriaintercontinental.com\/index.php\/wp-json\/wp\/v2\/product\/12005\/revisions\/15006"}],"wp:featuredmedia":[{"embeddable":true,"href":"https:\/\/perfumeriaintercontinental.com\/index.php\/wp-json\/wp\/v2\/media\/12006"}],"wp:attachment":[{"href":"https:\/\/perfumeriaintercontinental.com\/index.php\/wp-json\/wp\/v2\/media?parent=12005"}],"wp:term":[{"taxonomy":"product_brand","embeddable":true,"href":"https:\/\/perfumeriaintercontinental.com\/index.php\/wp-json\/wp\/v2\/product_brand?post=12005"},{"taxonomy":"product_cat","embeddable":true,"href":"https:\/\/perfumeriaintercontinental.com\/index.php\/wp-json\/wp\/v2\/product_cat?post=12005"},{"taxonomy":"product_tag","embeddable":true,"href":"https:\/\/perfumeriaintercontinental.com\/index.php\/wp-json\/wp\/v2\/product_tag?post=12005"}],"curies":[{"name":"wp","href":"https:\/\/api.w.org\/{rel}","templated":true}]}}