{"id":12040,"date":"2024-02-27T16:35:05","date_gmt":"2024-02-27T21:35:05","guid":{"rendered":"https:\/\/perfumeriaintercontinental.com\/?post_type=product&#038;p=12040"},"modified":"2025-03-01T13:55:56","modified_gmt":"2025-03-01T18:55:56","slug":"jean-paul-gaultier-le-maxi-male-eau-de-toilette-200ml-caballero","status":"publish","type":"product","link":"https:\/\/perfumeriaintercontinental.com\/index.php\/producto\/jean-paul-gaultier-le-maxi-male-eau-de-toilette-200ml-caballero\/","title":{"rendered":"Jean Paul Gaultier Le Maxi Male Eau de Toilette 200ml Caballero"},"content":{"rendered":"<p><strong>Le Male de Jean Paul Gaultier<\/strong> es una fragancia de la familia olfativa \u00c1mbar Foug\u00e8re para Hombres. <strong>Le Male<\/strong> se lanz\u00f3 en 1995. La Nariz detr\u00e1s de esta fragancia es Francis Kurkdjian. Las Notas de Salida son lavanda, menta, cardamomo, bergamota y abr\u00f3tano; las Notas de Coraz\u00f3n son canela, flor de azahar del naranjo y alcaravea; las Notas de Fondo son vainilla, haba tonka, \u00e1mbar, s\u00e1ndalo y cedro.<\/p>\n<p><strong>PERFUMES ORIGINALES<\/strong><br \/>\nTUS COMPRAS 100% PROTEGIDAS<\/p>\n","protected":false},"excerpt":{"rendered":"<p>PERFUMES DISE\u00d1ADOR<\/p>\n","protected":false},"featured_media":12041,"comment_status":"open","ping_status":"closed","template":"","meta":{"_eb_attr":"","om_disable_all_campaigns":false,"_monsterinsights_skip_tracking":false,"_monsterinsights_sitenote_active":false,"_monsterinsights_sitenote_note":"","_monsterinsights_sitenote_category":0},"product_brand":[],"product_cat":[150,15,29],"product_tag":[],"class_list":{"0":"post-12040","1":"product","2":"type-product","3":"status-publish","4":"has-post-thumbnail","6":"product_cat-jean-paul-gaultier","7":"product_cat-todos-los-productos","8":"product_cat-hombre","11":"first","12":"instock","13":"shipping-taxable","14":"purchasable","15":"product-type-simple"},"aioseo_notices":[],"_links":{"self":[{"href":"https:\/\/perfumeriaintercontinental.com\/index.php\/wp-json\/wp\/v2\/product\/12040","targetHints":{"allow":["GET"]}}],"collection":[{"href":"https:\/\/perfumeriaintercontinental.com\/index.php\/wp-json\/wp\/v2\/product"}],"about":[{"href":"https:\/\/perfumeriaintercontinental.com\/index.php\/wp-json\/wp\/v2\/types\/product"}],"replies":[{"embeddable":true,"href":"https:\/\/perfumeriaintercontinental.com\/index.php\/wp-json\/wp\/v2\/comments?post=12040"}],"version-history":[{"count":1,"href":"https:\/\/perfumeriaintercontinental.com\/index.php\/wp-json\/wp\/v2\/product\/12040\/revisions"}],"predecessor-version":[{"id":12042,"href":"https:\/\/perfumeriaintercontinental.com\/index.php\/wp-json\/wp\/v2\/product\/12040\/revisions\/12042"}],"wp:featuredmedia":[{"embeddable":true,"href":"https:\/\/perfumeriaintercontinental.com\/index.php\/wp-json\/wp\/v2\/media\/12041"}],"wp:attachment":[{"href":"https:\/\/perfumeriaintercontinental.com\/index.php\/wp-json\/wp\/v2\/media?parent=12040"}],"wp:term":[{"taxonomy":"product_brand","embeddable":true,"href":"https:\/\/perfumeriaintercontinental.com\/index.php\/wp-json\/wp\/v2\/product_brand?post=12040"},{"taxonomy":"product_cat","embeddable":true,"href":"https:\/\/perfumeriaintercontinental.com\/index.php\/wp-json\/wp\/v2\/product_cat?post=12040"},{"taxonomy":"product_tag","embeddable":true,"href":"https:\/\/perfumeriaintercontinental.com\/index.php\/wp-json\/wp\/v2\/product_tag?post=12040"}],"curies":[{"name":"wp","href":"https:\/\/api.w.org\/{rel}","templated":true}]}}