{"id":12084,"date":"2024-02-27T19:36:52","date_gmt":"2024-02-28T00:36:52","guid":{"rendered":"https:\/\/perfumeriaintercontinental.com\/?post_type=product&#038;p=12084"},"modified":"2025-10-04T14:37:21","modified_gmt":"2025-10-04T19:37:21","slug":"jean-paul-gaultier-scandal-by-night-edp-intense-80ml-dama","status":"publish","type":"product","link":"https:\/\/perfumeriaintercontinental.com\/index.php\/producto\/jean-paul-gaultier-scandal-by-night-edp-intense-80ml-dama\/","title":{"rendered":"Jean Paul Gaultier Scandal By Night EDP Intense 80ml Dama"},"content":{"rendered":"<p><strong>Scandal By Night de Jean Paul Gaultier<\/strong> es una fragancia de la familia olfativa \u00c1mbar Floral para Mujeres. Esta fragancia es nueva. <strong>Scandal By Night<\/strong> se lanz\u00f3 en 2018. La Nariz detr\u00e1s de esta fragancia es Daphne Bugey. Las Notas de Salida son miel, naranja amarga y c\u00edtricos; las Notas de Coraz\u00f3n son cereza, nardos, flor de azahar del naranjo, pera y nardo \u00edndico; las Notas de Fondo son haba tonka, vainilla, pachul\u00ed, s\u00e1ndalo, Amberwood y almizcle blanco.<\/p>\n<p><strong>PERFUMES ORIGINALES<\/strong><br \/>\nTUS COMPRAS 100% PROTEGIDAS<\/p>\n","protected":false},"excerpt":{"rendered":"<p>PERFUMES DISE\u00d1ADOR<\/p>\n","protected":false},"featured_media":12085,"comment_status":"open","ping_status":"closed","template":"","meta":{"_eb_attr":"","om_disable_all_campaigns":false,"_monsterinsights_skip_tracking":false,"_monsterinsights_sitenote_active":false,"_monsterinsights_sitenote_note":"","_monsterinsights_sitenote_category":0},"product_brand":[],"product_cat":[150,15,30],"product_tag":[],"class_list":{"0":"post-12084","1":"product","2":"type-product","3":"status-publish","4":"has-post-thumbnail","6":"product_cat-jean-paul-gaultier","7":"product_cat-todos-los-productos","8":"product_cat-mujer","11":"first","12":"instock","13":"sale","14":"shipping-taxable","15":"purchasable","16":"product-type-simple"},"aioseo_notices":[],"_links":{"self":[{"href":"https:\/\/perfumeriaintercontinental.com\/index.php\/wp-json\/wp\/v2\/product\/12084","targetHints":{"allow":["GET"]}}],"collection":[{"href":"https:\/\/perfumeriaintercontinental.com\/index.php\/wp-json\/wp\/v2\/product"}],"about":[{"href":"https:\/\/perfumeriaintercontinental.com\/index.php\/wp-json\/wp\/v2\/types\/product"}],"replies":[{"embeddable":true,"href":"https:\/\/perfumeriaintercontinental.com\/index.php\/wp-json\/wp\/v2\/comments?post=12084"}],"version-history":[{"count":1,"href":"https:\/\/perfumeriaintercontinental.com\/index.php\/wp-json\/wp\/v2\/product\/12084\/revisions"}],"predecessor-version":[{"id":12086,"href":"https:\/\/perfumeriaintercontinental.com\/index.php\/wp-json\/wp\/v2\/product\/12084\/revisions\/12086"}],"wp:featuredmedia":[{"embeddable":true,"href":"https:\/\/perfumeriaintercontinental.com\/index.php\/wp-json\/wp\/v2\/media\/12085"}],"wp:attachment":[{"href":"https:\/\/perfumeriaintercontinental.com\/index.php\/wp-json\/wp\/v2\/media?parent=12084"}],"wp:term":[{"taxonomy":"product_brand","embeddable":true,"href":"https:\/\/perfumeriaintercontinental.com\/index.php\/wp-json\/wp\/v2\/product_brand?post=12084"},{"taxonomy":"product_cat","embeddable":true,"href":"https:\/\/perfumeriaintercontinental.com\/index.php\/wp-json\/wp\/v2\/product_cat?post=12084"},{"taxonomy":"product_tag","embeddable":true,"href":"https:\/\/perfumeriaintercontinental.com\/index.php\/wp-json\/wp\/v2\/product_tag?post=12084"}],"curies":[{"name":"wp","href":"https:\/\/api.w.org\/{rel}","templated":true}]}}