{"id":12097,"date":"2024-02-27T19:55:50","date_gmt":"2024-02-28T00:55:50","guid":{"rendered":"https:\/\/perfumeriaintercontinental.com\/?post_type=product&#038;p=12097"},"modified":"2025-10-04T14:33:52","modified_gmt":"2025-10-04T19:33:52","slug":"jean-paul-gaultier-ultra-male-eau-de-toilette-125ml-caballero","status":"publish","type":"product","link":"https:\/\/perfumeriaintercontinental.com\/index.php\/producto\/jean-paul-gaultier-ultra-male-eau-de-toilette-125ml-caballero\/","title":{"rendered":"Jean Paul Gaultier Ultra Male Eau de Toilette 125ml Caballero"},"content":{"rendered":"<p><strong>Ultra Male de Jean Paul Gaultier<\/strong> es una fragancia de la familia olfativa \u00c1mbar Foug\u00e8re para Hombres. <strong>Ultra Male<\/strong> se lanz\u00f3 en 2015. La Nariz detr\u00e1s de esta fragrancia es Francis Kurkdjian. Las Notas de Salida son pera, lavanda, menta, bergamota y lim\u00f3n (lima \u00e1cida); las Notas de Coraz\u00f3n son canela, esclarea y alcaravea; las Notas de Fondo son vaina de vainilla negra, \u00e1mbar, pachul\u00ed y cedro.<\/p>\n<p><strong>PERFUMES ORIGINALES<\/strong><br \/>\nTUS COMPRAS 100% PROTEGIDAS<\/p>\n","protected":false},"excerpt":{"rendered":"<p>PERFUMES DISE\u00d1ADOR<\/p>\n","protected":false},"featured_media":12098,"comment_status":"open","ping_status":"closed","template":"","meta":{"_eb_attr":"","om_disable_all_campaigns":false,"_monsterinsights_skip_tracking":false,"_monsterinsights_sitenote_active":false,"_monsterinsights_sitenote_note":"","_monsterinsights_sitenote_category":0},"product_brand":[],"product_cat":[150,15,29],"product_tag":[],"class_list":{"0":"post-12097","1":"product","2":"type-product","3":"status-publish","4":"has-post-thumbnail","6":"product_cat-jean-paul-gaultier","7":"product_cat-todos-los-productos","8":"product_cat-hombre","11":"first","12":"instock","13":"sale","14":"shipping-taxable","15":"purchasable","16":"product-type-simple"},"aioseo_notices":[],"_links":{"self":[{"href":"https:\/\/perfumeriaintercontinental.com\/index.php\/wp-json\/wp\/v2\/product\/12097","targetHints":{"allow":["GET"]}}],"collection":[{"href":"https:\/\/perfumeriaintercontinental.com\/index.php\/wp-json\/wp\/v2\/product"}],"about":[{"href":"https:\/\/perfumeriaintercontinental.com\/index.php\/wp-json\/wp\/v2\/types\/product"}],"replies":[{"embeddable":true,"href":"https:\/\/perfumeriaintercontinental.com\/index.php\/wp-json\/wp\/v2\/comments?post=12097"}],"version-history":[{"count":1,"href":"https:\/\/perfumeriaintercontinental.com\/index.php\/wp-json\/wp\/v2\/product\/12097\/revisions"}],"predecessor-version":[{"id":12099,"href":"https:\/\/perfumeriaintercontinental.com\/index.php\/wp-json\/wp\/v2\/product\/12097\/revisions\/12099"}],"wp:featuredmedia":[{"embeddable":true,"href":"https:\/\/perfumeriaintercontinental.com\/index.php\/wp-json\/wp\/v2\/media\/12098"}],"wp:attachment":[{"href":"https:\/\/perfumeriaintercontinental.com\/index.php\/wp-json\/wp\/v2\/media?parent=12097"}],"wp:term":[{"taxonomy":"product_brand","embeddable":true,"href":"https:\/\/perfumeriaintercontinental.com\/index.php\/wp-json\/wp\/v2\/product_brand?post=12097"},{"taxonomy":"product_cat","embeddable":true,"href":"https:\/\/perfumeriaintercontinental.com\/index.php\/wp-json\/wp\/v2\/product_cat?post=12097"},{"taxonomy":"product_tag","embeddable":true,"href":"https:\/\/perfumeriaintercontinental.com\/index.php\/wp-json\/wp\/v2\/product_tag?post=12097"}],"curies":[{"name":"wp","href":"https:\/\/api.w.org\/{rel}","templated":true}]}}