{"id":12137,"date":"2024-03-02T13:51:19","date_gmt":"2024-03-02T18:51:19","guid":{"rendered":"https:\/\/perfumeriaintercontinental.com\/?post_type=product&#038;p=12137"},"modified":"2025-10-04T13:52:46","modified_gmt":"2025-10-04T18:52:46","slug":"jimmy-choo-man-ice-eau-de-toilette-100ml-caballero","status":"publish","type":"product","link":"https:\/\/perfumeriaintercontinental.com\/index.php\/producto\/jimmy-choo-man-ice-eau-de-toilette-100ml-caballero\/","title":{"rendered":"Jimmy Choo Man Ice Eau de Toilette 100ml Caballero Original"},"content":{"rendered":"<p><strong>Jimmy Choo Man Ice<\/strong><em> es una fragancia masculina que encarna frescura intensa y sofisticaci\u00f3n relajada. Se abre con notas de salida c\u00edtricas de mandarina, bergamota y cedro, que despiertan los sentidos con energ\u00eda vibrante. En el coraz\u00f3n, la manzana, el vetiver, el pachul\u00ed y el musgo aportan profundidad arom\u00e1tica y elegancia natural. Las notas base de almizcle, \u00e1mbar y madera envuelven la piel con una estela suave, sensual y duradera. Ideal para el hombre moderno que combina carisma, frescura y estilo sin esfuerzo. Man Ice es la expresi\u00f3n perfecta de una masculinidad fresca y refinada.<\/em><\/p>\n<p><strong>TODOS LOS MEDIOS DE PAGO Y CONTRAENTREGA NACIONAL<\/strong><\/p>\n<p><strong>PERFUMES ORIGINALES<\/strong><br \/>\nTUS COMPRAS 100% PROTEGIDAS<br \/>\nVISITANOS EN NUESTRAS REDES SOCIALES<br \/>\n<a href=\"https:\/\/www.instagram.com\/perfumeriaintercontinental\">https:\/\/www.instagram.com\/perfumeriaintercontinental<\/a><\/p>\n","protected":false},"excerpt":{"rendered":"<p><em>Jimmy Choo <strong>Man Ice<\/strong> fusiona mandarina, vetiver y almizcle en una fragancia fresca y elegante. Para el hombre moderno que irradia estilo y sofisticaci\u00f3n.<\/em><\/p>\n","protected":false},"featured_media":12138,"comment_status":"open","ping_status":"closed","template":"","meta":{"_eb_attr":"","om_disable_all_campaigns":false,"_monsterinsights_skip_tracking":false,"_monsterinsights_sitenote_active":false,"_monsterinsights_sitenote_note":"","_monsterinsights_sitenote_category":0},"product_brand":[],"product_cat":[151,15,29],"product_tag":[],"class_list":{"0":"post-12137","1":"product","2":"type-product","3":"status-publish","4":"has-post-thumbnail","6":"product_cat-jimmy-choo","7":"product_cat-todos-los-productos","8":"product_cat-hombre","11":"first","12":"outofstock","13":"sale","14":"shipping-taxable","15":"purchasable","16":"product-type-simple"},"aioseo_notices":[],"_links":{"self":[{"href":"https:\/\/perfumeriaintercontinental.com\/index.php\/wp-json\/wp\/v2\/product\/12137","targetHints":{"allow":["GET"]}}],"collection":[{"href":"https:\/\/perfumeriaintercontinental.com\/index.php\/wp-json\/wp\/v2\/product"}],"about":[{"href":"https:\/\/perfumeriaintercontinental.com\/index.php\/wp-json\/wp\/v2\/types\/product"}],"replies":[{"embeddable":true,"href":"https:\/\/perfumeriaintercontinental.com\/index.php\/wp-json\/wp\/v2\/comments?post=12137"}],"version-history":[{"count":3,"href":"https:\/\/perfumeriaintercontinental.com\/index.php\/wp-json\/wp\/v2\/product\/12137\/revisions"}],"predecessor-version":[{"id":16058,"href":"https:\/\/perfumeriaintercontinental.com\/index.php\/wp-json\/wp\/v2\/product\/12137\/revisions\/16058"}],"wp:featuredmedia":[{"embeddable":true,"href":"https:\/\/perfumeriaintercontinental.com\/index.php\/wp-json\/wp\/v2\/media\/12138"}],"wp:attachment":[{"href":"https:\/\/perfumeriaintercontinental.com\/index.php\/wp-json\/wp\/v2\/media?parent=12137"}],"wp:term":[{"taxonomy":"product_brand","embeddable":true,"href":"https:\/\/perfumeriaintercontinental.com\/index.php\/wp-json\/wp\/v2\/product_brand?post=12137"},{"taxonomy":"product_cat","embeddable":true,"href":"https:\/\/perfumeriaintercontinental.com\/index.php\/wp-json\/wp\/v2\/product_cat?post=12137"},{"taxonomy":"product_tag","embeddable":true,"href":"https:\/\/perfumeriaintercontinental.com\/index.php\/wp-json\/wp\/v2\/product_tag?post=12137"}],"curies":[{"name":"wp","href":"https:\/\/api.w.org\/{rel}","templated":true}]}}