{"id":12833,"date":"2024-03-26T13:49:54","date_gmt":"2024-03-26T18:49:54","guid":{"rendered":"https:\/\/perfumeriaintercontinental.com\/?post_type=product&#038;p=12833"},"modified":"2025-09-18T10:34:33","modified_gmt":"2025-09-18T15:34:33","slug":"lattafa-yara-eau-de-parfum-100ml-dama","status":"publish","type":"product","link":"https:\/\/perfumeriaintercontinental.com\/index.php\/producto\/lattafa-yara-eau-de-parfum-100ml-dama\/","title":{"rendered":"Lattafa Yara Eau de Parfum 100ml Dama Original"},"content":{"rendered":"<p>Sum\u00e9rgete en la dulzura de <strong>Lattafa Yara<\/strong>, una fragancia moderna que combina notas frutales jugosas, un coraz\u00f3n floral delicado y un fondo cremoso de vainilla y almizcle. Perfecta para quienes buscan un aroma femenino y encantador para cualquier ocasi\u00f3n. las Notas de Coraz\u00f3n son Gourmand Accord y frutas tropicales; las Notas de Fondo son vainilla, s\u00e1ndalo y almizcle.<\/p>\n<p><strong>TODOS LOS MEDIOS DE PAGO Y CONTRAENTREGA NACIONAL<\/strong><\/p>\n<p><strong>PERFUMES ORIGINALES<\/strong><br \/>\nTUS COMPRAS 100% PROTEGIDAS<br \/>\nVISITANOS EN NUESTRAS REDES SOCIALES<br \/>\n<a href=\"https:\/\/www.instagram.com\/perfumeriaintercontinental\">https:\/\/www.instagram.com\/perfumeriaintercontinental<\/a><\/p>\n","protected":false},"excerpt":{"rendered":"<p><strong>Lattafa Yara<\/strong>: una fragancia dulce y moderna con frutas, flores, vainilla y almizcle, ideal para realzar tu estilo \u00fanico.<\/p>\n","protected":false},"featured_media":12834,"comment_status":"open","ping_status":"closed","template":"","meta":{"_eb_attr":"","om_disable_all_campaigns":false,"_monsterinsights_skip_tracking":false,"_monsterinsights_sitenote_active":false,"_monsterinsights_sitenote_note":"","_monsterinsights_sitenote_category":0},"product_brand":[],"product_cat":[155,211,15,30],"product_tag":[],"class_list":{"0":"post-12833","1":"product","2":"type-product","3":"status-publish","4":"has-post-thumbnail","6":"product_cat-lattafa","7":"product_cat-perfumes-arabes","8":"product_cat-todos-los-productos","9":"product_cat-mujer","12":"first","13":"instock","14":"sale","15":"shipping-taxable","16":"purchasable","17":"product-type-simple"},"aioseo_notices":[],"_links":{"self":[{"href":"https:\/\/perfumeriaintercontinental.com\/index.php\/wp-json\/wp\/v2\/product\/12833","targetHints":{"allow":["GET"]}}],"collection":[{"href":"https:\/\/perfumeriaintercontinental.com\/index.php\/wp-json\/wp\/v2\/product"}],"about":[{"href":"https:\/\/perfumeriaintercontinental.com\/index.php\/wp-json\/wp\/v2\/types\/product"}],"replies":[{"embeddable":true,"href":"https:\/\/perfumeriaintercontinental.com\/index.php\/wp-json\/wp\/v2\/comments?post=12833"}],"version-history":[{"count":5,"href":"https:\/\/perfumeriaintercontinental.com\/index.php\/wp-json\/wp\/v2\/product\/12833\/revisions"}],"predecessor-version":[{"id":15790,"href":"https:\/\/perfumeriaintercontinental.com\/index.php\/wp-json\/wp\/v2\/product\/12833\/revisions\/15790"}],"wp:featuredmedia":[{"embeddable":true,"href":"https:\/\/perfumeriaintercontinental.com\/index.php\/wp-json\/wp\/v2\/media\/12834"}],"wp:attachment":[{"href":"https:\/\/perfumeriaintercontinental.com\/index.php\/wp-json\/wp\/v2\/media?parent=12833"}],"wp:term":[{"taxonomy":"product_brand","embeddable":true,"href":"https:\/\/perfumeriaintercontinental.com\/index.php\/wp-json\/wp\/v2\/product_brand?post=12833"},{"taxonomy":"product_cat","embeddable":true,"href":"https:\/\/perfumeriaintercontinental.com\/index.php\/wp-json\/wp\/v2\/product_cat?post=12833"},{"taxonomy":"product_tag","embeddable":true,"href":"https:\/\/perfumeriaintercontinental.com\/index.php\/wp-json\/wp\/v2\/product_tag?post=12833"}],"curies":[{"name":"wp","href":"https:\/\/api.w.org\/{rel}","templated":true}]}}