{"id":12891,"date":"2024-03-26T16:33:48","date_gmt":"2024-03-26T21:33:48","guid":{"rendered":"https:\/\/perfumeriaintercontinental.com\/?post_type=product&#038;p=12891"},"modified":"2025-09-17T17:46:35","modified_gmt":"2025-09-17T22:46:35","slug":"arabian-oud-arabian-knight-silver-eau-de-parfum-100ml-caballero","status":"publish","type":"product","link":"https:\/\/perfumeriaintercontinental.com\/index.php\/producto\/arabian-oud-arabian-knight-silver-eau-de-parfum-100ml-caballero\/","title":{"rendered":"Arabian Oud Arabian Knight Silver EDP 100ml Caballero Original"},"content":{"rendered":"<p><strong>Arabian Knight Silver<\/strong> es una fragancia masculina que combina frescura, elegancia y car\u00e1cter oriental moderno. Su salida vibrante mezcla notas c\u00edtricas de bergamota y lim\u00f3n con menta y lavanda, creando una apertura refrescante y arom\u00e1tica. En el coraz\u00f3n, el jengibre y la flor de azahar aportan energ\u00eda y sofisticaci\u00f3n, mientras que la base de vetiver, almizcle blanco y madera de cedro deja una estela amaderada, limpia y persistente. Arabian Knight Silver es ideal para hombres que buscan una fragancia vers\u00e1til, perfecta para el d\u00eda a d\u00eda, ambientes profesionales o momentos especiales. Su perfil foug\u00e8re c\u00edtrico transmite seguridad, frescura y distinci\u00f3n con un toque ex\u00f3tico.<\/p>\n<p><a href=\"https:\/\/perfumeriaintercontinental.com\/index.php\/producto\/le-chameau-arabe-arabia-pour-femme-edp-100ml-dama\/\">Le Chameau \u00c1rabe Arabia Pour Femme EDP 100ml Dama<\/a><\/p>\n<p><strong>PERFUMES ORIGINALES<\/strong><br \/>\nTUS COMPRAS 100% PROTEGIDAS\u00a0 \u00a0 \u00a0 \u00a0 \u00a0 \u00a0 \u00a0 \u00a0 \u00a0 \u00a0 \u00a0 \u00a0 \u00a0 \u00a0 \u00a0 \u00a0 \u00a0 \u00a0 \u00a0 \u00a0 \u00a0 \u00a0 \u00a0 \u00a0 \u00a0 \u00a0 \u00a0 \u00a0 \u00a0 \u00a0 \u00a0 \u00a0 \u00a0 \u00a0 \u00a0 \u00a0 \u00a0 \u00a0 \u00a0 \u00a0 \u00a0 \u00a0 \u00a0 \u00a0 \u00a0 \u00a0 \u00a0 \u00a0 \u00a0 \u00a0 \u00a0 \u00a0 \u00a0 \u00a0 \u00a0 \u00a0 \u00a0 \u00a0 \u00a0 \u00a0 \u00a0 \u00a0 \u00a0 \u00a0 \u00a0 VISITANOS EN NUESTRAS REDES SOCIALES<br \/>\n<a href=\"https:\/\/www.instagram.com\/perfumeriaintercontinental\">https:\/\/www.instagram.com\/perfumeriaintercontinental<\/a><\/p>\n","protected":false},"excerpt":{"rendered":"<p>Arabian Knight Silver abre con bergamota, menta y lavanda, seguido por un coraz\u00f3n de jengibre y flor de azahar. Su fondo de vetiver y almizcle deja una estela fresca y elegante. Una fragancia masculina vers\u00e1til, perfecta para destacar con estilo y presencia.<\/p>\n","protected":false},"featured_media":12892,"comment_status":"open","ping_status":"closed","template":"","meta":{"_eb_attr":"","om_disable_all_campaigns":false,"_monsterinsights_skip_tracking":false,"_monsterinsights_sitenote_active":false,"_monsterinsights_sitenote_note":"","_monsterinsights_sitenote_category":0},"product_brand":[],"product_cat":[333,15,29],"product_tag":[],"class_list":{"0":"post-12891","1":"product","2":"type-product","3":"status-publish","4":"has-post-thumbnail","6":"product_cat-arabian-oud","7":"product_cat-todos-los-productos","8":"product_cat-hombre","11":"first","12":"outofstock","13":"sale","14":"shipping-taxable","15":"purchasable","16":"product-type-simple"},"aioseo_notices":[],"_links":{"self":[{"href":"https:\/\/perfumeriaintercontinental.com\/index.php\/wp-json\/wp\/v2\/product\/12891","targetHints":{"allow":["GET"]}}],"collection":[{"href":"https:\/\/perfumeriaintercontinental.com\/index.php\/wp-json\/wp\/v2\/product"}],"about":[{"href":"https:\/\/perfumeriaintercontinental.com\/index.php\/wp-json\/wp\/v2\/types\/product"}],"replies":[{"embeddable":true,"href":"https:\/\/perfumeriaintercontinental.com\/index.php\/wp-json\/wp\/v2\/comments?post=12891"}],"version-history":[{"count":4,"href":"https:\/\/perfumeriaintercontinental.com\/index.php\/wp-json\/wp\/v2\/product\/12891\/revisions"}],"predecessor-version":[{"id":15775,"href":"https:\/\/perfumeriaintercontinental.com\/index.php\/wp-json\/wp\/v2\/product\/12891\/revisions\/15775"}],"wp:featuredmedia":[{"embeddable":true,"href":"https:\/\/perfumeriaintercontinental.com\/index.php\/wp-json\/wp\/v2\/media\/12892"}],"wp:attachment":[{"href":"https:\/\/perfumeriaintercontinental.com\/index.php\/wp-json\/wp\/v2\/media?parent=12891"}],"wp:term":[{"taxonomy":"product_brand","embeddable":true,"href":"https:\/\/perfumeriaintercontinental.com\/index.php\/wp-json\/wp\/v2\/product_brand?post=12891"},{"taxonomy":"product_cat","embeddable":true,"href":"https:\/\/perfumeriaintercontinental.com\/index.php\/wp-json\/wp\/v2\/product_cat?post=12891"},{"taxonomy":"product_tag","embeddable":true,"href":"https:\/\/perfumeriaintercontinental.com\/index.php\/wp-json\/wp\/v2\/product_tag?post=12891"}],"curies":[{"name":"wp","href":"https:\/\/api.w.org\/{rel}","templated":true}]}}