{"id":13377,"date":"2024-11-07T00:14:52","date_gmt":"2024-11-07T05:14:52","guid":{"rendered":"https:\/\/perfumeriaintercontinental.com\/?post_type=product&#038;p=13377"},"modified":"2025-08-13T17:50:35","modified_gmt":"2025-08-13T22:50:35","slug":"ariana-grande-mod-blush-eau-de-parfum-100ml-dama","status":"publish","type":"product","link":"https:\/\/perfumeriaintercontinental.com\/index.php\/producto\/ariana-grande-mod-blush-eau-de-parfum-100ml-dama\/","title":{"rendered":"Perfume Ariana Grande Mod Blush EDP 100ml Dama Original"},"content":{"rendered":"<p><strong>Ariana Grande MOD Blush\u00a0<\/strong> es una fragancia femenina de la familia frutal floral, lanzada en 2022. Su salida vibrante mezcla maracuy\u00e1, frambuesa, bergamota y pimienta rosa, creando una apertura chispeante y seductora. En el coraz\u00f3n, rosa rosada, magnolia y pera jugosa aportan suavidad y elegancia. La base c\u00e1lida de ambroxan, almizcle y Dreamwood envuelve la piel con una estela \u00edntima y lujosa. Este perfume celebra la dualidad entre lo dulce y lo sofisticado, ideal para mujeres que expresan su autenticidad con estilo. MOD Blush es perfecto para el d\u00eda a d\u00eda o momentos especiales, transmitiendo frescura, feminidad y confianza.<\/p>\n<p><a href=\"https:\/\/perfumeriaintercontinental.com\/index.php\/producto\/ariana-grande-cloud-eau-de-parfum-100ml-dama\/\">Ariana Grande Cloud EDP 100ml Dama Original<\/a><\/p>\n<p><strong>TODOS LOS MEDIOS DE PAGO Y CONTRAENTREGA NACIONAL<\/strong><\/p>\n<p><strong>PERFUMES ORIGINALES<\/strong><br \/>\nTUS COMPRAS 100% PROTEGIDAS<br \/>\nVISITANOS EN NUESTRAS REDES SOCIALES<br \/>\n<a href=\"https:\/\/www.instagram.com\/perfumeriaintercontinental\">https:\/\/www.instagram.com\/perfumeriaintercontinental<\/a><br \/>\n<a href=\"https:\/\/www.facebook.com\/profile.php?id=100093904003521&amp;mibextid=ZbWKwL\/\">https:\/\/www.facebook.com\/profile.php?id=100093904003521&amp;mibextid=ZbWKwL<\/a><\/p>\n<p>&nbsp;<\/p>\n","protected":false},"excerpt":{"rendered":"<p>Ariana Grande MOD Blush es una fragancia femenina y moderna con maracuy\u00e1, frambuesa y bergamota. Su coraz\u00f3n floral de rosa y magnolia se funde con una base c\u00e1lida de ambroxan y almizcle. Un aroma encantador que celebra tu estilo \u00fanico.<\/p>\n","protected":false},"featured_media":13378,"comment_status":"open","ping_status":"closed","template":"","meta":{"_eb_attr":"","om_disable_all_campaigns":false,"_monsterinsights_skip_tracking":false,"_monsterinsights_sitenote_active":false,"_monsterinsights_sitenote_note":"","_monsterinsights_sitenote_category":0},"product_brand":[],"product_cat":[191,15,30],"product_tag":[343,335,338],"class_list":{"0":"post-13377","1":"product","2":"type-product","3":"status-publish","4":"has-post-thumbnail","6":"product_cat-ariana-grande","7":"product_cat-todos-los-productos","8":"product_cat-mujer","9":"product_tag-perfumes-frutales","10":"product_tag-perfumes-para-dama","11":"product_tag-perfumes-para-nina","14":"first","15":"instock","16":"shipping-taxable","17":"purchasable","18":"product-type-simple"},"aioseo_notices":[],"_links":{"self":[{"href":"https:\/\/perfumeriaintercontinental.com\/index.php\/wp-json\/wp\/v2\/product\/13377","targetHints":{"allow":["GET"]}}],"collection":[{"href":"https:\/\/perfumeriaintercontinental.com\/index.php\/wp-json\/wp\/v2\/product"}],"about":[{"href":"https:\/\/perfumeriaintercontinental.com\/index.php\/wp-json\/wp\/v2\/types\/product"}],"replies":[{"embeddable":true,"href":"https:\/\/perfumeriaintercontinental.com\/index.php\/wp-json\/wp\/v2\/comments?post=13377"}],"version-history":[{"count":4,"href":"https:\/\/perfumeriaintercontinental.com\/index.php\/wp-json\/wp\/v2\/product\/13377\/revisions"}],"predecessor-version":[{"id":15686,"href":"https:\/\/perfumeriaintercontinental.com\/index.php\/wp-json\/wp\/v2\/product\/13377\/revisions\/15686"}],"wp:featuredmedia":[{"embeddable":true,"href":"https:\/\/perfumeriaintercontinental.com\/index.php\/wp-json\/wp\/v2\/media\/13378"}],"wp:attachment":[{"href":"https:\/\/perfumeriaintercontinental.com\/index.php\/wp-json\/wp\/v2\/media?parent=13377"}],"wp:term":[{"taxonomy":"product_brand","embeddable":true,"href":"https:\/\/perfumeriaintercontinental.com\/index.php\/wp-json\/wp\/v2\/product_brand?post=13377"},{"taxonomy":"product_cat","embeddable":true,"href":"https:\/\/perfumeriaintercontinental.com\/index.php\/wp-json\/wp\/v2\/product_cat?post=13377"},{"taxonomy":"product_tag","embeddable":true,"href":"https:\/\/perfumeriaintercontinental.com\/index.php\/wp-json\/wp\/v2\/product_tag?post=13377"}],"curies":[{"name":"wp","href":"https:\/\/api.w.org\/{rel}","templated":true}]}}