{"id":13421,"date":"2024-11-08T23:01:49","date_gmt":"2024-11-09T04:01:49","guid":{"rendered":"https:\/\/perfumeriaintercontinental.com\/?post_type=product&#038;p=13421"},"modified":"2025-09-17T17:31:18","modified_gmt":"2025-09-17T22:31:18","slug":"ariana-grande-cloud-eau-de-parfum-100ml-dama","status":"publish","type":"product","link":"https:\/\/perfumeriaintercontinental.com\/index.php\/producto\/ariana-grande-cloud-eau-de-parfum-100ml-dama\/","title":{"rendered":"Ariana Grande Cloud EDP 100ml Dama Original"},"content":{"rendered":"<p><strong>Ariana Grande Cloud<\/strong> es una fragancia de la familia olfativa Floral Frutal Gourmand para Mujeres. Cloud se lanz\u00f3 en 2018. La Nariz detr\u00e1s de esta fragrancia es Clement Gavarry. Las Notas de Salida son lavanda, pera y bergamota; las Notas de Coraz\u00f3n son crema batida, pralin\u00e9, coco y orqu\u00eddea de vainilla; las Notas de Fondo son almizcle y notas amaderadas.<\/p>\n<p><strong>TODOS LOS MEDIOS DE PAGO Y CONTRAENTREGA NACIONAL<\/strong><\/p>\n<p><a href=\"https:\/\/perfumeriaintercontinental.com\/index.php\/producto\/ariana-grande-mod-vanilla-eau-de-parfum-100ml-dama\/\">http:\/\/perfume originales<\/a><\/p>\n<p><strong>PERFUMES ORIGINALES<\/strong><br \/>\nTUS COMPRAS 100% PROTEGIDAS<br \/>\nVISITANOS EN NUESTRAS REDES SOCIALES<br \/>\n<a href=\"https:\/\/www.instagram.com\/perfumeriaintercontinental\">https:\/\/www.instagram.com\/perfumeriaintercontinental<\/a><br \/>\n<a href=\"https:\/\/www.facebook.com\/profile.php?id=100093904003521&amp;mibextid=ZbWKwL\/\">https:\/\/www.facebook.com\/profile.php?id=100093904003521&amp;mibextid=ZbWKwL<\/a><\/p>\n<p>&nbsp;<\/p>\n","protected":false},"excerpt":{"rendered":"<p>Ariana Grande cloud es una fragancia suave, dulce y envolvente que se lanz\u00f3 en 2020. Esta fragancia pertenece a la familia olfativa oriental floral y se destaca por su mezcla de notas cremosas y afrutadas. En sus primeras impresiones, el perfume ofrece una explosi\u00f3n de lavanda, pera y bergamota, seguida de un coraz\u00f3n floral de jazm\u00edn y coco, que se asentar\u00e1 en un fondo de madera de cachemira, almizcle y vainilla.<\/p>\n<p>Es una fragancia que evoca una sensaci\u00f3n de frescura y confort, ideal para el d\u00eda a d\u00eda o para ocasiones m\u00e1s relajadas. Su dulzura, aunque notable, no es empalagosa, lo que la hace accesible para quienes prefieren aromas suaves y elegantes. &#8220;Cloud&#8221; ha sido bien recibida por quienes buscan un perfume juvenil y moderno, pero con un toque de sofisticaci\u00f3n y calidez.<\/p>\n","protected":false},"featured_media":13423,"comment_status":"open","ping_status":"closed","template":"","meta":{"_eb_attr":"","om_disable_all_campaigns":false,"_monsterinsights_skip_tracking":false,"_monsterinsights_sitenote_active":false,"_monsterinsights_sitenote_note":"","_monsterinsights_sitenote_category":0},"product_brand":[],"product_cat":[191,34,15,30],"product_tag":[355,343,335],"class_list":{"0":"post-13421","1":"product","2":"type-product","3":"status-publish","4":"has-post-thumbnail","6":"product_cat-ariana-grande","7":"product_cat-marcas","8":"product_cat-todos-los-productos","9":"product_cat-mujer","10":"product_tag-perfumes-dulces-dama","11":"product_tag-perfumes-frutales","12":"product_tag-perfumes-para-dama","15":"first","16":"instock","17":"shipping-taxable","18":"purchasable","19":"product-type-simple"},"aioseo_notices":[],"_links":{"self":[{"href":"https:\/\/perfumeriaintercontinental.com\/index.php\/wp-json\/wp\/v2\/product\/13421","targetHints":{"allow":["GET"]}}],"collection":[{"href":"https:\/\/perfumeriaintercontinental.com\/index.php\/wp-json\/wp\/v2\/product"}],"about":[{"href":"https:\/\/perfumeriaintercontinental.com\/index.php\/wp-json\/wp\/v2\/types\/product"}],"replies":[{"embeddable":true,"href":"https:\/\/perfumeriaintercontinental.com\/index.php\/wp-json\/wp\/v2\/comments?post=13421"}],"version-history":[{"count":3,"href":"https:\/\/perfumeriaintercontinental.com\/index.php\/wp-json\/wp\/v2\/product\/13421\/revisions"}],"predecessor-version":[{"id":13426,"href":"https:\/\/perfumeriaintercontinental.com\/index.php\/wp-json\/wp\/v2\/product\/13421\/revisions\/13426"}],"wp:featuredmedia":[{"embeddable":true,"href":"https:\/\/perfumeriaintercontinental.com\/index.php\/wp-json\/wp\/v2\/media\/13423"}],"wp:attachment":[{"href":"https:\/\/perfumeriaintercontinental.com\/index.php\/wp-json\/wp\/v2\/media?parent=13421"}],"wp:term":[{"taxonomy":"product_brand","embeddable":true,"href":"https:\/\/perfumeriaintercontinental.com\/index.php\/wp-json\/wp\/v2\/product_brand?post=13421"},{"taxonomy":"product_cat","embeddable":true,"href":"https:\/\/perfumeriaintercontinental.com\/index.php\/wp-json\/wp\/v2\/product_cat?post=13421"},{"taxonomy":"product_tag","embeddable":true,"href":"https:\/\/perfumeriaintercontinental.com\/index.php\/wp-json\/wp\/v2\/product_tag?post=13421"}],"curies":[{"name":"wp","href":"https:\/\/api.w.org\/{rel}","templated":true}]}}