{"id":13436,"date":"2024-11-11T23:47:06","date_gmt":"2024-11-12T04:47:06","guid":{"rendered":"https:\/\/perfumeriaintercontinental.com\/?post_type=product&#038;p=13436"},"modified":"2025-09-17T17:29:03","modified_gmt":"2025-09-17T22:29:03","slug":"armaf-club-de-nuit-intense-man-parfum-edicion-limitada-105ml","status":"publish","type":"product","link":"https:\/\/perfumeriaintercontinental.com\/index.php\/producto\/armaf-club-de-nuit-intense-man-parfum-edicion-limitada-105ml\/","title":{"rendered":"Armaf Club de Nuit Intense Man Parfum Edici\u00f3n Limitada 105ml Original"},"content":{"rendered":"<h1>Club de Nuit Intense Man Parfum<\/h1>\n<p><strong>Club de Nuit Intense Man Parfum,<\/strong> Es una fragancia de lujo dise\u00f1ada para quienes buscan una experiencia olfativa intensa y sofisticada. Esta edici\u00f3n limitada es una versi\u00f3n mejorada de su ic\u00f3nico Club de Nuit Intense, destac\u00e1ndose por su f\u00f3rmula refinada y su excepcional duraci\u00f3n. Con una combinaci\u00f3n perfecta de notas c\u00edtricas, florales y amaderadas, este perfume ofrece una estela envolvente y una proyecci\u00f3n duradera, ideal para el hombre moderno que valora la exclusividad y la elegancia.<\/p>\n<p>La fragancia se abre con una explosi\u00f3n de frescura gracias a las notas de lim\u00f3n, bergamota y grosella negra, que se mezclan con un toque especiado de azafr\u00e1n y clavo. En el coraz\u00f3n, la fragancia revela una sutil combinaci\u00f3n floral de rosa y jazm\u00edn, aportando un toque suave y refinado. La base de la fragancia est\u00e1 dominada por la calidez de la madera de Oud, el almizcle, el \u00e1mbar y la vainilla, creando un fondo profundo, sofisticado y envolvente que perdura durante horas.<\/p>\n<p>Es una fragancia vers\u00e1til que puede llevarse tanto en eventos formales como en ocasiones especiales. Su longevidad excepcional y su estela de gran proyecci\u00f3n hacen de esta fragancia una opci\u00f3n ideal para quienes buscan un perfume que los acompa\u00f1e a lo largo del d\u00eda, sin necesidad de Re aplicaciones frecuentes. Adem\u00e1s, al ser una edici\u00f3n limitada, ofrece un toque de exclusividad, lo que la convierte en una elecci\u00f3n \u00fanica para los aficionados a los perfumes de alta gama.<\/p>\n<p><a href=\"https:\/\/perfumeriaintercontinental.com\/index.php\/producto\/tous-man-intense-eau-de-toilette-caballero-100ml\/\">Tous Man Intense Eau de Toilette Caballero 100ml<\/a><\/p>\n<p><strong>TODOS LOS MEDIOS DE PAGO Y CONTRAENTREGA NACIONAL<\/strong><\/p>\n<p><strong>PERFUMES ORIGINALES<\/strong><br \/>\nTUS COMPRAS 100% PROTEGIDAS\u00a0 \u00a0 \u00a0 \u00a0 \u00a0 \u00a0 \u00a0 \u00a0 \u00a0 \u00a0 \u00a0 \u00a0 \u00a0 \u00a0 \u00a0 \u00a0 \u00a0 \u00a0 \u00a0 \u00a0 \u00a0 \u00a0 \u00a0 \u00a0 \u00a0 \u00a0 \u00a0 \u00a0 \u00a0 \u00a0 \u00a0 \u00a0 \u00a0 \u00a0 \u00a0 \u00a0 \u00a0 \u00a0 \u00a0 \u00a0 \u00a0 \u00a0 \u00a0 \u00a0 \u00a0 \u00a0 \u00a0 \u00a0 \u00a0 \u00a0 \u00a0 \u00a0 \u00a0 \u00a0 \u00a0 \u00a0 \u00a0 \u00a0 \u00a0 \u00a0 \u00a0 5rPerfume masculino con aroma intenso, mezcla de c\u00edtricos, maderas y especias. Elegante y duradero para ocasiones \u00fanicas.VISITANOS EN NUESTRAS REDES SOCIALES<br \/>\n<a href=\"https:\/\/www.instagram.com\/perfumeriaintercontinental\">https:\/\/www.instagram.com\/perfumeriaintercontinental<\/a><br \/>\n<a href=\"https:\/\/www.facebook.com\/profile.php?id=100093904003521&amp;mibextid=ZbWKwL\/\">https:\/\/www.facebook.com\/profile.php?id=100093904003521&amp;mibextid=ZbWKwL<\/a><\/p>\n<p>&nbsp;<\/p>\n","protected":false},"excerpt":{"rendered":"<p><strong>Club de Nuit Intense Man Parfum, <\/strong>Perfume masculino con aroma intenso, mezcla de c\u00edtricos, maderas y especias. Elegante y duradero para ocasiones \u00fanicas.<\/p>\n","protected":false},"featured_media":13439,"comment_status":"open","ping_status":"closed","template":"","meta":{"_eb_attr":"","om_disable_all_campaigns":false,"_monsterinsights_skip_tracking":false,"_monsterinsights_sitenote_active":false,"_monsterinsights_sitenote_note":"","_monsterinsights_sitenote_category":0},"product_brand":[],"product_cat":[192,34,15,29],"product_tag":[357,348,337,347,255],"class_list":{"0":"post-13436","1":"product","2":"type-product","3":"status-publish","4":"has-post-thumbnail","6":"product_cat-armaf","7":"product_cat-marcas","8":"product_cat-todos-los-productos","9":"product_cat-hombre","10":"product_tag-club-de-nuit-intense-parfum","11":"product_tag-perfumes-amaderados","12":"product_tag-perfumes-arabes","13":"product_tag-perfumes-de-caballero","14":"product_tag-perfumes-para-hombre","17":"first","18":"instock","19":"sale","20":"shipping-taxable","21":"purchasable","22":"product-type-simple"},"aioseo_notices":[],"_links":{"self":[{"href":"https:\/\/perfumeriaintercontinental.com\/index.php\/wp-json\/wp\/v2\/product\/13436","targetHints":{"allow":["GET"]}}],"collection":[{"href":"https:\/\/perfumeriaintercontinental.com\/index.php\/wp-json\/wp\/v2\/product"}],"about":[{"href":"https:\/\/perfumeriaintercontinental.com\/index.php\/wp-json\/wp\/v2\/types\/product"}],"replies":[{"embeddable":true,"href":"https:\/\/perfumeriaintercontinental.com\/index.php\/wp-json\/wp\/v2\/comments?post=13436"}],"version-history":[{"count":8,"href":"https:\/\/perfumeriaintercontinental.com\/index.php\/wp-json\/wp\/v2\/product\/13436\/revisions"}],"predecessor-version":[{"id":15676,"href":"https:\/\/perfumeriaintercontinental.com\/index.php\/wp-json\/wp\/v2\/product\/13436\/revisions\/15676"}],"wp:featuredmedia":[{"embeddable":true,"href":"https:\/\/perfumeriaintercontinental.com\/index.php\/wp-json\/wp\/v2\/media\/13439"}],"wp:attachment":[{"href":"https:\/\/perfumeriaintercontinental.com\/index.php\/wp-json\/wp\/v2\/media?parent=13436"}],"wp:term":[{"taxonomy":"product_brand","embeddable":true,"href":"https:\/\/perfumeriaintercontinental.com\/index.php\/wp-json\/wp\/v2\/product_brand?post=13436"},{"taxonomy":"product_cat","embeddable":true,"href":"https:\/\/perfumeriaintercontinental.com\/index.php\/wp-json\/wp\/v2\/product_cat?post=13436"},{"taxonomy":"product_tag","embeddable":true,"href":"https:\/\/perfumeriaintercontinental.com\/index.php\/wp-json\/wp\/v2\/product_tag?post=13436"}],"curies":[{"name":"wp","href":"https:\/\/api.w.org\/{rel}","templated":true}]}}