{"id":13444,"date":"2024-11-12T23:21:08","date_gmt":"2024-11-13T04:21:08","guid":{"rendered":"https:\/\/perfumeriaintercontinental.com\/?post_type=product&#038;p=13444"},"modified":"2025-08-12T17:56:19","modified_gmt":"2025-08-12T22:56:19","slug":"armaf-odyssey-candee-special-edition-edp-100ml-dama","status":"publish","type":"product","link":"https:\/\/perfumeriaintercontinental.com\/index.php\/producto\/armaf-odyssey-candee-special-edition-edp-100ml-dama\/","title":{"rendered":"Armaf Odyssey Candee Special Edition EDP 100ml Dama Original"},"content":{"rendered":"<h1><strong>Armaf Odyssey Candee<\/strong><\/h1>\n<p><strong>Armaf Odyssey Candee Special Edition<\/strong>, una fragancia femenina que combina elegancia, frescura y dulzura en una experiencia olfativa \u00fanica. Dise\u00f1ada por la marca Armaf, conocida por sus perfumes de alta calidad a precios accesibles, <strong><em>Odyssey Candee<\/em><\/strong> es ideal para mujeres modernas que buscan un aroma sofisticado pero ligero, perfecto para el uso diario y ocasiones especiales.<\/p>\n<p>La fragancia se abre con una refrescante mezcla de notas c\u00edtricas y florales, que incluyen mandarina y flor de azahar. Esta combinaci\u00f3n inicial aporta un toque de frescura, envolviendo los sentidos en una sensaci\u00f3n de ligereza y vitalidad. En el coraz\u00f3n de <i>esta<\/i>, se despliega un bouquet floral con notas de jazm\u00edn, peon\u00eda y rosa, creando un equilibrio delicado entre lo dulce y lo fresco, lo que hace que la fragancia sea envolvente sin ser abrumadora.<\/p>\n<p>La base de esta fragancia est\u00e1 compuesta por notas suaves y sensuales de s\u00e1ndalo, almizcle y vainilla, que aportan una calidez sutil y una longevidad excepcional. Estas notas de fondo dejan una huella duradera, pero nunca demasiado intensa, lo que hace que \u00a0sea perfecta tanto para el d\u00eda como para la noche.<\/p>\n<p>Ideal para mujeres que buscan una fragancia vers\u00e1til y femenina, es una opci\u00f3n que se adapta a diferentes estilos y ocasiones, desde una salida casual hasta una cita m\u00e1s formal. Su dise\u00f1o elegante y su calidad de alta gama convierten a este perfume en una excelente elecci\u00f3n para quienes aprecian los perfumes que dejan una impresi\u00f3n duradera sin ser excesivamente pesados.<\/p>\n<p><strong>TODOS LOS MEDIOS DE PAGO Y CONTRAENTREGA NACIONAL<\/strong><\/p>\n<p><strong>PERFUMES ORIGINALES<\/strong><br \/>\nTUS COMPRAS 100% PROTEGIDAS<br \/>\nVISITANOS EN NUESTRAS REDES SOCIALES<br \/>\n<a href=\"https:\/\/www.instagram.com\/perfumeriaintercontinental\">https:\/\/www.instagram.com\/perfumeriaintercontinental<\/a><br \/>\n<a href=\"https:\/\/www.facebook.com\/profile.php?id=100093904003521&amp;mibextid=ZbWKwL\/\">https:\/\/www.facebook.com\/profile.php?id=100093904003521&amp;mibextid=ZbWKwL<\/a><\/p>\n<p><a href=\"https:\/\/perfumeriaintercontinental.com\/index.php\/producto\/armaf-odyssey-candee-special-edition-edp-100ml-dama\/\">Armaf Odyssey Candee Special Edition EDP 100ml Dama<\/a><\/p>\n<p>&nbsp;<\/p>\n","protected":false},"excerpt":{"rendered":"<p><strong>Armaf Odyssey Candee Special Edition,<\/strong> dulzura y sofisticaci\u00f3n en una fragancia inolvidable.<\/p>\n","protected":false},"featured_media":13445,"comment_status":"open","ping_status":"closed","template":"","meta":{"_eb_attr":"","om_disable_all_campaigns":false,"_monsterinsights_skip_tracking":false,"_monsterinsights_sitenote_active":false,"_monsterinsights_sitenote_note":"","_monsterinsights_sitenote_category":0},"product_brand":[],"product_cat":[192,34,15,29],"product_tag":[360,358,359,355,256,338],"class_list":{"0":"post-13444","1":"product","2":"type-product","3":"status-publish","4":"has-post-thumbnail","6":"product_cat-armaf","7":"product_cat-marcas","8":"product_cat-todos-los-productos","9":"product_cat-hombre","10":"product_tag-armaf","11":"product_tag-odyssey-candee","12":"product_tag-perfumes-arabes-para-dama","13":"product_tag-perfumes-dulces-dama","14":"product_tag-perfumes-para-mujer","15":"product_tag-perfumes-para-nina","18":"first","19":"instock","20":"sale","21":"shipping-taxable","22":"purchasable","23":"product-type-simple"},"aioseo_notices":[],"_links":{"self":[{"href":"https:\/\/perfumeriaintercontinental.com\/index.php\/wp-json\/wp\/v2\/product\/13444","targetHints":{"allow":["GET"]}}],"collection":[{"href":"https:\/\/perfumeriaintercontinental.com\/index.php\/wp-json\/wp\/v2\/product"}],"about":[{"href":"https:\/\/perfumeriaintercontinental.com\/index.php\/wp-json\/wp\/v2\/types\/product"}],"replies":[{"embeddable":true,"href":"https:\/\/perfumeriaintercontinental.com\/index.php\/wp-json\/wp\/v2\/comments?post=13444"}],"version-history":[{"count":6,"href":"https:\/\/perfumeriaintercontinental.com\/index.php\/wp-json\/wp\/v2\/product\/13444\/revisions"}],"predecessor-version":[{"id":15677,"href":"https:\/\/perfumeriaintercontinental.com\/index.php\/wp-json\/wp\/v2\/product\/13444\/revisions\/15677"}],"wp:featuredmedia":[{"embeddable":true,"href":"https:\/\/perfumeriaintercontinental.com\/index.php\/wp-json\/wp\/v2\/media\/13445"}],"wp:attachment":[{"href":"https:\/\/perfumeriaintercontinental.com\/index.php\/wp-json\/wp\/v2\/media?parent=13444"}],"wp:term":[{"taxonomy":"product_brand","embeddable":true,"href":"https:\/\/perfumeriaintercontinental.com\/index.php\/wp-json\/wp\/v2\/product_brand?post=13444"},{"taxonomy":"product_cat","embeddable":true,"href":"https:\/\/perfumeriaintercontinental.com\/index.php\/wp-json\/wp\/v2\/product_cat?post=13444"},{"taxonomy":"product_tag","embeddable":true,"href":"https:\/\/perfumeriaintercontinental.com\/index.php\/wp-json\/wp\/v2\/product_tag?post=13444"}],"curies":[{"name":"wp","href":"https:\/\/api.w.org\/{rel}","templated":true}]}}