{"id":13469,"date":"2024-11-19T00:38:10","date_gmt":"2024-11-19T05:38:10","guid":{"rendered":"https:\/\/perfumeriaintercontinental.com\/?post_type=product&#038;p=13469"},"modified":"2025-09-17T17:26:11","modified_gmt":"2025-09-17T22:26:11","slug":"armaf-uniq-oud-forever-eau-de-parfum-100ml-unisex","status":"publish","type":"product","link":"https:\/\/perfumeriaintercontinental.com\/index.php\/producto\/armaf-uniq-oud-forever-eau-de-parfum-100ml-unisex\/","title":{"rendered":"Armaf Uniq Oud Forever Eau de Parfum 100ml Unisex Original"},"content":{"rendered":"<h1>Armaf Uniq Oud Forever<\/h1>\n<p><strong><em>Armaf Uniq Oud Forever,<\/em><\/strong> es una fragancia masculina de la marca <em>Armaf<\/em>, reconocida por sus perfumes de alta calidad a precios asequibles. Esta fragancia es una opci\u00f3n ideal para quienes buscan un perfume de <strong>oud<\/strong> con un toque moderno y sofisticado. Su mezcla rica y opulenta de ingredientes orientales convierte a Uniq Oud Forever en una fragancia perfecta para ocasiones especiales o para quienes desean dejar una impresi\u00f3n duradera.<\/p>\n<p>Uno de los aspectos m\u00e1s destacados de <em>Armaf Uniq Oud Forever<\/em> es su <strong>excelente longevidad<\/strong>. Esta fragancia es conocida por durar entre <strong>8 y 10 horas<\/strong> en la piel, lo que la convierte en una opci\u00f3n ideal para quienes buscan un perfume que permanezca durante todo el d\u00eda. Adem\u00e1s, su <strong>estela es fuerte y envolvente<\/strong>, lo que significa que dejar\u00e1s una impresi\u00f3n duradera en quienes te rodean. Sin embargo, no es una fragancia demasiado pesada, ya que la rosa y el s\u00e1ndalo suavizan la intensidad del oud, haciendo que la experiencia olfativa sea sofisticada sin ser abrumadora.<\/p>\n<p>Aunque <em>Armaf Uniq Oud Forever<\/em> tiene una esencia lujosa y profunda, es bastante <strong>vers\u00e1til<\/strong> para diversas ocasiones. Debido a su intensidad, es ideal para eventos nocturnos, cenas formales, o cualquier ocasi\u00f3n especial donde quieras destacar con una fragancia que atraiga atenci\u00f3n. Tambi\u00e9n es una excelente opci\u00f3n para el oto\u00f1o o el invierno, ya que sus notas amaderadas y orientales son perfectas para climas m\u00e1s frescos.<\/p>\n<p>Si bien puede no ser la fragancia m\u00e1s adecuada para el uso diario en entornos informales, es perfecta para quienes buscan un perfume distintivo y elegante para ocasiones m\u00e1s formales o eventos especiales.<\/p>\n<p><strong>TODOS LOS MEDIOS DE PAGO Y CONTRAENTREGA NACIONAL<\/strong><\/p>\n<p><strong>PERFUMES ORIGINALES<\/strong><br \/>\nTUS COMPRAS 100% PROTEGIDAS<br \/>\nVISITANOS EN NUESTRAS REDES SOCIALES<br \/>\n<a href=\"https:\/\/www.instagram.com\/perfumeriaintercontinental\">https:\/\/www.instagram.com\/perfumeriaintercontinental<\/a><br \/>\n<a href=\"https:\/\/www.facebook.com\/profile.php?id=100093904003521&amp;mibextid=ZbWKwL\/\">https:\/\/www.facebook.com\/profile.php?id=100093904003521&amp;mibextid=ZbWKwL<\/a><\/p>\n<p><a href=\"https:\/\/perfumeriaintercontinental.com\/index.php\/producto\/armaf-uniq-effects-of-uniq-eau-de-parfum-100ml-dama\/\">Armaf Uniq Effects Of Uniq Eau de Parfum 100ml Dama<\/a><\/p>\n","protected":false},"excerpt":{"rendered":"<p><strong>Armaf Uniq Oud Forever,<\/strong> un aroma intenso y elegante con notas amaderadas y especiadas que dejan huella.<\/p>\n","protected":false},"featured_media":13470,"comment_status":"open","ping_status":"closed","template":"","meta":{"_eb_attr":"","om_disable_all_campaigns":false,"_monsterinsights_skip_tracking":false,"_monsterinsights_sitenote_active":false,"_monsterinsights_sitenote_note":"","_monsterinsights_sitenote_category":0},"product_brand":[],"product_cat":[192,34,15,29],"product_tag":[360,367,337,255],"class_list":{"0":"post-13469","1":"product","2":"type-product","3":"status-publish","4":"has-post-thumbnail","6":"product_cat-armaf","7":"product_cat-marcas","8":"product_cat-todos-los-productos","9":"product_cat-hombre","10":"product_tag-armaf","11":"product_tag-armaf-uniq-oud-forever","12":"product_tag-perfumes-arabes","13":"product_tag-perfumes-para-hombre","16":"first","17":"instock","18":"sale","19":"shipping-taxable","20":"purchasable","21":"product-type-simple"},"aioseo_notices":[],"_links":{"self":[{"href":"https:\/\/perfumeriaintercontinental.com\/index.php\/wp-json\/wp\/v2\/product\/13469","targetHints":{"allow":["GET"]}}],"collection":[{"href":"https:\/\/perfumeriaintercontinental.com\/index.php\/wp-json\/wp\/v2\/product"}],"about":[{"href":"https:\/\/perfumeriaintercontinental.com\/index.php\/wp-json\/wp\/v2\/types\/product"}],"replies":[{"embeddable":true,"href":"https:\/\/perfumeriaintercontinental.com\/index.php\/wp-json\/wp\/v2\/comments?post=13469"}],"version-history":[{"count":4,"href":"https:\/\/perfumeriaintercontinental.com\/index.php\/wp-json\/wp\/v2\/product\/13469\/revisions"}],"predecessor-version":[{"id":15680,"href":"https:\/\/perfumeriaintercontinental.com\/index.php\/wp-json\/wp\/v2\/product\/13469\/revisions\/15680"}],"wp:featuredmedia":[{"embeddable":true,"href":"https:\/\/perfumeriaintercontinental.com\/index.php\/wp-json\/wp\/v2\/media\/13470"}],"wp:attachment":[{"href":"https:\/\/perfumeriaintercontinental.com\/index.php\/wp-json\/wp\/v2\/media?parent=13469"}],"wp:term":[{"taxonomy":"product_brand","embeddable":true,"href":"https:\/\/perfumeriaintercontinental.com\/index.php\/wp-json\/wp\/v2\/product_brand?post=13469"},{"taxonomy":"product_cat","embeddable":true,"href":"https:\/\/perfumeriaintercontinental.com\/index.php\/wp-json\/wp\/v2\/product_cat?post=13469"},{"taxonomy":"product_tag","embeddable":true,"href":"https:\/\/perfumeriaintercontinental.com\/index.php\/wp-json\/wp\/v2\/product_tag?post=13469"}],"curies":[{"name":"wp","href":"https:\/\/api.w.org\/{rel}","templated":true}]}}