{"id":13473,"date":"2024-11-19T22:07:19","date_gmt":"2024-11-20T03:07:19","guid":{"rendered":"https:\/\/perfumeriaintercontinental.com\/?post_type=product&#038;p=13473"},"modified":"2025-09-17T17:25:19","modified_gmt":"2025-09-17T22:25:19","slug":"estuche-armaf-odyssey-mandarinsky-4-piezas-edp-hombre","status":"publish","type":"product","link":"https:\/\/perfumeriaintercontinental.com\/index.php\/producto\/estuche-armaf-odyssey-mandarinsky-4-piezas-edp-hombre\/","title":{"rendered":"Estuche Armaf Odyssey MandarinSky 4 Piezas EDP Hombre Original"},"content":{"rendered":"<h1>Estuche Armaf Odyssey MandarinSky 4 Piezas<\/h1>\n<p>El <strong>perfume Mandarinsky<\/strong> es una fragancia que combina frescura, elegancia y sofisticaci\u00f3n, dise\u00f1ada para quienes buscan un aroma \u00fanico y envolvente. Con una mezcla exquisita de notas c\u00edtricas y florales, este perfume se convierte en la elecci\u00f3n ideal para aquellos que desean destacarse con un perfume que deja una impresi\u00f3n duradera.<\/p>\n<ul>\n<li><strong>Durabilidad:<\/strong> Mandarinsky ofrece una durabilidad impresionante que puede mantenerse durante horas, siendo una opci\u00f3n perfecta tanto para el d\u00eda como para la noche. La fragancia se adapta bien a diferentes momentos del d\u00eda, proporcionando una experiencia olfativa que perdura.<\/li>\n<li><strong>Ideal para:<\/strong> Esta fragancia es ideal para personas que buscan un perfume refrescante pero sofisticado. Su frescura la hace perfecta para el clima c\u00e1lido, pero su base m\u00e1s c\u00e1lida tambi\u00e9n la convierte en una opci\u00f3n adecuada para el oto\u00f1o e invierno.<\/li>\n<li><strong>Presentaci\u00f3n:<\/strong> El perfume Mandarinsky se presenta en un elegante frasco, lo que refleja la calidad y el lujo de la fragancia que contiene. Es perfecto para regalar o para lucir en tu tocador.<\/li>\n<li>El perfume <strong>Mandarinsky<\/strong> es una opci\u00f3n de lujo para quienes buscan una fragancia fresca pero profunda. Con una excelente mezcla de notas c\u00edtricas y florales, ofrece un perfume que es tanto sofisticado como accesible para el uso diario. Ideal para cualquier ocasi\u00f3n, este perfume se destaca por su frescura vibrante y su durabilidad, convirti\u00e9ndolo en una elecci\u00f3n que no puede faltar en tu colecci\u00f3n.<strong>Conclusi\u00f3n:<\/strong> Si te atraen las fragancias frescas, elegantes y de larga duraci\u00f3n, el perfume Mandarinsky es una opci\u00f3n que no te decepcionar\u00e1. \u00a1Hazlo tuyo y disfruta de un aroma \u00fanico y cautivador!<\/li>\n<\/ul>\n<p><strong>TODOS LOS MEDIOS DE PAGO Y CONTRAENTREGA NACIONAL<\/strong><\/p>\n<p><strong>PERFUMES ORIGINALES<\/strong><br \/>\nTUS COMPRAS 100% PROTEGIDAS<br \/>\nVISITANOS EN NUESTRAS REDES SOCIALES<br \/>\n<a href=\"https:\/\/www.instagram.com\/perfumeriaintercontinental\">https:\/\/www.instagram.com\/perfumeriaintercontinental<\/a><br \/>\n<a href=\"https:\/\/www.facebook.com\/profile.php?id=100093904003521&amp;mibextid=ZbWKwL\/\">https:\/\/www.facebook.com\/profile.php?id=100093904003521&amp;mibextid=ZbWKwL<\/a><\/p>\n<p><a href=\"https:\/\/perfumeriaintercontinental.com\/index.php\/producto\/armaf-odyssey-mandarin-sky-edp-edicion-limitada-caballero-100ml\/\">Armaf Odyssey Mandarin Sky EDP Edici\u00f3n Limitada Caballero 100ml<\/a><\/p>\n","protected":false},"excerpt":{"rendered":"<p>&nbsp;<\/p>\n<p><strong>Estuche Armaf Odyssey MandarinSky,<\/strong>\u00a0frescura c\u00edtrica y elegancia amaderada en un set exclusivo.<\/p>\n","protected":false},"featured_media":13474,"comment_status":"open","ping_status":"closed","template":"","meta":{"_eb_attr":"","om_disable_all_campaigns":false,"_monsterinsights_skip_tracking":false,"_monsterinsights_sitenote_active":false,"_monsterinsights_sitenote_note":"","_monsterinsights_sitenote_category":0},"product_brand":[],"product_cat":[192,211,34,15,32,29],"product_tag":[360,368,264,337,255],"class_list":{"0":"post-13473","1":"product","2":"type-product","3":"status-publish","4":"has-post-thumbnail","6":"product_cat-armaf","7":"product_cat-perfumes-arabes","8":"product_cat-marcas","9":"product_cat-todos-los-productos","10":"product_cat-estuches-hombre","11":"product_cat-hombre","12":"product_tag-armaf","13":"product_tag-armaf-odyssey-mandarinsky","14":"product_tag-estuches-de-perfumes","15":"product_tag-perfumes-arabes","16":"product_tag-perfumes-para-hombre","19":"first","20":"instock","21":"sale","22":"shipping-taxable","23":"purchasable","24":"product-type-simple"},"aioseo_notices":[],"_links":{"self":[{"href":"https:\/\/perfumeriaintercontinental.com\/index.php\/wp-json\/wp\/v2\/product\/13473","targetHints":{"allow":["GET"]}}],"collection":[{"href":"https:\/\/perfumeriaintercontinental.com\/index.php\/wp-json\/wp\/v2\/product"}],"about":[{"href":"https:\/\/perfumeriaintercontinental.com\/index.php\/wp-json\/wp\/v2\/types\/product"}],"replies":[{"embeddable":true,"href":"https:\/\/perfumeriaintercontinental.com\/index.php\/wp-json\/wp\/v2\/comments?post=13473"}],"version-history":[{"count":5,"href":"https:\/\/perfumeriaintercontinental.com\/index.php\/wp-json\/wp\/v2\/product\/13473\/revisions"}],"predecessor-version":[{"id":15647,"href":"https:\/\/perfumeriaintercontinental.com\/index.php\/wp-json\/wp\/v2\/product\/13473\/revisions\/15647"}],"wp:featuredmedia":[{"embeddable":true,"href":"https:\/\/perfumeriaintercontinental.com\/index.php\/wp-json\/wp\/v2\/media\/13474"}],"wp:attachment":[{"href":"https:\/\/perfumeriaintercontinental.com\/index.php\/wp-json\/wp\/v2\/media?parent=13473"}],"wp:term":[{"taxonomy":"product_brand","embeddable":true,"href":"https:\/\/perfumeriaintercontinental.com\/index.php\/wp-json\/wp\/v2\/product_brand?post=13473"},{"taxonomy":"product_cat","embeddable":true,"href":"https:\/\/perfumeriaintercontinental.com\/index.php\/wp-json\/wp\/v2\/product_cat?post=13473"},{"taxonomy":"product_tag","embeddable":true,"href":"https:\/\/perfumeriaintercontinental.com\/index.php\/wp-json\/wp\/v2\/product_tag?post=13473"}],"curies":[{"name":"wp","href":"https:\/\/api.w.org\/{rel}","templated":true}]}}