{"id":13485,"date":"2024-11-19T23:51:51","date_gmt":"2024-11-20T04:51:51","guid":{"rendered":"https:\/\/perfumeriaintercontinental.com\/?post_type=product&#038;p=13485"},"modified":"2025-08-11T17:51:20","modified_gmt":"2025-08-11T22:51:20","slug":"armaf-miss-dazzling-eau-de-parfum-100ml-dama","status":"publish","type":"product","link":"https:\/\/perfumeriaintercontinental.com\/index.php\/producto\/armaf-miss-dazzling-eau-de-parfum-100ml-dama\/","title":{"rendered":"Armaf Miss Dazzling Eau de Parfum 100ml Dama Original"},"content":{"rendered":"<h1><span style=\"vertical-align: inherit;\"><span style=\"vertical-align: inherit;\">Armaf Miss Dazzling\u00a0<\/span><\/span><\/h1>\n<p>El <strong>perfume Armaf Miss Dazzling,<\/strong> es una fragancia femenina que combina la frescura de notas frutales con la sofisticaci\u00f3n de notas florales y amaderadas. Este perfume de la popular marca Armaf ha sido dise\u00f1ado para mujeres modernas y elegantes que buscan un aroma vibrante, duradero y lleno de energ\u00eda. Con su balance perfecto entre frescura y sensualidad, <strong>Armaf Miss Dazzling<\/strong> es la opci\u00f3n ideal para quienes desean destacar con una fragancia \u00fanica y radiante.<\/p>\n<h2><strong>Notas Principales:<\/strong><\/h2>\n<p><strong>Armaf Miss Dazzling<\/strong> abre con una <strong>explosi\u00f3n de notas frutales<\/strong> frescas, como <strong>pera<\/strong> y <strong>mandarina<\/strong>, que brindan una sensaci\u00f3n de frescura y luminosidad. El coraz\u00f3n de la fragancia est\u00e1 compuesto por notas <strong>florales<\/strong> delicadas, como el <strong>jazm\u00edn<\/strong> y la <strong>rosa<\/strong>, que aportan elegancia y feminidad. Finalmente, las <strong>notas de fondo<\/strong> de <strong>almizcle<\/strong>, <strong>s\u00e1ndalo<\/strong> y <strong>vainilla<\/strong> ofrecen una base c\u00e1lida y seductora, creando una estela encantadora y duradera.<\/p>\n<p>La fragancia <strong>Armaf Miss Dazzling<\/strong> tiene una excelente durabilidad, logrando mantenerse en la piel durante varias horas sin perder su intensidad. Gracias a su combinaci\u00f3n de notas florales, afrutadas y amaderadas, su aroma se despliega con el paso del tiempo, dejando un rastro seductor que atrae sin ser abrumador.<\/p>\n<p>Este perfume es perfecto para mujeres que buscan una fragancia <strong>vers\u00e1til<\/strong> y <strong>sofisticada<\/strong>, adecuada tanto para el d\u00eda como para la noche. Su frescura inicial lo hace ideal para el clima c\u00e1lido, mientras que sus notas amaderadas y c\u00e1lidas lo convierten en una opci\u00f3n perfecta para las temporadas m\u00e1s frescas. <strong>Armaf Miss Dazzling<\/strong> es ideal para todo tipo de ocasiones, desde una salida casual hasta un evento especial.<\/p>\n<p>El perfume <strong>Armaf Miss Dazzling<\/strong> es una elecci\u00f3n perfecta para mujeres que buscan una fragancia fresca, floral y sensual, con una excelente durabilidad. Su mezcla de notas frutales, florales y amaderadas crea una fragancia vers\u00e1til y envolvente que es adecuada para cualquier ocasi\u00f3n. Adem\u00e1s, su presentaci\u00f3n elegante y sofisticada hace que se convierta en una opci\u00f3n atractiva tanto para el uso personal como para regalar.<\/p>\n<p><strong>TODOS LOS MEDIOS DE PAGO Y CONTRAENTREGA NACIONAL<\/strong><\/p>\n<p><strong>PERFUMES ORIGINALES<\/strong><br \/>\nTUS COMPRAS 100% PROTEGIDAS<br \/>\nVISITANOS EN NUESTRAS REDES SOCIALES<br \/>\n<a href=\"https:\/\/www.instagram.com\/perfumeriaintercontinental\">https:\/\/www.instagram.com\/perfumeriaintercontinental<\/a><br \/>\n<a href=\"https:\/\/www.facebook.com\/profile.php?id=100093904003521&amp;mibextid=ZbWKwL\/\">https:\/\/www.facebook.com\/profile.php?id=100093904003521&amp;mibextid=ZbWKwL<\/a><\/p>\n<p><a href=\"https:\/\/perfumeriaintercontinental.com\/index.php\/producto\/armaf-miss-chic-eau-de-parfum-100ml\/\"><span style=\"vertical-align: inherit;\"><span style=\"vertical-align: inherit;\">Armaf Miss Chic Eau de Parfum 100ml<\/span><\/span><\/a><\/p>\n","protected":false},"excerpt":{"rendered":"<p><strong>Armaf Miss Dazzling<\/strong>, una mezcla dulce y afrutada que resalta la sofisticaci\u00f3n y alegr\u00eda en cada ocasi\u00f3n.<\/p>\n<p>&nbsp;<\/p>\n","protected":false},"featured_media":13487,"comment_status":"open","ping_status":"closed","template":"","meta":{"_eb_attr":"","om_disable_all_campaigns":false,"_monsterinsights_skip_tracking":false,"_monsterinsights_sitenote_active":false,"_monsterinsights_sitenote_note":"","_monsterinsights_sitenote_category":0},"product_brand":[],"product_cat":[192,34,15,30],"product_tag":[381,359,379,346],"class_list":{"0":"post-13485","1":"product","2":"type-product","3":"status-publish","4":"has-post-thumbnail","6":"product_cat-armaf","7":"product_cat-marcas","8":"product_cat-todos-los-productos","9":"product_cat-mujer","10":"product_tag-armaf-miss-dazzling","11":"product_tag-perfumes-arabes-para-dama","12":"product_tag-perfumes-dama","13":"product_tag-perfumes-elegantes","16":"first","17":"instock","18":"shipping-taxable","19":"purchasable","20":"product-type-simple"},"aioseo_notices":[],"_links":{"self":[{"href":"https:\/\/perfumeriaintercontinental.com\/index.php\/wp-json\/wp\/v2\/product\/13485","targetHints":{"allow":["GET"]}}],"collection":[{"href":"https:\/\/perfumeriaintercontinental.com\/index.php\/wp-json\/wp\/v2\/product"}],"about":[{"href":"https:\/\/perfumeriaintercontinental.com\/index.php\/wp-json\/wp\/v2\/types\/product"}],"replies":[{"embeddable":true,"href":"https:\/\/perfumeriaintercontinental.com\/index.php\/wp-json\/wp\/v2\/comments?post=13485"}],"version-history":[{"count":6,"href":"https:\/\/perfumeriaintercontinental.com\/index.php\/wp-json\/wp\/v2\/product\/13485\/revisions"}],"predecessor-version":[{"id":15650,"href":"https:\/\/perfumeriaintercontinental.com\/index.php\/wp-json\/wp\/v2\/product\/13485\/revisions\/15650"}],"wp:featuredmedia":[{"embeddable":true,"href":"https:\/\/perfumeriaintercontinental.com\/index.php\/wp-json\/wp\/v2\/media\/13487"}],"wp:attachment":[{"href":"https:\/\/perfumeriaintercontinental.com\/index.php\/wp-json\/wp\/v2\/media?parent=13485"}],"wp:term":[{"taxonomy":"product_brand","embeddable":true,"href":"https:\/\/perfumeriaintercontinental.com\/index.php\/wp-json\/wp\/v2\/product_brand?post=13485"},{"taxonomy":"product_cat","embeddable":true,"href":"https:\/\/perfumeriaintercontinental.com\/index.php\/wp-json\/wp\/v2\/product_cat?post=13485"},{"taxonomy":"product_tag","embeddable":true,"href":"https:\/\/perfumeriaintercontinental.com\/index.php\/wp-json\/wp\/v2\/product_tag?post=13485"}],"curies":[{"name":"wp","href":"https:\/\/api.w.org\/{rel}","templated":true}]}}