{"id":13555,"date":"2025-01-07T14:06:17","date_gmt":"2025-01-07T19:06:17","guid":{"rendered":"https:\/\/perfumeriaintercontinental.com\/?post_type=product&#038;p=13555"},"modified":"2025-08-11T18:03:33","modified_gmt":"2025-08-11T23:03:33","slug":"armaf-club-de-nuit-private-key-to-my-dreams-extrait-de-parfum-100ml","status":"publish","type":"product","link":"https:\/\/perfumeriaintercontinental.com\/index.php\/producto\/armaf-club-de-nuit-private-key-to-my-dreams-extrait-de-parfum-100ml\/","title":{"rendered":"Armaf Club de Nuit Private Key To My Dreams ExtDP 100ml Unisex Original"},"content":{"rendered":"<h1 class=\"product_title entry-title\">Club de Nuit Private Key To My Dreams<\/h1>\n<p>&nbsp;<\/p>\n<p class=\"product_title entry-title\"><strong>Private Key To My Dreams<\/strong>,\u00a0de Armaf es una fragancia intrigante y seductora que ha ganado popularidad por su elegante combinaci\u00f3n de notas frescas, florales y amaderadas. Este perfume es ideal para quienes buscan una experiencia olfativa \u00fanica, con una fragancia que evoca una sensaci\u00f3n de misterio y sofisticaci\u00f3n. Es una opci\u00f3n atractiva para aquellos que buscan una fragancia de alta calidad a un precio accesible.<\/p>\n<p><strong>Notas de la fragancia:<\/strong> El <strong>Club de Nuit Private Key To My Dreams<\/strong> se caracteriza por una mezcla delicada pero poderosa de notas que crean una sensaci\u00f3n de frescura y sofisticaci\u00f3n. En la <strong>apertura<\/strong>, se destacan las notas c\u00edtricas de <strong>mandarina<\/strong> y <strong>lim\u00f3n<\/strong>, que aportan una frescura vibrante y energ\u00e9tica. En el <strong>coraz\u00f3n<\/strong>, las notas florales de <strong>rosa<\/strong> y <strong>jazm\u00edn<\/strong> se fusionan con el toque dulce de la <strong>vainilla<\/strong>, a\u00f1adiendo un aire rom\u00e1ntico y femenino. Finalmente, en las <strong>notas de fondo<\/strong>, se perciben acordes amaderados y c\u00e1lidos de <strong>s\u00e1ndalo<\/strong>, <strong>almizcle<\/strong> y <strong>amber<\/strong>, que proporcionan una base suave y profunda, que se mantiene en la piel durante mucho tiempo.<\/p>\n<p><strong>Duraci\u00f3n y proyecci\u00f3n:<\/strong> La duraci\u00f3n del <strong>Club de Nuit Private Key To My Dreams<\/strong> es bastante impresionante, manteni\u00e9ndose durante horas con una proyecci\u00f3n moderada. Este perfume es ideal para quienes buscan una fragancia que perdure sin ser demasiado invasiva. A lo largo del d\u00eda, la fragancia se transforma, pasando de una apertura fresca y floral a una base c\u00e1lida y amaderada, lo que le otorga un dinamismo \u00fanico.<\/p>\n<p><a href=\"https:\/\/perfumeriaintercontinental.com\/index.php\/producto\/parfums-de-marly-layton-exclusif-edition-royale-unisex-125ml\/\">Parfums de Marly Layton Exclusif Edition Royale Unisex 125ml<\/a><\/p>\n<p>&nbsp;<\/p>\n<p><strong>PERFUMES ORIGINALES<\/strong><br \/>\nTUS COMPRAS 100% PROTEGIDAS<br \/>\nVISITANOS EN NUESTRAS REDES SOCIALES<br \/>\n<a href=\"https:\/\/www.instagram.com\/perfumeriaintercontinental\">https:\/\/www.instagram.com\/perfumeriaintercontinental<\/a><br \/>\n<a href=\"https:\/\/www.facebook.com\/profile.php?id=100093904003521&amp;mibextid=ZbWKwL\/\">https:\/\/www.facebook.com\/profile.php?id=100093904003521&amp;mibextid=ZbWKwL<\/a><\/p>\n","protected":false},"excerpt":{"rendered":"<p><strong>Private Key To My Dreams<\/strong> de Armaf es una fragancia intrigante y seductora que ha ganado popularidad por su elegante combinaci\u00f3n de notas frescas, florales y amaderadas. Este perfume es ideal para quienes buscan una experiencia olfativa \u00fanica, con una fragancia que evoca una sensaci\u00f3n de misterio y sofisticaci\u00f3n. Es una opci\u00f3n atractiva para aquellos que buscan una fragancia de alta calidad a un precio accesible.<\/p>\n<p>&nbsp;<\/p>\n","protected":false},"featured_media":13557,"comment_status":"open","ping_status":"closed","template":"","meta":{"_eb_attr":"","om_disable_all_campaigns":false,"_monsterinsights_skip_tracking":false,"_monsterinsights_sitenote_active":false,"_monsterinsights_sitenote_note":"","_monsterinsights_sitenote_category":0},"product_brand":[],"product_cat":[192,211,34,15,29],"product_tag":[360,392,390,391,393,337],"class_list":{"0":"post-13555","1":"product","2":"type-product","3":"status-publish","4":"has-post-thumbnail","6":"product_cat-armaf","7":"product_cat-perfumes-arabes","8":"product_cat-marcas","9":"product_cat-todos-los-productos","10":"product_cat-hombre","11":"product_tag-armaf","12":"product_tag-club-de-nuit-private-key","13":"product_tag-club-de-nuit-private-key-to-my-dreams","14":"product_tag-perfume-floral-y-amaderado","15":"product_tag-perfume-para-el-dia-y-la-noche","16":"product_tag-perfumes-arabes","19":"first","20":"instock","21":"shipping-taxable","22":"purchasable","23":"product-type-simple"},"aioseo_notices":[],"_links":{"self":[{"href":"https:\/\/perfumeriaintercontinental.com\/index.php\/wp-json\/wp\/v2\/product\/13555","targetHints":{"allow":["GET"]}}],"collection":[{"href":"https:\/\/perfumeriaintercontinental.com\/index.php\/wp-json\/wp\/v2\/product"}],"about":[{"href":"https:\/\/perfumeriaintercontinental.com\/index.php\/wp-json\/wp\/v2\/types\/product"}],"replies":[{"embeddable":true,"href":"https:\/\/perfumeriaintercontinental.com\/index.php\/wp-json\/wp\/v2\/comments?post=13555"}],"version-history":[{"count":5,"href":"https:\/\/perfumeriaintercontinental.com\/index.php\/wp-json\/wp\/v2\/product\/13555\/revisions"}],"predecessor-version":[{"id":15658,"href":"https:\/\/perfumeriaintercontinental.com\/index.php\/wp-json\/wp\/v2\/product\/13555\/revisions\/15658"}],"wp:featuredmedia":[{"embeddable":true,"href":"https:\/\/perfumeriaintercontinental.com\/index.php\/wp-json\/wp\/v2\/media\/13557"}],"wp:attachment":[{"href":"https:\/\/perfumeriaintercontinental.com\/index.php\/wp-json\/wp\/v2\/media?parent=13555"}],"wp:term":[{"taxonomy":"product_brand","embeddable":true,"href":"https:\/\/perfumeriaintercontinental.com\/index.php\/wp-json\/wp\/v2\/product_brand?post=13555"},{"taxonomy":"product_cat","embeddable":true,"href":"https:\/\/perfumeriaintercontinental.com\/index.php\/wp-json\/wp\/v2\/product_cat?post=13555"},{"taxonomy":"product_tag","embeddable":true,"href":"https:\/\/perfumeriaintercontinental.com\/index.php\/wp-json\/wp\/v2\/product_tag?post=13555"}],"curies":[{"name":"wp","href":"https:\/\/api.w.org\/{rel}","templated":true}]}}