{"id":13561,"date":"2025-02-03T22:34:03","date_gmt":"2025-02-04T03:34:03","guid":{"rendered":"https:\/\/perfumeriaintercontinental.com\/?post_type=product&#038;p=13561"},"modified":"2025-08-11T18:03:48","modified_gmt":"2025-08-11T23:03:48","slug":"armaf-delights-island-bliss-eau-de-parfum-100ml-dama","status":"publish","type":"product","link":"https:\/\/perfumeriaintercontinental.com\/index.php\/producto\/armaf-delights-island-bliss-eau-de-parfum-100ml-dama\/","title":{"rendered":"Armaf Delights Island Bliss Eau de Parfum 100ml Dama Original"},"content":{"rendered":"<h1 class=\"product_title entry-title\"><span style=\"vertical-align: inherit;\"><span style=\"vertical-align: inherit;\">\u00a0Armaf Delights Island Bliss\u00a0<\/span><\/span><\/h1>\n<p><strong>Armaf Delights Island Bliss<\/strong>, es una fragancia cautivadora y refrescante que transporta a sus usuarios a una isla paradis\u00edaca. Este perfume unisex, lanzado por la reconocida marca Armaf, destaca por su equilibrio perfecto entre frescura y elegancia, haciendo de \u00e9l una opci\u00f3n ideal para cualquier ocasi\u00f3n, ya sea para el d\u00eda a d\u00eda o para momentos especiales.<\/p>\n<h3><strong>Notas de Salida, Coraz\u00f3n y Fondo<\/strong><\/h3>\n<p>La fragancia comienza con una apertura c\u00edtrica y afrutada, destacando notas de frutas tropicales como la mandarina y la pi\u00f1a, que evocan la brisa c\u00e1lida de una isla. Estas notas frescas se mezclan con un coraz\u00f3n floral y suave, compuesto por jazm\u00edn y rosa, que aporta un toque de feminidad y sofisticaci\u00f3n. Finalmente, las notas de fondo de madera de s\u00e1ndalo y almizcle crean una base c\u00e1lida y envolvente que prolonga la duraci\u00f3n de la fragancia sobre la piel, dejando una estela agradable y duradera.<\/p>\n<h3><strong>Dise\u00f1o y Presentaci\u00f3n<\/strong><\/h3>\n<p>El dise\u00f1o del frasco de Armaf Delights Island Bliss es elegante y moderno, con l\u00edneas limpias y una tapa dorada que refleja la calidad de la fragancia que encierra. La botella, de vidrio transparente, permite ver el l\u00edquido dentro, el cual tiene un tono suave que complementa su imagen fresca y luminosa. Este perfume es una excelente adici\u00f3n tanto a tu colecci\u00f3n personal como para regalar en cualquier ocasi\u00f3n especial.<\/p>\n<h3><strong>Durabilidad y Proyecci\u00f3n<\/strong><\/h3>\n<p>La duraci\u00f3n de Armaf Delights Island Bliss es notable, con una longevidad que puede llegar a las 6-8 horas, lo que lo convierte en una opci\u00f3n ideal para eventos largos o jornadas completas. Su proyecci\u00f3n es moderada, lo que significa que no es abrumador, pero s\u00ed deja una presencia cautivadora en el aire, haciendo que quienes te rodean lo noten sin ser invasivo.<\/p>\n<p><a href=\"https:\/\/perfumeriaintercontinental.com\/index.php\/producto\/black-opium-eau-de-parfum-yves-saint-laurent-dama-90ml\/\">Black Opium Eau de Parfum Yves Saint Laurent Dama 90ml<\/a><\/p>\n<p>&nbsp;<\/p>\n<p><strong>PERFUMES ORIGINALES<\/strong><br \/>\nTUS COMPRAS 100% PROTEGIDAS<br \/>\nVISITANOS EN NUESTRAS REDES SOCIALES<br \/>\n<a href=\"https:\/\/www.instagram.com\/perfumeriaintercontinental\">https:\/\/www.instagram.com\/perfumeriaintercontinental<\/a><br \/>\n<a href=\"https:\/\/www.facebook.com\/profile.php?id=100093904003521&amp;mibextid=ZbWKwL\/\">https:\/\/www.facebook.com\/profile.php?id=100093904003521&amp;mibextid=ZbWKwL<\/a><\/p>\n","protected":false},"excerpt":{"rendered":"<p><strong>Armaf Delights Island Bliss<\/strong>, es una fragancia cautivadora y refrescante que transporta a sus usuarios a una isla paradis\u00edaca.<\/p>\n","protected":false},"featured_media":13563,"comment_status":"open","ping_status":"closed","template":"","meta":{"_eb_attr":"","om_disable_all_campaigns":false,"_monsterinsights_skip_tracking":false,"_monsterinsights_sitenote_active":false,"_monsterinsights_sitenote_note":"","_monsterinsights_sitenote_category":0},"product_brand":[],"product_cat":[192,211,34,15,30],"product_tag":[360,394,395,337,359,344],"class_list":{"0":"post-13561","1":"product","2":"type-product","3":"status-publish","4":"has-post-thumbnail","6":"product_cat-armaf","7":"product_cat-perfumes-arabes","8":"product_cat-marcas","9":"product_cat-todos-los-productos","10":"product_cat-mujer","11":"product_tag-armaf","12":"product_tag-delights-island-bliss","13":"product_tag-perfume-tropical","14":"product_tag-perfumes-arabes","15":"product_tag-perfumes-arabes-para-dama","16":"product_tag-perfumes-frescos","19":"first","20":"instock","21":"shipping-taxable","22":"purchasable","23":"product-type-simple"},"aioseo_notices":[],"_links":{"self":[{"href":"https:\/\/perfumeriaintercontinental.com\/index.php\/wp-json\/wp\/v2\/product\/13561","targetHints":{"allow":["GET"]}}],"collection":[{"href":"https:\/\/perfumeriaintercontinental.com\/index.php\/wp-json\/wp\/v2\/product"}],"about":[{"href":"https:\/\/perfumeriaintercontinental.com\/index.php\/wp-json\/wp\/v2\/types\/product"}],"replies":[{"embeddable":true,"href":"https:\/\/perfumeriaintercontinental.com\/index.php\/wp-json\/wp\/v2\/comments?post=13561"}],"version-history":[{"count":5,"href":"https:\/\/perfumeriaintercontinental.com\/index.php\/wp-json\/wp\/v2\/product\/13561\/revisions"}],"predecessor-version":[{"id":15659,"href":"https:\/\/perfumeriaintercontinental.com\/index.php\/wp-json\/wp\/v2\/product\/13561\/revisions\/15659"}],"wp:featuredmedia":[{"embeddable":true,"href":"https:\/\/perfumeriaintercontinental.com\/index.php\/wp-json\/wp\/v2\/media\/13563"}],"wp:attachment":[{"href":"https:\/\/perfumeriaintercontinental.com\/index.php\/wp-json\/wp\/v2\/media?parent=13561"}],"wp:term":[{"taxonomy":"product_brand","embeddable":true,"href":"https:\/\/perfumeriaintercontinental.com\/index.php\/wp-json\/wp\/v2\/product_brand?post=13561"},{"taxonomy":"product_cat","embeddable":true,"href":"https:\/\/perfumeriaintercontinental.com\/index.php\/wp-json\/wp\/v2\/product_cat?post=13561"},{"taxonomy":"product_tag","embeddable":true,"href":"https:\/\/perfumeriaintercontinental.com\/index.php\/wp-json\/wp\/v2\/product_tag?post=13561"}],"curies":[{"name":"wp","href":"https:\/\/api.w.org\/{rel}","templated":true}]}}