{"id":13620,"date":"2025-02-25T15:39:10","date_gmt":"2025-02-25T20:39:10","guid":{"rendered":"https:\/\/perfumeriaintercontinental.com\/?post_type=product&#038;p=13620"},"modified":"2025-10-21T09:49:34","modified_gmt":"2025-10-21T14:49:34","slug":"perfume-hawas-fire-rasasi-eau-de-parfum-100ml-caballero","status":"publish","type":"product","link":"https:\/\/perfumeriaintercontinental.com\/index.php\/producto\/perfume-hawas-fire-rasasi-eau-de-parfum-100ml-caballero\/","title":{"rendered":"Perfume Hawas Fire Rasasi Eau de Parfum 100ml Caballero Original"},"content":{"rendered":"<p>Descubre la esencia de <strong>Hawas Fire Rasasi Eau de Parfum<\/strong>, una fragancia unisex que captura la intensidad y la elegancia innegable. Lanzada en 2025, esta fragancia arom\u00e1tica y acu\u00e1tica redefine la perfumer\u00eda moderna con su combinaci\u00f3n \u00fanica de notas frescas y c\u00e1lidas.<\/p>\n<p><strong>Notas Olfativas:<\/strong><\/p>\n<ul>\n<li><strong>Notas de Salida:<\/strong> Esclarea Francesa.<\/li>\n<li><strong>Notas de Coraz\u00f3n:<\/strong> Jazm\u00edn Egipcio y Notas Marinas.<\/li>\n<li><strong>Notas de Fondo:<\/strong> \u00c1mbar Gris y \u00c1mbar Mineral.<\/li>\n<\/ul>\n<p><strong>Caracter\u00edsticas Destacadas:<\/strong><\/p>\n<ul>\n<li><strong>Fragancia Unisex:<\/strong> Perfecta para hombres y mujeres que buscan destacar con confianza y estilo.<\/li>\n<li><strong>Dise\u00f1o Impactante:<\/strong> El frasco transita de un negro profundo a un rojo ardiente, simbolizando la pasi\u00f3n y la intensidad encapsuladas en su interior.<\/li>\n<li><strong>Durabilidad y Proyecci\u00f3n:<\/strong> Una fragancia que deja una impresi\u00f3n duradera y sofisticada<\/li>\n<\/ul>\n<p>&nbsp;<\/p>\n<p><a href=\"https:\/\/perfumeriaintercontinental.com\/index.php\/producto\/armaf-club-de-nuit-intense-man-parfum-edicion-limitada-105ml\/\">Armaf Club de Nuit Intense Man Parfum Edici\u00f3n Limitada 105ml<\/a><\/p>\n<p><strong>TODOS LOS MEDIOS DE PAGO Y CONTRAENTREGA NACIONAL<\/strong><\/p>\n<p><strong>PERFUMES ORIGINALES<\/strong><br \/>\nTUS COMPRAS 100% PROTEGIDAS<br \/>\nVISITANOS EN NUESTRAS REDES SOCIALES<br \/>\n<a href=\"https:\/\/www.instagram.com\/perfumeriaintercontinental\">https:\/\/www.instagram.com\/perfumeriaintercontinental<\/a><br \/>\n<a href=\"https:\/\/www.facebook.com\/profile.php?id=100093904003521&amp;mibextid=ZbWKwL\/\">https:\/\/www.facebook.com\/profile.php?id=100093904003521&amp;mibextid=ZbWKwL<\/a><\/p>\n","protected":false},"excerpt":{"rendered":"<p>Sum\u00e9rgete en la pasi\u00f3n y sofisticaci\u00f3n de <strong>Hawas Fire Eau de Parfum<\/strong> y experimenta una fragancia que exalta la individualidad y el estilo. Ideal para cualquier ocasi\u00f3n, esta fragancia es un homenaje a la elegancia moderna y la confianza radiante.<\/p>\n","protected":false},"featured_media":13621,"comment_status":"open","ping_status":"closed","template":"","meta":{"_eb_attr":"","om_disable_all_campaigns":false,"_monsterinsights_skip_tracking":false,"_monsterinsights_sitenote_active":false,"_monsterinsights_sitenote_note":"","_monsterinsights_sitenote_category":0},"product_brand":[],"product_cat":[221,15,29],"product_tag":[],"class_list":{"0":"post-13620","1":"product","2":"type-product","3":"status-publish","4":"has-post-thumbnail","6":"product_cat-rasasi","7":"product_cat-todos-los-productos","8":"product_cat-hombre","11":"first","12":"instock","13":"shipping-taxable","14":"purchasable","15":"product-type-simple"},"aioseo_notices":[],"_links":{"self":[{"href":"https:\/\/perfumeriaintercontinental.com\/index.php\/wp-json\/wp\/v2\/product\/13620","targetHints":{"allow":["GET"]}}],"collection":[{"href":"https:\/\/perfumeriaintercontinental.com\/index.php\/wp-json\/wp\/v2\/product"}],"about":[{"href":"https:\/\/perfumeriaintercontinental.com\/index.php\/wp-json\/wp\/v2\/types\/product"}],"replies":[{"embeddable":true,"href":"https:\/\/perfumeriaintercontinental.com\/index.php\/wp-json\/wp\/v2\/comments?post=13620"}],"version-history":[{"count":3,"href":"https:\/\/perfumeriaintercontinental.com\/index.php\/wp-json\/wp\/v2\/product\/13620\/revisions"}],"predecessor-version":[{"id":15664,"href":"https:\/\/perfumeriaintercontinental.com\/index.php\/wp-json\/wp\/v2\/product\/13620\/revisions\/15664"}],"wp:featuredmedia":[{"embeddable":true,"href":"https:\/\/perfumeriaintercontinental.com\/index.php\/wp-json\/wp\/v2\/media\/13621"}],"wp:attachment":[{"href":"https:\/\/perfumeriaintercontinental.com\/index.php\/wp-json\/wp\/v2\/media?parent=13620"}],"wp:term":[{"taxonomy":"product_brand","embeddable":true,"href":"https:\/\/perfumeriaintercontinental.com\/index.php\/wp-json\/wp\/v2\/product_brand?post=13620"},{"taxonomy":"product_cat","embeddable":true,"href":"https:\/\/perfumeriaintercontinental.com\/index.php\/wp-json\/wp\/v2\/product_cat?post=13620"},{"taxonomy":"product_tag","embeddable":true,"href":"https:\/\/perfumeriaintercontinental.com\/index.php\/wp-json\/wp\/v2\/product_tag?post=13620"}],"curies":[{"name":"wp","href":"https:\/\/api.w.org\/{rel}","templated":true}]}}