{"id":205,"date":"2023-07-04T00:25:47","date_gmt":"2023-07-04T00:25:47","guid":{"rendered":"https:\/\/perfumeriaintercontinental.com\/?post_type=product&#038;p=205"},"modified":"2025-03-03T12:42:31","modified_gmt":"2025-03-03T17:42:31","slug":"mancera-cedrat-boise-edp-unisex-120ml","status":"publish","type":"product","link":"https:\/\/perfumeriaintercontinental.com\/index.php\/producto\/mancera-cedrat-boise-edp-unisex-120ml\/","title":{"rendered":"Mancera Cedrat Boise EDP Unisex 120ml"},"content":{"rendered":"<p><strong>Cedrat Boise de Mancera<\/strong> es una fragancia de la familia olfativa C\u00edtrica Arom\u00e1tica para Hombres y Mujeres. <strong>Cedrat Boise<\/strong> se lanz\u00f3 en 2011. La Nariz detr\u00e1s de esta fragrancia es Pierre Montale. Las Notas de Salida son lim\u00f3n siciliano (lima siciliana), grosellas negras, bergamota y notas especiadas; las Notas de Coraz\u00f3n son notas afrutadas, hojas de pachul\u00ed y jazm\u00edn de agua; las Notas de Fondo son cedro, cuero, s\u00e1ndalo, vainilla, almizcle blanco y musgo.<\/p>\n<p><strong>PERFUMES ORIGINALES<br \/>\nTUS COMPRAS 100% PROTEGIDAS<br \/>\nVISITANOS EN NUESTRAS REDES SOCIALES<br \/>\n<a title=\"Perfumer\u00eda Intercontinental\" href=\"https:\/\/www.instagram.com\/perfumeriaintercontinental\" target=\"_blank\" rel=\"noopener\">https:\/\/www.instagram.com\/perfumeriaintercontinental<\/a><br \/>\n<a title=\"Perfumer\u00eda Intercontinental\" href=\"https:\/\/www.facebook.com\/profile.php?id=100093904003521&amp;mibextid=ZbWKwL\/\" target=\"_blank\" rel=\"noopener\">https:\/\/www.facebook.com\/profile.php?id=100093904003521&amp;mibextid=ZbWKwL<\/a><\/strong><\/p>\n","protected":false},"excerpt":{"rendered":"<p><strong>PERFUMES NICHO<\/strong><\/p>\n","protected":false},"featured_media":210,"comment_status":"closed","ping_status":"closed","template":"","meta":{"_eb_attr":"","om_disable_all_campaigns":false,"_monsterinsights_skip_tracking":false,"_monsterinsights_sitenote_active":false,"_monsterinsights_sitenote_note":"","_monsterinsights_sitenote_category":0},"product_brand":[],"product_cat":[157,15,29,30,31],"product_tag":[],"class_list":{"0":"post-205","1":"product","2":"type-product","3":"status-publish","4":"has-post-thumbnail","6":"product_cat-mancera","7":"product_cat-todos-los-productos","8":"product_cat-hombre","9":"product_cat-mujer","10":"product_cat-unisex","13":"first","14":"instock","15":"shipping-taxable","16":"purchasable","17":"product-type-simple"},"aioseo_notices":[],"_links":{"self":[{"href":"https:\/\/perfumeriaintercontinental.com\/index.php\/wp-json\/wp\/v2\/product\/205","targetHints":{"allow":["GET"]}}],"collection":[{"href":"https:\/\/perfumeriaintercontinental.com\/index.php\/wp-json\/wp\/v2\/product"}],"about":[{"href":"https:\/\/perfumeriaintercontinental.com\/index.php\/wp-json\/wp\/v2\/types\/product"}],"replies":[{"embeddable":true,"href":"https:\/\/perfumeriaintercontinental.com\/index.php\/wp-json\/wp\/v2\/comments?post=205"}],"version-history":[{"count":1,"href":"https:\/\/perfumeriaintercontinental.com\/index.php\/wp-json\/wp\/v2\/product\/205\/revisions"}],"predecessor-version":[{"id":14365,"href":"https:\/\/perfumeriaintercontinental.com\/index.php\/wp-json\/wp\/v2\/product\/205\/revisions\/14365"}],"wp:featuredmedia":[{"embeddable":true,"href":"https:\/\/perfumeriaintercontinental.com\/index.php\/wp-json\/wp\/v2\/media\/210"}],"wp:attachment":[{"href":"https:\/\/perfumeriaintercontinental.com\/index.php\/wp-json\/wp\/v2\/media?parent=205"}],"wp:term":[{"taxonomy":"product_brand","embeddable":true,"href":"https:\/\/perfumeriaintercontinental.com\/index.php\/wp-json\/wp\/v2\/product_brand?post=205"},{"taxonomy":"product_cat","embeddable":true,"href":"https:\/\/perfumeriaintercontinental.com\/index.php\/wp-json\/wp\/v2\/product_cat?post=205"},{"taxonomy":"product_tag","embeddable":true,"href":"https:\/\/perfumeriaintercontinental.com\/index.php\/wp-json\/wp\/v2\/product_tag?post=205"}],"curies":[{"name":"wp","href":"https:\/\/api.w.org\/{rel}","templated":true}]}}