{"id":5007,"date":"2023-08-05T19:07:49","date_gmt":"2023-08-05T19:07:49","guid":{"rendered":"https:\/\/perfumeriaintercontinental.com\/?post_type=product&#038;p=5007"},"modified":"2025-02-25T16:33:21","modified_gmt":"2025-02-25T21:33:21","slug":"afnan-9am-pour-femme-edp-dama-100ml","status":"publish","type":"product","link":"https:\/\/perfumeriaintercontinental.com\/index.php\/producto\/afnan-9am-pour-femme-edp-dama-100ml\/","title":{"rendered":"Afnan 9am Pour Femme EDP Dama 100ml"},"content":{"rendered":"<p><strong>9am Pour Femme de Afnan<\/strong> es una fragancia de la familia olfativa \u00c1mbar para Mujeres. Esta fragrancia es nueva. <strong>9am Pour Femme<\/strong> se lanz\u00f3 en 2022. Las Notas de Salida son mandarina, bergamota y toronja (pomelo); las Notas de Coraz\u00f3n son grosellas negras y frambuesa; las Notas de Fondo son almizcle, \u00e1mbar y naranja.<\/p>\n<p><strong>PERFUMES ORIGINALES<\/strong><br \/>\nTUS COMPRAS 100% PROTEGIDAS<br \/>\nVISITANOS EN NUESTRAS REDES SOCIALES<br \/>\n<a title=\"Perfumer\u00eda Intercontinental\" href=\"https:\/\/www.instagram.com\/perfumeriaintercontinental\" target=\"_blank\" rel=\"noopener\">https:\/\/www.instagram.com\/perfumeriaintercontinental<\/a><br \/>\n<a title=\"Perfumer\u00eda Intercontinental\" href=\"https:\/\/www.facebook.com\/profile.php?id=100093904003521&amp;mibextid=ZbWKwL\/\" target=\"_blank\" rel=\"noopener\">https:\/\/www.facebook.com\/profile.php?id=100093904003521&amp;mibextid=ZbWKwL<\/a><\/p>\n","protected":false},"excerpt":{"rendered":"<p>Afnan 9AM Pour Femme es una fragancia que captura la esencia de la feminidad moderna con un toque oriental. Al abrirse, revela notas frescas de c\u00edtricos y frutos rojos que aportan energ\u00eda y vitalidad. En el coraz\u00f3n, un bouquet floral de jazm\u00edn y rosa a\u00f1ade una dulzura delicada, creando un equilibrio perfecto. La base de vainilla y maderas proporciona una calidez seductora y envolvente.<\/p>\n<p>Este perfume es ideal para el uso diario y ocasiones especiales, gracias a su versatilidad y elegancia. Su frasco elegante complementa la fragancia, haciendo de Afnan 9AM Pour Femme una opci\u00f3n encantadora para mujeres que buscan un aroma distintivo y memorable. Sin duda, es una elecci\u00f3n que deja una impresi\u00f3n duradera.<\/p>\n","protected":false},"featured_media":5009,"comment_status":"open","ping_status":"closed","template":"","meta":{"_eb_attr":"","om_disable_all_campaigns":false,"_monsterinsights_skip_tracking":false,"_monsterinsights_sitenote_active":false,"_monsterinsights_sitenote_note":"","_monsterinsights_sitenote_category":0},"product_brand":[],"product_cat":[156,15,30],"product_tag":[256],"class_list":{"0":"post-5007","1":"product","2":"type-product","3":"status-publish","4":"has-post-thumbnail","6":"product_cat-afnan","7":"product_cat-todos-los-productos","8":"product_cat-mujer","9":"product_tag-perfumes-para-mujer","12":"first","13":"instock","14":"shipping-taxable","15":"purchasable","16":"product-type-simple"},"aioseo_notices":[],"_links":{"self":[{"href":"https:\/\/perfumeriaintercontinental.com\/index.php\/wp-json\/wp\/v2\/product\/5007","targetHints":{"allow":["GET"]}}],"collection":[{"href":"https:\/\/perfumeriaintercontinental.com\/index.php\/wp-json\/wp\/v2\/product"}],"about":[{"href":"https:\/\/perfumeriaintercontinental.com\/index.php\/wp-json\/wp\/v2\/types\/product"}],"replies":[{"embeddable":true,"href":"https:\/\/perfumeriaintercontinental.com\/index.php\/wp-json\/wp\/v2\/comments?post=5007"}],"version-history":[{"count":2,"href":"https:\/\/perfumeriaintercontinental.com\/index.php\/wp-json\/wp\/v2\/product\/5007\/revisions"}],"predecessor-version":[{"id":13682,"href":"https:\/\/perfumeriaintercontinental.com\/index.php\/wp-json\/wp\/v2\/product\/5007\/revisions\/13682"}],"wp:featuredmedia":[{"embeddable":true,"href":"https:\/\/perfumeriaintercontinental.com\/index.php\/wp-json\/wp\/v2\/media\/5009"}],"wp:attachment":[{"href":"https:\/\/perfumeriaintercontinental.com\/index.php\/wp-json\/wp\/v2\/media?parent=5007"}],"wp:term":[{"taxonomy":"product_brand","embeddable":true,"href":"https:\/\/perfumeriaintercontinental.com\/index.php\/wp-json\/wp\/v2\/product_brand?post=5007"},{"taxonomy":"product_cat","embeddable":true,"href":"https:\/\/perfumeriaintercontinental.com\/index.php\/wp-json\/wp\/v2\/product_cat?post=5007"},{"taxonomy":"product_tag","embeddable":true,"href":"https:\/\/perfumeriaintercontinental.com\/index.php\/wp-json\/wp\/v2\/product_tag?post=5007"}],"curies":[{"name":"wp","href":"https:\/\/api.w.org\/{rel}","templated":true}]}}