{"id":5501,"date":"2023-08-10T19:39:46","date_gmt":"2023-08-10T19:39:46","guid":{"rendered":"https:\/\/perfumeriaintercontinental.com\/?post_type=product&#038;p=5501"},"modified":"2025-03-08T16:13:25","modified_gmt":"2025-03-08T21:13:25","slug":"xerjoff-naxos-eau-de-parfum-unisex-100ml","status":"publish","type":"product","link":"https:\/\/perfumeriaintercontinental.com\/index.php\/producto\/xerjoff-naxos-eau-de-parfum-unisex-100ml\/","title":{"rendered":"Xerjoff Naxos Eau de Parfum Unisex 100ml"},"content":{"rendered":"<p><strong>XJ 1861 Naxos de Xerjoff<\/strong> es una fragancia de la familia olfativa Arom\u00e1tica Especiada para Hombres y Mujeres. <strong>XJ 1861 Naxos<\/strong> se lanz\u00f3 en 2015. Las Notas de Salida son lavanda, bergamota y lim\u00f3n (lima \u00e1cida); las Notas de Coraz\u00f3n son miel, canela, cachemira y jazm\u00edn sambac (sampaguita); las Notas de Fondo son hojas de tabaco, vainilla y haba tonka.<\/p>\n<p><strong>PERFUMES ORIGINALES<\/strong><br \/>\nTUS COMPRAS 100% PROTEGIDAS<br \/>\nVISITANOS EN NUESTRAS REDES SOCIALES<br \/>\n<a title=\"Perfumer\u00eda Intercontinental\" href=\"https:\/\/www.instagram.com\/perfumeriaintercontinental\" target=\"_blank\" rel=\"noopener\">https:\/\/www.instagram.com\/perfumeriaintercontinental<\/a><br \/>\n<a title=\"Perfumer\u00eda Intercontinental\" href=\"https:\/\/www.facebook.com\/profile.php?id=100093904003521&amp;mibextid=ZbWKwL\/\" target=\"_blank\" rel=\"noopener\">https:\/\/www.facebook.com\/profile.php?id=100093904003521&amp;mibextid=ZbWKwL<\/a><\/p>\n","protected":false},"excerpt":{"rendered":"<p>PERFUMES NICHO<\/p>\n","protected":false},"featured_media":5502,"comment_status":"open","ping_status":"closed","template":"","meta":{"_eb_attr":"","om_disable_all_campaigns":false,"_monsterinsights_skip_tracking":false,"_monsterinsights_sitenote_active":false,"_monsterinsights_sitenote_note":"","_monsterinsights_sitenote_category":0},"product_brand":[],"product_cat":[174,15,29,30,31],"product_tag":[],"class_list":{"0":"post-5501","1":"product","2":"type-product","3":"status-publish","4":"has-post-thumbnail","6":"product_cat-xerjoff","7":"product_cat-todos-los-productos","8":"product_cat-hombre","9":"product_cat-mujer","10":"product_cat-unisex","13":"first","14":"instock","15":"shipping-taxable","16":"purchasable","17":"product-type-simple"},"aioseo_notices":[],"_links":{"self":[{"href":"https:\/\/perfumeriaintercontinental.com\/index.php\/wp-json\/wp\/v2\/product\/5501","targetHints":{"allow":["GET"]}}],"collection":[{"href":"https:\/\/perfumeriaintercontinental.com\/index.php\/wp-json\/wp\/v2\/product"}],"about":[{"href":"https:\/\/perfumeriaintercontinental.com\/index.php\/wp-json\/wp\/v2\/types\/product"}],"replies":[{"embeddable":true,"href":"https:\/\/perfumeriaintercontinental.com\/index.php\/wp-json\/wp\/v2\/comments?post=5501"}],"version-history":[{"count":1,"href":"https:\/\/perfumeriaintercontinental.com\/index.php\/wp-json\/wp\/v2\/product\/5501\/revisions"}],"predecessor-version":[{"id":14974,"href":"https:\/\/perfumeriaintercontinental.com\/index.php\/wp-json\/wp\/v2\/product\/5501\/revisions\/14974"}],"wp:featuredmedia":[{"embeddable":true,"href":"https:\/\/perfumeriaintercontinental.com\/index.php\/wp-json\/wp\/v2\/media\/5502"}],"wp:attachment":[{"href":"https:\/\/perfumeriaintercontinental.com\/index.php\/wp-json\/wp\/v2\/media?parent=5501"}],"wp:term":[{"taxonomy":"product_brand","embeddable":true,"href":"https:\/\/perfumeriaintercontinental.com\/index.php\/wp-json\/wp\/v2\/product_brand?post=5501"},{"taxonomy":"product_cat","embeddable":true,"href":"https:\/\/perfumeriaintercontinental.com\/index.php\/wp-json\/wp\/v2\/product_cat?post=5501"},{"taxonomy":"product_tag","embeddable":true,"href":"https:\/\/perfumeriaintercontinental.com\/index.php\/wp-json\/wp\/v2\/product_tag?post=5501"}],"curies":[{"name":"wp","href":"https:\/\/api.w.org\/{rel}","templated":true}]}}