{"id":5602,"date":"2023-08-11T16:05:06","date_gmt":"2023-08-11T16:05:06","guid":{"rendered":"https:\/\/perfumeriaintercontinental.com\/?post_type=product&#038;p=5602"},"modified":"2025-02-26T08:06:48","modified_gmt":"2025-02-26T13:06:48","slug":"al-wataniah-alya-eau-de-parfum-dama-100ml","status":"publish","type":"product","link":"https:\/\/perfumeriaintercontinental.com\/index.php\/producto\/al-wataniah-alya-eau-de-parfum-dama-100ml\/","title":{"rendered":"Al Wataniah Alya Eau de Parfum Dama 100ml"},"content":{"rendered":"<p><strong>Alya de Al Wataniah<\/strong> es una fragancia de la familia olfativa Floral para Mujeres. Las Notas de Salida son fresa, lichi, mandarina y casis (grosellero negro); las Notas de Coraz\u00f3n son rosa, durazno (melocot\u00f3n), magnolia, fresia y azucena casablanca; las Notas de Fondo son chocolate oscuro, s\u00e1ndalo, almizcle ambreta y pachul\u00ed.<\/p>\n<p><strong>PERFUMES ORIGINALES<\/strong><br \/>\nTUS COMPRAS 100% PROTEGIDAS<br \/>\nVISITANOS EN NUESTRAS REDES SOCIALES<br \/>\n<a title=\"Perfumer\u00eda Intercontinental\" href=\"https:\/\/www.instagram.com\/perfumeriaintercontinental\" target=\"_blank\" rel=\"noopener\">https:\/\/www.instagram.com\/perfumeriaintercontinental<\/a><br \/>\n<a title=\"Perfumer\u00eda Intercontinental\" href=\"https:\/\/www.facebook.com\/profile.php?id=100093904003521&amp;mibextid=ZbWKwL\/\" target=\"_blank\" rel=\"noopener\">https:\/\/www.facebook.com\/profile.php?id=100093904003521&amp;mibextid=ZbWKwL<\/a><\/p>\n","protected":false},"excerpt":{"rendered":"<p>PERFUMES NICHO<\/p>\n","protected":false},"featured_media":5604,"comment_status":"open","ping_status":"closed","template":"","meta":{"_eb_attr":"","om_disable_all_campaigns":false,"_monsterinsights_skip_tracking":false,"_monsterinsights_sitenote_active":false,"_monsterinsights_sitenote_note":"","_monsterinsights_sitenote_category":0},"product_brand":[],"product_cat":[178,15,30],"product_tag":[],"class_list":{"0":"post-5602","1":"product","2":"type-product","3":"status-publish","4":"has-post-thumbnail","6":"product_cat-al-wataniah","7":"product_cat-todos-los-productos","8":"product_cat-mujer","11":"first","12":"instock","13":"shipping-taxable","14":"purchasable","15":"product-type-simple"},"aioseo_notices":[],"_links":{"self":[{"href":"https:\/\/perfumeriaintercontinental.com\/index.php\/wp-json\/wp\/v2\/product\/5602","targetHints":{"allow":["GET"]}}],"collection":[{"href":"https:\/\/perfumeriaintercontinental.com\/index.php\/wp-json\/wp\/v2\/product"}],"about":[{"href":"https:\/\/perfumeriaintercontinental.com\/index.php\/wp-json\/wp\/v2\/types\/product"}],"replies":[{"embeddable":true,"href":"https:\/\/perfumeriaintercontinental.com\/index.php\/wp-json\/wp\/v2\/comments?post=5602"}],"version-history":[{"count":1,"href":"https:\/\/perfumeriaintercontinental.com\/index.php\/wp-json\/wp\/v2\/product\/5602\/revisions"}],"predecessor-version":[{"id":13747,"href":"https:\/\/perfumeriaintercontinental.com\/index.php\/wp-json\/wp\/v2\/product\/5602\/revisions\/13747"}],"wp:featuredmedia":[{"embeddable":true,"href":"https:\/\/perfumeriaintercontinental.com\/index.php\/wp-json\/wp\/v2\/media\/5604"}],"wp:attachment":[{"href":"https:\/\/perfumeriaintercontinental.com\/index.php\/wp-json\/wp\/v2\/media?parent=5602"}],"wp:term":[{"taxonomy":"product_brand","embeddable":true,"href":"https:\/\/perfumeriaintercontinental.com\/index.php\/wp-json\/wp\/v2\/product_brand?post=5602"},{"taxonomy":"product_cat","embeddable":true,"href":"https:\/\/perfumeriaintercontinental.com\/index.php\/wp-json\/wp\/v2\/product_cat?post=5602"},{"taxonomy":"product_tag","embeddable":true,"href":"https:\/\/perfumeriaintercontinental.com\/index.php\/wp-json\/wp\/v2\/product_tag?post=5602"}],"curies":[{"name":"wp","href":"https:\/\/api.w.org\/{rel}","templated":true}]}}