{"id":6055,"date":"2023-08-17T00:13:06","date_gmt":"2023-08-17T00:13:06","guid":{"rendered":"https:\/\/perfumeriaintercontinental.com\/?post_type=product&#038;p=6055"},"modified":"2025-03-18T16:05:53","modified_gmt":"2025-03-18T21:05:53","slug":"armaf-club-de-nuit-sillage-edp-caballero-105ml","status":"publish","type":"product","link":"https:\/\/perfumeriaintercontinental.com\/index.php\/producto\/armaf-club-de-nuit-sillage-edp-caballero-105ml\/","title":{"rendered":"Armaf Club de Nuit Sillage EDP Caballero 105ml"},"content":{"rendered":"<p><strong>Armaf Club de Nuit Sillage,<\/strong>\u00a0 es una fragancia de la familia olfativa Almizcle Floral Amaderado para Hombres y Mujeres. Esta fragancia es nueva. <strong>Club De Nuit Sillage<\/strong> se lanz\u00f3 en 2020. Las Notas de Salida son bergamota, grosellas negras, lim\u00f3n (lima \u00e1cida), hojas de violeta, lima (lim\u00f3n verde) y jengibre; las Notas de Coraz\u00f3n son rosa, iris y jazm\u00edn; las Notas de Fondo son ambroxan, almizcle, s\u00e1ndalo y cedro.<\/p>\n<p><a href=\"https:\/\/perfumeriaintercontinental.com\/index.php\/producto\/creed-silver-mountain-water-edp-100ml-unisex\/\">Creed Silver Mountain Water EDP 100ml Unisex<\/a><\/p>\n<p><strong>PERFUMES ORIGINALES<\/strong><br \/>\nTUS COMPRAS 100% PROTEGIDAS<br \/>\nVISITANOS EN NUESTRAS REDES SOCIALES<br \/>\n<a title=\"Perfumer\u00eda Intercontinental\" href=\"https:\/\/www.instagram.com\/perfumeriaintercontinental\" target=\"_blank\" rel=\"noopener\">https:\/\/www.instagram.com\/perfumeriaintercontinental<\/a><\/p>\n","protected":false},"excerpt":{"rendered":"<p>PERFUMES \u00c1RABES<\/p>\n<p><strong>Armaf Club de Nuit Sillage,<\/strong> Perfume unisex fresco con notas c\u00edtricas, florales y amaderadas. Elegante, duradero y vers\u00e1til para todo tipo de eventos.<\/p>\n","protected":false},"featured_media":6056,"comment_status":"open","ping_status":"closed","template":"","meta":{"_eb_attr":"","om_disable_all_campaigns":false,"_monsterinsights_skip_tracking":false,"_monsterinsights_sitenote_active":false,"_monsterinsights_sitenote_note":"","_monsterinsights_sitenote_category":0},"product_brand":[],"product_cat":[192,15,29],"product_tag":[],"class_list":{"0":"post-6055","1":"product","2":"type-product","3":"status-publish","4":"has-post-thumbnail","6":"product_cat-armaf","7":"product_cat-todos-los-productos","8":"product_cat-hombre","11":"first","12":"instock","13":"sale","14":"shipping-taxable","15":"purchasable","16":"product-type-simple"},"aioseo_notices":[],"_links":{"self":[{"href":"https:\/\/perfumeriaintercontinental.com\/index.php\/wp-json\/wp\/v2\/product\/6055","targetHints":{"allow":["GET"]}}],"collection":[{"href":"https:\/\/perfumeriaintercontinental.com\/index.php\/wp-json\/wp\/v2\/product"}],"about":[{"href":"https:\/\/perfumeriaintercontinental.com\/index.php\/wp-json\/wp\/v2\/types\/product"}],"replies":[{"embeddable":true,"href":"https:\/\/perfumeriaintercontinental.com\/index.php\/wp-json\/wp\/v2\/comments?post=6055"}],"version-history":[{"count":4,"href":"https:\/\/perfumeriaintercontinental.com\/index.php\/wp-json\/wp\/v2\/product\/6055\/revisions"}],"predecessor-version":[{"id":15328,"href":"https:\/\/perfumeriaintercontinental.com\/index.php\/wp-json\/wp\/v2\/product\/6055\/revisions\/15328"}],"wp:featuredmedia":[{"embeddable":true,"href":"https:\/\/perfumeriaintercontinental.com\/index.php\/wp-json\/wp\/v2\/media\/6056"}],"wp:attachment":[{"href":"https:\/\/perfumeriaintercontinental.com\/index.php\/wp-json\/wp\/v2\/media?parent=6055"}],"wp:term":[{"taxonomy":"product_brand","embeddable":true,"href":"https:\/\/perfumeriaintercontinental.com\/index.php\/wp-json\/wp\/v2\/product_brand?post=6055"},{"taxonomy":"product_cat","embeddable":true,"href":"https:\/\/perfumeriaintercontinental.com\/index.php\/wp-json\/wp\/v2\/product_cat?post=6055"},{"taxonomy":"product_tag","embeddable":true,"href":"https:\/\/perfumeriaintercontinental.com\/index.php\/wp-json\/wp\/v2\/product_tag?post=6055"}],"curies":[{"name":"wp","href":"https:\/\/api.w.org\/{rel}","templated":true}]}}