{"id":6312,"date":"2023-08-21T19:40:10","date_gmt":"2023-08-21T19:40:10","guid":{"rendered":"https:\/\/perfumeriaintercontinental.com\/?post_type=product&#038;p=6312"},"modified":"2025-03-08T14:52:36","modified_gmt":"2025-03-08T19:52:36","slug":"tous-floral-touch-eau-de-toilette-dama-100ml","status":"publish","type":"product","link":"https:\/\/perfumeriaintercontinental.com\/index.php\/producto\/tous-floral-touch-eau-de-toilette-dama-100ml\/","title":{"rendered":"Tous Floral Touch Eau de Toilette Dama 100ml"},"content":{"rendered":"<p><strong>Floral Touch de Tous<\/strong> es una fragancia de la familia olfativa Floral Frutal para Mujeres. <strong>Floral Touch<\/strong> se lanz\u00f3 en 2015. La Nariz detr\u00e1s de esta fragrancia es Sophie Labbe. Las Notas de Salida son hojas de violeta, mandarina, lim\u00f3n (lima \u00e1cida) y bergamota; las Notas de Coraz\u00f3n son fresa salvaje, nardos y jengibre; las Notas de Fondo son cedro, \u00e1mbar y almizcle.<\/p>\n<p><strong>PERFUMES ORIGINALES<\/strong><br \/>\nTUS COMPRAS 100% PROTEGIDAS<br \/>\nVISITANOS EN NUESTRAS REDES SOCIALES<br \/>\n<a title=\"Perfumer\u00eda Intercontinental\" href=\"https:\/\/www.instagram.com\/perfumeriaintercontinental\" target=\"_blank\" rel=\"noopener\">https:\/\/www.instagram.com\/perfumeriaintercontinental<\/a><br \/>\n<a title=\"Perfumer\u00eda Intercontinental\" href=\"https:\/\/www.facebook.com\/profile.php?id=100093904003521&amp;mibextid=ZbWKwL\/\" target=\"_blank\" rel=\"noopener\">https:\/\/www.facebook.com\/profile.php?id=100093904003521&amp;mibextid=ZbWKwL<\/a><\/p>\n","protected":false},"excerpt":{"rendered":"<p>PERFUMES DISE\u00d1ADOR<\/p>\n","protected":false},"featured_media":6313,"comment_status":"open","ping_status":"closed","template":"","meta":{"_eb_attr":"","om_disable_all_campaigns":false,"_monsterinsights_skip_tracking":false,"_monsterinsights_sitenote_active":false,"_monsterinsights_sitenote_note":"","_monsterinsights_sitenote_category":0},"product_brand":[],"product_cat":[199,15,30],"product_tag":[],"class_list":{"0":"post-6312","1":"product","2":"type-product","3":"status-publish","4":"has-post-thumbnail","6":"product_cat-tous","7":"product_cat-todos-los-productos","8":"product_cat-mujer","11":"first","12":"instock","13":"shipping-taxable","14":"purchasable","15":"product-type-simple"},"aioseo_notices":[],"_links":{"self":[{"href":"https:\/\/perfumeriaintercontinental.com\/index.php\/wp-json\/wp\/v2\/product\/6312","targetHints":{"allow":["GET"]}}],"collection":[{"href":"https:\/\/perfumeriaintercontinental.com\/index.php\/wp-json\/wp\/v2\/product"}],"about":[{"href":"https:\/\/perfumeriaintercontinental.com\/index.php\/wp-json\/wp\/v2\/types\/product"}],"replies":[{"embeddable":true,"href":"https:\/\/perfumeriaintercontinental.com\/index.php\/wp-json\/wp\/v2\/comments?post=6312"}],"version-history":[{"count":1,"href":"https:\/\/perfumeriaintercontinental.com\/index.php\/wp-json\/wp\/v2\/product\/6312\/revisions"}],"predecessor-version":[{"id":14881,"href":"https:\/\/perfumeriaintercontinental.com\/index.php\/wp-json\/wp\/v2\/product\/6312\/revisions\/14881"}],"wp:featuredmedia":[{"embeddable":true,"href":"https:\/\/perfumeriaintercontinental.com\/index.php\/wp-json\/wp\/v2\/media\/6313"}],"wp:attachment":[{"href":"https:\/\/perfumeriaintercontinental.com\/index.php\/wp-json\/wp\/v2\/media?parent=6312"}],"wp:term":[{"taxonomy":"product_brand","embeddable":true,"href":"https:\/\/perfumeriaintercontinental.com\/index.php\/wp-json\/wp\/v2\/product_brand?post=6312"},{"taxonomy":"product_cat","embeddable":true,"href":"https:\/\/perfumeriaintercontinental.com\/index.php\/wp-json\/wp\/v2\/product_cat?post=6312"},{"taxonomy":"product_tag","embeddable":true,"href":"https:\/\/perfumeriaintercontinental.com\/index.php\/wp-json\/wp\/v2\/product_tag?post=6312"}],"curies":[{"name":"wp","href":"https:\/\/api.w.org\/{rel}","templated":true}]}}