{"id":6557,"date":"2023-08-27T22:32:22","date_gmt":"2023-08-27T22:32:22","guid":{"rendered":"https:\/\/perfumeriaintercontinental.com\/?post_type=product&#038;p=6557"},"modified":"2025-03-08T14:23:52","modified_gmt":"2025-03-08T19:23:52","slug":"lapidus-woman-eau-de-toilette-dama-100ml","status":"publish","type":"product","link":"https:\/\/perfumeriaintercontinental.com\/index.php\/producto\/lapidus-woman-eau-de-toilette-dama-100ml\/","title":{"rendered":"Lapidus Woman Eau de Toilette Dama 100ml"},"content":{"rendered":"<p><strong>Lapidus Woman de Ted Lapidus<\/strong> es una fragancia de la familia olfativa \u00c1mbar Floral para Mujeres. <strong>Lapidus Woman<\/strong> se lanz\u00f3 en 2001. La Nariz detr\u00e1s de esta fragrancia es Bernard Ellena. Las Notas de Salida son fresia y bergamota; las Notas de Coraz\u00f3n son ciclamen (violeta persa), jazm\u00edn y flor de azahar del naranjo; las Notas de Fondo son vainilla, \u00e1mbar, almizcle y pachul\u00ed.<\/p>\n<p><strong>PERFUMES ORIGINALES<\/strong><br \/>\nTUS COMPRAS 100% PROTEGIDAS<br \/>\nVISITANOS EN NUESTRAS REDES SOCIALES<br \/>\n<a title=\"Perfumer\u00eda Intercontinental\" href=\"https:\/\/www.instagram.com\/perfumeriaintercontinental\" target=\"_blank\" rel=\"noopener\">https:\/\/www.instagram.com\/perfumeriaintercontinental<\/a><br \/>\n<a title=\"Perfumer\u00eda Intercontinental\" href=\"https:\/\/www.facebook.com\/profile.php?id=100093904003521&amp;mibextid=ZbWKwL\/\" target=\"_blank\" rel=\"noopener\">https:\/\/www.facebook.com\/profile.php?id=100093904003521&amp;mibextid=ZbWKwL<\/a><\/p>\n","protected":false},"excerpt":{"rendered":"<p>Lapidus Woman de Ted Lapidus es una fragancia de la familia olfativa \u00c1mbar Floral para Mujeres. Lapidus Woman se lanz\u00f3 en 2001. La Nariz detr\u00e1s de esta fragrancia es Bernard Ellena. Las Notas de Salida son fresia y bergamota; las Notas de Coraz\u00f3n son ciclamen (violeta persa), jazm\u00edn y flor de azahar del naranjo; las Notas de Fondo son vainilla, \u00e1mbar, almizcle y pachul\u00ed. PERFUMES ORIGINALES TUS COMPRAS 100% PROTEGIDAS VISITANOS EN NUESTRAS REDES SOCIALES https:\/\/www.instagram.com\/perfumeriaintercontinental https:\/\/www.facebook.com\/profile.php?id=100093904003521&amp;mibextid=ZbWKwL<\/p>\n","protected":false},"featured_media":6558,"comment_status":"open","ping_status":"closed","template":"","meta":{"_eb_attr":"","om_disable_all_campaigns":false,"_monsterinsights_skip_tracking":false,"_monsterinsights_sitenote_active":false,"_monsterinsights_sitenote_note":"","_monsterinsights_sitenote_category":0},"product_brand":[],"product_cat":[210,15,30],"product_tag":[],"class_list":{"0":"post-6557","1":"product","2":"type-product","3":"status-publish","4":"has-post-thumbnail","6":"product_cat-ted-lapidus","7":"product_cat-todos-los-productos","8":"product_cat-mujer","11":"first","12":"instock","13":"shipping-taxable","14":"purchasable","15":"product-type-simple"},"aioseo_notices":[],"_links":{"self":[{"href":"https:\/\/perfumeriaintercontinental.com\/index.php\/wp-json\/wp\/v2\/product\/6557","targetHints":{"allow":["GET"]}}],"collection":[{"href":"https:\/\/perfumeriaintercontinental.com\/index.php\/wp-json\/wp\/v2\/product"}],"about":[{"href":"https:\/\/perfumeriaintercontinental.com\/index.php\/wp-json\/wp\/v2\/types\/product"}],"replies":[{"embeddable":true,"href":"https:\/\/perfumeriaintercontinental.com\/index.php\/wp-json\/wp\/v2\/comments?post=6557"}],"version-history":[{"count":1,"href":"https:\/\/perfumeriaintercontinental.com\/index.php\/wp-json\/wp\/v2\/product\/6557\/revisions"}],"predecessor-version":[{"id":14849,"href":"https:\/\/perfumeriaintercontinental.com\/index.php\/wp-json\/wp\/v2\/product\/6557\/revisions\/14849"}],"wp:featuredmedia":[{"embeddable":true,"href":"https:\/\/perfumeriaintercontinental.com\/index.php\/wp-json\/wp\/v2\/media\/6558"}],"wp:attachment":[{"href":"https:\/\/perfumeriaintercontinental.com\/index.php\/wp-json\/wp\/v2\/media?parent=6557"}],"wp:term":[{"taxonomy":"product_brand","embeddable":true,"href":"https:\/\/perfumeriaintercontinental.com\/index.php\/wp-json\/wp\/v2\/product_brand?post=6557"},{"taxonomy":"product_cat","embeddable":true,"href":"https:\/\/perfumeriaintercontinental.com\/index.php\/wp-json\/wp\/v2\/product_cat?post=6557"},{"taxonomy":"product_tag","embeddable":true,"href":"https:\/\/perfumeriaintercontinental.com\/index.php\/wp-json\/wp\/v2\/product_tag?post=6557"}],"curies":[{"name":"wp","href":"https:\/\/api.w.org\/{rel}","templated":true}]}}