{"id":6810,"date":"2023-08-30T04:37:17","date_gmt":"2023-08-30T04:37:17","guid":{"rendered":"https:\/\/perfumeriaintercontinental.com\/?post_type=product&#038;p=6810"},"modified":"2025-03-07T17:42:53","modified_gmt":"2025-03-07T22:42:53","slug":"reyane-tradition-albane-noble-mustang-edp-caballero-100ml","status":"publish","type":"product","link":"https:\/\/perfumeriaintercontinental.com\/index.php\/producto\/reyane-tradition-albane-noble-mustang-edp-caballero-100ml\/","title":{"rendered":"Reyane Tradition Albane Noble Mustang EDP Caballero 100ml"},"content":{"rendered":"<p><strong>Albane Noble Mustang de Reyane Tradition<\/strong> es una fragancia de la familia olfativa Arom\u00e1tica Foug\u00e8re para Hombres. <strong>Perfume Albane Noble Mustang Reyane Tradition<\/strong> se lanz\u00f3 en 1988.<strong> Albane Noble Mustang<\/strong> fue creada por Jean-Louis Sieuzac y Michel Almairac. Las Notas de Salida son flor del moscadero, lavanda, cedro, manzanilla, mandarina, flor del espino, bergamota y lim\u00f3n (lima \u00e1cida); las Notas de Coraz\u00f3n son hojas de violeta, nuez moscada, cedro, s\u00e1ndalo, madreselva, clavel, jazm\u00edn y lirio de los valles (muguete); las de Fondo son cuero, vetiver, almizcle, \u00e1mbar, pachul\u00ed y haba tonka.<\/p>\n<p><strong>PERFUMES ORIGINALES<\/strong><br \/>\nTUS COMPRAS 100% PROTEGIDAS<br \/>\nVISITANOS EN NUESTRAS REDES SOCIALES<br \/>\n<a title=\"Perfumer\u00eda Intercontinental\" href=\"https:\/\/www.instagram.com\/perfumeriaintercontinental\" target=\"_blank\" rel=\"noopener\">https:\/\/www.instagram.com\/perfumeriaintercontinental<\/a><br \/>\n<a title=\"Perfumer\u00eda Intercontinental\" href=\"https:\/\/www.facebook.com\/profile.php?id=100093904003521&amp;mibextid=ZbWKwL\/\" target=\"_blank\" rel=\"noopener\">https:\/\/www.facebook.com\/profile.php?id=100093904003521&amp;mibextid=ZbWKwL<\/a><\/p>\n","protected":false},"excerpt":{"rendered":"<p>PERFUMES NICHO<\/p>\n","protected":false},"featured_media":6811,"comment_status":"open","ping_status":"closed","template":"","meta":{"_eb_attr":"","om_disable_all_campaigns":false,"_monsterinsights_skip_tracking":false,"_monsterinsights_sitenote_active":false,"_monsterinsights_sitenote_note":"","_monsterinsights_sitenote_category":0},"product_brand":[],"product_cat":[219,15,29],"product_tag":[],"class_list":{"0":"post-6810","1":"product","2":"type-product","3":"status-publish","4":"has-post-thumbnail","6":"product_cat-reyane-tradition","7":"product_cat-todos-los-productos","8":"product_cat-hombre","11":"first","12":"instock","13":"shipping-taxable","14":"purchasable","15":"product-type-simple"},"aioseo_notices":[],"_links":{"self":[{"href":"https:\/\/perfumeriaintercontinental.com\/index.php\/wp-json\/wp\/v2\/product\/6810","targetHints":{"allow":["GET"]}}],"collection":[{"href":"https:\/\/perfumeriaintercontinental.com\/index.php\/wp-json\/wp\/v2\/product"}],"about":[{"href":"https:\/\/perfumeriaintercontinental.com\/index.php\/wp-json\/wp\/v2\/types\/product"}],"replies":[{"embeddable":true,"href":"https:\/\/perfumeriaintercontinental.com\/index.php\/wp-json\/wp\/v2\/comments?post=6810"}],"version-history":[{"count":2,"href":"https:\/\/perfumeriaintercontinental.com\/index.php\/wp-json\/wp\/v2\/product\/6810\/revisions"}],"predecessor-version":[{"id":14775,"href":"https:\/\/perfumeriaintercontinental.com\/index.php\/wp-json\/wp\/v2\/product\/6810\/revisions\/14775"}],"wp:featuredmedia":[{"embeddable":true,"href":"https:\/\/perfumeriaintercontinental.com\/index.php\/wp-json\/wp\/v2\/media\/6811"}],"wp:attachment":[{"href":"https:\/\/perfumeriaintercontinental.com\/index.php\/wp-json\/wp\/v2\/media?parent=6810"}],"wp:term":[{"taxonomy":"product_brand","embeddable":true,"href":"https:\/\/perfumeriaintercontinental.com\/index.php\/wp-json\/wp\/v2\/product_brand?post=6810"},{"taxonomy":"product_cat","embeddable":true,"href":"https:\/\/perfumeriaintercontinental.com\/index.php\/wp-json\/wp\/v2\/product_cat?post=6810"},{"taxonomy":"product_tag","embeddable":true,"href":"https:\/\/perfumeriaintercontinental.com\/index.php\/wp-json\/wp\/v2\/product_tag?post=6810"}],"curies":[{"name":"wp","href":"https:\/\/api.w.org\/{rel}","templated":true}]}}