{"id":6893,"date":"2023-08-30T21:37:33","date_gmt":"2023-08-30T21:37:33","guid":{"rendered":"https:\/\/perfumeriaintercontinental.com\/?post_type=product&#038;p=6893"},"modified":"2025-03-07T17:10:55","modified_gmt":"2025-03-07T22:10:55","slug":"polo-blue-ralph-lauren-eau-de-parfum-caballero-125ml","status":"publish","type":"product","link":"https:\/\/perfumeriaintercontinental.com\/index.php\/producto\/polo-blue-ralph-lauren-eau-de-parfum-caballero-125ml\/","title":{"rendered":"Polo Blue Ralph Lauren Eau de Parfum Caballero 125ml"},"content":{"rendered":"<p><strong>Polo Blue Eau de Parfum de Ralph Lauren<\/strong> es una fragancia de la familia olfativa Amaderada Arom\u00e1tica para Hombres. <strong>Polo Blue Eau de Parfum<\/strong> se lanz\u00f3 en 2016. La Nariz detr\u00e1s de esta fragrancia es Carlos Benaim. Las Notas de Salida son notas marinas, bergamota y cardamomo; las Notas de Coraz\u00f3n son albahaca, cedr\u00f3n (hierba luisa), esclarea y ra\u00edz de lirio; las Notas de Fondo son gamuza, vetiver, notas amaderadas y pachul\u00ed.<\/p>\n<p><strong>PERFUMES ORIGINALES<\/strong><br \/>\nTUS COMPRAS 100% PROTEGIDAS<br \/>\nVISITANOS EN NUESTRAS REDES SOCIALES<br \/>\n<a title=\"Perfumer\u00eda Intercontinental\" href=\"https:\/\/www.instagram.com\/perfumeriaintercontinental\" target=\"_blank\" rel=\"noopener\">https:\/\/www.instagram.com\/perfumeriaintercontinental<\/a><br \/>\n<a title=\"Perfumer\u00eda Intercontinental\" href=\"https:\/\/www.facebook.com\/profile.php?id=100093904003521&amp;mibextid=ZbWKwL\/\" target=\"_blank\" rel=\"noopener\">https:\/\/www.facebook.com\/profile.php?id=100093904003521&amp;mibextid=ZbWKwL<\/a><\/p>\n","protected":false},"excerpt":{"rendered":"<p>PERFUMES DISE\u00d1ADOR<\/p>\n","protected":false},"featured_media":9433,"comment_status":"open","ping_status":"closed","template":"","meta":{"_eb_attr":"","om_disable_all_campaigns":false,"_monsterinsights_skip_tracking":false,"_monsterinsights_sitenote_active":false,"_monsterinsights_sitenote_note":"","_monsterinsights_sitenote_category":0},"product_brand":[],"product_cat":[222,15,29],"product_tag":[],"class_list":{"0":"post-6893","1":"product","2":"type-product","3":"status-publish","4":"has-post-thumbnail","6":"product_cat-ralph-lauren","7":"product_cat-todos-los-productos","8":"product_cat-hombre","11":"first","12":"outofstock","13":"shipping-taxable","14":"purchasable","15":"product-type-simple"},"aioseo_notices":[],"_links":{"self":[{"href":"https:\/\/perfumeriaintercontinental.com\/index.php\/wp-json\/wp\/v2\/product\/6893","targetHints":{"allow":["GET"]}}],"collection":[{"href":"https:\/\/perfumeriaintercontinental.com\/index.php\/wp-json\/wp\/v2\/product"}],"about":[{"href":"https:\/\/perfumeriaintercontinental.com\/index.php\/wp-json\/wp\/v2\/types\/product"}],"replies":[{"embeddable":true,"href":"https:\/\/perfumeriaintercontinental.com\/index.php\/wp-json\/wp\/v2\/comments?post=6893"}],"version-history":[{"count":2,"href":"https:\/\/perfumeriaintercontinental.com\/index.php\/wp-json\/wp\/v2\/product\/6893\/revisions"}],"predecessor-version":[{"id":14733,"href":"https:\/\/perfumeriaintercontinental.com\/index.php\/wp-json\/wp\/v2\/product\/6893\/revisions\/14733"}],"wp:featuredmedia":[{"embeddable":true,"href":"https:\/\/perfumeriaintercontinental.com\/index.php\/wp-json\/wp\/v2\/media\/9433"}],"wp:attachment":[{"href":"https:\/\/perfumeriaintercontinental.com\/index.php\/wp-json\/wp\/v2\/media?parent=6893"}],"wp:term":[{"taxonomy":"product_brand","embeddable":true,"href":"https:\/\/perfumeriaintercontinental.com\/index.php\/wp-json\/wp\/v2\/product_brand?post=6893"},{"taxonomy":"product_cat","embeddable":true,"href":"https:\/\/perfumeriaintercontinental.com\/index.php\/wp-json\/wp\/v2\/product_cat?post=6893"},{"taxonomy":"product_tag","embeddable":true,"href":"https:\/\/perfumeriaintercontinental.com\/index.php\/wp-json\/wp\/v2\/product_tag?post=6893"}],"curies":[{"name":"wp","href":"https:\/\/api.w.org\/{rel}","templated":true}]}}