{"id":6911,"date":"2023-08-30T21:49:05","date_gmt":"2023-08-30T21:49:05","guid":{"rendered":"https:\/\/perfumeriaintercontinental.com\/?post_type=product&#038;p=6911"},"modified":"2025-03-07T17:07:46","modified_gmt":"2025-03-07T22:07:46","slug":"polo-red-rush-ralph-lauren-eau-de-toilette-caballero-125ml","status":"publish","type":"product","link":"https:\/\/perfumeriaintercontinental.com\/index.php\/producto\/polo-red-rush-ralph-lauren-eau-de-toilette-caballero-125ml\/","title":{"rendered":"Polo Red Rush Ralph Lauren Eau De Toilette Caballero 125ml"},"content":{"rendered":"<p><strong>Polo Red Rush de Ralph Lauren<\/strong> es una fragancia de la familia olfativa Arom\u00e1tica Frutal para Hombres. <strong>Polo Red Rush<\/strong> se lanz\u00f3 en 2018. Las Notas de Salida son pi\u00f1a, mandarina, lim\u00f3n (lima \u00e1cida) y toronja (pomelo); las Notas de Coraz\u00f3n son menta, manzana roja, flor de azahar del naranjo, azafr\u00e1n y lavanda; las Notas de Fondo son almizcle, caf\u00e9 y cedro.<\/p>\n<p><strong>PERFUMES ORIGINALES<\/strong><br \/>\nTUS COMPRAS 100% PROTEGIDAS<br \/>\nVISITANOS EN NUESTRAS REDES SOCIALES<br \/>\n<a title=\"Perfumer\u00eda Intercontinental\" href=\"https:\/\/www.instagram.com\/perfumeriaintercontinental\" target=\"_blank\" rel=\"noopener\">https:\/\/www.instagram.com\/perfumeriaintercontinental<\/a><br \/>\n<a title=\"Perfumer\u00eda Intercontinental\" href=\"https:\/\/www.facebook.com\/profile.php?id=100093904003521&amp;mibextid=ZbWKwL\/\" target=\"_blank\" rel=\"noopener\">https:\/\/www.facebook.com\/profile.php?id=100093904003521&amp;mibextid=ZbWKwL<\/a><\/p>\n","protected":false},"excerpt":{"rendered":"<p>PERFUMES DISE\u00d1ADOR<\/p>\n","protected":false},"featured_media":6912,"comment_status":"open","ping_status":"closed","template":"","meta":{"_eb_attr":"","om_disable_all_campaigns":false,"_monsterinsights_skip_tracking":false,"_monsterinsights_sitenote_active":false,"_monsterinsights_sitenote_note":"","_monsterinsights_sitenote_category":0},"product_brand":[],"product_cat":[222,15,29],"product_tag":[],"class_list":{"0":"post-6911","1":"product","2":"type-product","3":"status-publish","4":"has-post-thumbnail","6":"product_cat-ralph-lauren","7":"product_cat-todos-los-productos","8":"product_cat-hombre","11":"first","12":"instock","13":"shipping-taxable","14":"purchasable","15":"product-type-simple"},"aioseo_notices":[],"_links":{"self":[{"href":"https:\/\/perfumeriaintercontinental.com\/index.php\/wp-json\/wp\/v2\/product\/6911","targetHints":{"allow":["GET"]}}],"collection":[{"href":"https:\/\/perfumeriaintercontinental.com\/index.php\/wp-json\/wp\/v2\/product"}],"about":[{"href":"https:\/\/perfumeriaintercontinental.com\/index.php\/wp-json\/wp\/v2\/types\/product"}],"replies":[{"embeddable":true,"href":"https:\/\/perfumeriaintercontinental.com\/index.php\/wp-json\/wp\/v2\/comments?post=6911"}],"version-history":[{"count":1,"href":"https:\/\/perfumeriaintercontinental.com\/index.php\/wp-json\/wp\/v2\/product\/6911\/revisions"}],"predecessor-version":[{"id":14727,"href":"https:\/\/perfumeriaintercontinental.com\/index.php\/wp-json\/wp\/v2\/product\/6911\/revisions\/14727"}],"wp:featuredmedia":[{"embeddable":true,"href":"https:\/\/perfumeriaintercontinental.com\/index.php\/wp-json\/wp\/v2\/media\/6912"}],"wp:attachment":[{"href":"https:\/\/perfumeriaintercontinental.com\/index.php\/wp-json\/wp\/v2\/media?parent=6911"}],"wp:term":[{"taxonomy":"product_brand","embeddable":true,"href":"https:\/\/perfumeriaintercontinental.com\/index.php\/wp-json\/wp\/v2\/product_brand?post=6911"},{"taxonomy":"product_cat","embeddable":true,"href":"https:\/\/perfumeriaintercontinental.com\/index.php\/wp-json\/wp\/v2\/product_cat?post=6911"},{"taxonomy":"product_tag","embeddable":true,"href":"https:\/\/perfumeriaintercontinental.com\/index.php\/wp-json\/wp\/v2\/product_tag?post=6911"}],"curies":[{"name":"wp","href":"https:\/\/api.w.org\/{rel}","templated":true}]}}