{"id":7002,"date":"2023-08-31T02:50:00","date_gmt":"2023-08-31T02:50:00","guid":{"rendered":"https:\/\/perfumeriaintercontinental.com\/?post_type=product&#038;p=7002"},"modified":"2025-03-07T16:48:13","modified_gmt":"2025-03-07T21:48:13","slug":"philipp-plein-parfums-no-limit-super-freh-edt-caballero-90ml","status":"publish","type":"product","link":"https:\/\/perfumeriaintercontinental.com\/index.php\/producto\/philipp-plein-parfums-no-limit-super-freh-edt-caballero-90ml\/","title":{"rendered":"Philipp Plein Parfums No Limit$ Super Fre$h EDT Caballero 90ml"},"content":{"rendered":"<p><strong>No Limit$ Super Fre$h de Philipp Plein Parfums<\/strong> es una fragancia de la familia olfativa para Hombres. <strong>No Limit$ Super Fre$h<\/strong> se lanz\u00f3 en 2021. La Nariz detr\u00e1s de esta fragrancia es Alberto Morillas. Las Notas de Salida son notas marinas, abr\u00f3tano, grosellas negras, lavanda y higo negro; las Notas de Coraz\u00f3n son pimienta negra, cardamomo, bergamota, toronja (pomelo) y jengibre; las Notas de Fondo son cuero, vainilla Bourbon, chocolate blanco, notas amaderadas, s\u00e1ndalo, cedro, pachul\u00ed, almizcle, papiro de Egipto y \u00e1mbar.<\/p>\n<p><strong>PERFUMES ORIGINALES<\/strong><br \/>\nTUS COMPRAS 100% PROTEGIDAS<br \/>\nVISITANOS EN NUESTRAS REDES SOCIALES<br \/>\n<a title=\"Perfumer\u00eda Intercontinental\" href=\"https:\/\/www.instagram.com\/perfumeriaintercontinental\" target=\"_blank\" rel=\"noopener\">https:\/\/www.instagram.com\/perfumeriaintercontinental<\/a><br \/>\n<a title=\"Perfumer\u00eda Intercontinental\" href=\"https:\/\/www.facebook.com\/profile.php?id=100093904003521&amp;mibextid=ZbWKwL\/\" target=\"_blank\" rel=\"noopener\">https:\/\/www.facebook.com\/profile.php?id=100093904003521&amp;mibextid=ZbWKwL<\/a><\/p>\n","protected":false},"excerpt":{"rendered":"<p>PERFUMES DISE\u00d1ADOR<\/p>\n","protected":false},"featured_media":7004,"comment_status":"open","ping_status":"closed","template":"","meta":{"_eb_attr":"","om_disable_all_campaigns":false,"_monsterinsights_skip_tracking":false,"_monsterinsights_sitenote_active":false,"_monsterinsights_sitenote_note":"","_monsterinsights_sitenote_category":0},"product_brand":[],"product_cat":[227,15,29],"product_tag":[],"class_list":{"0":"post-7002","1":"product","2":"type-product","3":"status-publish","4":"has-post-thumbnail","6":"product_cat-philipp-plein","7":"product_cat-todos-los-productos","8":"product_cat-hombre","11":"first","12":"instock","13":"shipping-taxable","14":"purchasable","15":"product-type-simple"},"aioseo_notices":[],"_links":{"self":[{"href":"https:\/\/perfumeriaintercontinental.com\/index.php\/wp-json\/wp\/v2\/product\/7002","targetHints":{"allow":["GET"]}}],"collection":[{"href":"https:\/\/perfumeriaintercontinental.com\/index.php\/wp-json\/wp\/v2\/product"}],"about":[{"href":"https:\/\/perfumeriaintercontinental.com\/index.php\/wp-json\/wp\/v2\/types\/product"}],"replies":[{"embeddable":true,"href":"https:\/\/perfumeriaintercontinental.com\/index.php\/wp-json\/wp\/v2\/comments?post=7002"}],"version-history":[{"count":1,"href":"https:\/\/perfumeriaintercontinental.com\/index.php\/wp-json\/wp\/v2\/product\/7002\/revisions"}],"predecessor-version":[{"id":14700,"href":"https:\/\/perfumeriaintercontinental.com\/index.php\/wp-json\/wp\/v2\/product\/7002\/revisions\/14700"}],"wp:featuredmedia":[{"embeddable":true,"href":"https:\/\/perfumeriaintercontinental.com\/index.php\/wp-json\/wp\/v2\/media\/7004"}],"wp:attachment":[{"href":"https:\/\/perfumeriaintercontinental.com\/index.php\/wp-json\/wp\/v2\/media?parent=7002"}],"wp:term":[{"taxonomy":"product_brand","embeddable":true,"href":"https:\/\/perfumeriaintercontinental.com\/index.php\/wp-json\/wp\/v2\/product_brand?post=7002"},{"taxonomy":"product_cat","embeddable":true,"href":"https:\/\/perfumeriaintercontinental.com\/index.php\/wp-json\/wp\/v2\/product_cat?post=7002"},{"taxonomy":"product_tag","embeddable":true,"href":"https:\/\/perfumeriaintercontinental.com\/index.php\/wp-json\/wp\/v2\/product_tag?post=7002"}],"curies":[{"name":"wp","href":"https:\/\/api.w.org\/{rel}","templated":true}]}}