{"id":7207,"date":"2023-09-01T05:37:07","date_gmt":"2023-09-01T05:37:07","guid":{"rendered":"https:\/\/perfumeriaintercontinental.com\/?post_type=product&#038;p=7207"},"modified":"2025-03-07T14:54:26","modified_gmt":"2025-03-07T19:54:26","slug":"patek-maison-merakai-essence-eau-de-parfum-unisex-100ml","status":"publish","type":"product","link":"https:\/\/perfumeriaintercontinental.com\/index.php\/producto\/patek-maison-merakai-essence-eau-de-parfum-unisex-100ml\/","title":{"rendered":"Patek Maison Merakai Essence Eau de Parfum Unisex 100ml"},"content":{"rendered":"<p><strong>Patek Maison Merakai Essence Eau de Parfum Unisex 100ml<\/strong><br \/>\nSalida: grosella negra, caf\u00e9, bergamota y lim\u00f3n.<\/p>\n<p>Medio: jazm\u00edn sambac, azahar, s\u00e1ndalo y rosa b\u00falgara<\/p>\n<p>Base: haba tonka, cacao, vainilla, almizcle, madera de cachemira y canela<\/p>\n<p><strong>PERFUMES ORIGINALES<\/strong><br \/>\nTUS COMPRAS 100% PROTEGIDAS<br \/>\nVISITANOS EN NUESTRAS REDES SOCIALES<br \/>\n<a title=\"Perfumer\u00eda Intercontinental\" href=\"https:\/\/www.instagram.com\/perfumeriaintercontinental\" target=\"_blank\" rel=\"noopener\">https:\/\/www.instagram.com\/perfumeriaintercontinental<\/a><br \/>\n<a title=\"Perfumer\u00eda Intercontinental\" href=\"https:\/\/www.facebook.com\/profile.php?id=100093904003521&amp;mibextid=ZbWKwL\/\" target=\"_blank\" rel=\"noopener\">https:\/\/www.facebook.com\/profile.php?id=100093904003521&amp;mibextid=ZbWKwL<\/a><\/p>\n","protected":false},"excerpt":{"rendered":"<p>PERFUMES NICHO<\/p>\n","protected":false},"featured_media":7208,"comment_status":"open","ping_status":"closed","template":"","meta":{"_eb_attr":"","om_disable_all_campaigns":false,"_monsterinsights_skip_tracking":false,"_monsterinsights_sitenote_active":false,"_monsterinsights_sitenote_note":"","_monsterinsights_sitenote_category":0},"product_brand":[],"product_cat":[230,15,29,30,31],"product_tag":[],"class_list":{"0":"post-7207","1":"product","2":"type-product","3":"status-publish","4":"has-post-thumbnail","6":"product_cat-patek-maison","7":"product_cat-todos-los-productos","8":"product_cat-hombre","9":"product_cat-mujer","10":"product_cat-unisex","13":"first","14":"instock","15":"shipping-taxable","16":"purchasable","17":"product-type-simple"},"aioseo_notices":[],"_links":{"self":[{"href":"https:\/\/perfumeriaintercontinental.com\/index.php\/wp-json\/wp\/v2\/product\/7207","targetHints":{"allow":["GET"]}}],"collection":[{"href":"https:\/\/perfumeriaintercontinental.com\/index.php\/wp-json\/wp\/v2\/product"}],"about":[{"href":"https:\/\/perfumeriaintercontinental.com\/index.php\/wp-json\/wp\/v2\/types\/product"}],"replies":[{"embeddable":true,"href":"https:\/\/perfumeriaintercontinental.com\/index.php\/wp-json\/wp\/v2\/comments?post=7207"}],"version-history":[{"count":1,"href":"https:\/\/perfumeriaintercontinental.com\/index.php\/wp-json\/wp\/v2\/product\/7207\/revisions"}],"predecessor-version":[{"id":14633,"href":"https:\/\/perfumeriaintercontinental.com\/index.php\/wp-json\/wp\/v2\/product\/7207\/revisions\/14633"}],"wp:featuredmedia":[{"embeddable":true,"href":"https:\/\/perfumeriaintercontinental.com\/index.php\/wp-json\/wp\/v2\/media\/7208"}],"wp:attachment":[{"href":"https:\/\/perfumeriaintercontinental.com\/index.php\/wp-json\/wp\/v2\/media?parent=7207"}],"wp:term":[{"taxonomy":"product_brand","embeddable":true,"href":"https:\/\/perfumeriaintercontinental.com\/index.php\/wp-json\/wp\/v2\/product_brand?post=7207"},{"taxonomy":"product_cat","embeddable":true,"href":"https:\/\/perfumeriaintercontinental.com\/index.php\/wp-json\/wp\/v2\/product_cat?post=7207"},{"taxonomy":"product_tag","embeddable":true,"href":"https:\/\/perfumeriaintercontinental.com\/index.php\/wp-json\/wp\/v2\/product_tag?post=7207"}],"curies":[{"name":"wp","href":"https:\/\/api.w.org\/{rel}","templated":true}]}}