{"id":7530,"date":"2023-09-03T23:58:03","date_gmt":"2023-09-03T23:58:03","guid":{"rendered":"https:\/\/perfumeriaintercontinental.com\/?post_type=product&#038;p=7530"},"modified":"2025-03-03T17:00:42","modified_gmt":"2025-03-03T22:00:42","slug":"paco-rabanne-lady-million-empire-eau-de-parfum-dama-80ml","status":"publish","type":"product","link":"https:\/\/perfumeriaintercontinental.com\/index.php\/producto\/paco-rabanne-lady-million-empire-eau-de-parfum-dama-80ml\/","title":{"rendered":"Paco Rabanne Lady Million Empire Eau de Parfum Dama 80ml"},"content":{"rendered":"<p><strong>Lady Million Empire de Paco Rabanne<\/strong> es una fragancia de la familia olfativa Chipre Floral para Mujeres. <strong>Lady Million Empire<\/strong> se lanz\u00f3 en 2019. <strong>Lady Million Empire<\/strong> fue creada por Anne Flipo y Jean-Christophe H\u00e9rault. Las Notas de Salida son grosella roja, naranja y esencia de neroli; las Notas de Coraz\u00f3n son ciruela Mirabel, magnolia, osmanto (olivo oloroso) y flor de azahar del naranjo; las Notas de Fondo son co\u00f1ac, pachul\u00ed y almizcle blanco.<\/p>\n<p><strong>PERFUMES ORIGINALES<\/strong><br \/>\nTUS COMPRAS 100% PROTEGIDAS<br \/>\nVISITANOS EN NUESTRAS REDES SOCIALES<br \/>\n<a title=\"Perfumer\u00eda Intercontinental\" href=\"https:\/\/www.instagram.com\/perfumeriaintercontinental\" target=\"_blank\" rel=\"noopener\">https:\/\/www.instagram.com\/perfumeriaintercontinental<\/a><br \/>\n<a title=\"Perfumer\u00eda Intercontinental\" href=\"https:\/\/www.facebook.com\/profile.php?id=100093904003521&amp;mibextid=ZbWKwL\/\" target=\"_blank\" rel=\"noopener\">https:\/\/www.facebook.com\/profile.php?id=100093904003521&amp;mibextid=ZbWKwL<\/a><\/p>\n","protected":false},"excerpt":{"rendered":"<p>PERFUMES DISE\u00d1ADOR<\/p>\n","protected":false},"featured_media":7531,"comment_status":"open","ping_status":"closed","template":"","meta":{"_eb_attr":"","om_disable_all_campaigns":false,"_monsterinsights_skip_tracking":false,"_monsterinsights_sitenote_active":false,"_monsterinsights_sitenote_note":"","_monsterinsights_sitenote_category":0},"product_brand":[],"product_cat":[238,15,30],"product_tag":[],"class_list":{"0":"post-7530","1":"product","2":"type-product","3":"status-publish","4":"has-post-thumbnail","6":"product_cat-paco-rabanne","7":"product_cat-todos-los-productos","8":"product_cat-mujer","11":"first","12":"instock","13":"shipping-taxable","14":"purchasable","15":"product-type-simple"},"aioseo_notices":[],"_links":{"self":[{"href":"https:\/\/perfumeriaintercontinental.com\/index.php\/wp-json\/wp\/v2\/product\/7530","targetHints":{"allow":["GET"]}}],"collection":[{"href":"https:\/\/perfumeriaintercontinental.com\/index.php\/wp-json\/wp\/v2\/product"}],"about":[{"href":"https:\/\/perfumeriaintercontinental.com\/index.php\/wp-json\/wp\/v2\/types\/product"}],"replies":[{"embeddable":true,"href":"https:\/\/perfumeriaintercontinental.com\/index.php\/wp-json\/wp\/v2\/comments?post=7530"}],"version-history":[{"count":1,"href":"https:\/\/perfumeriaintercontinental.com\/index.php\/wp-json\/wp\/v2\/product\/7530\/revisions"}],"predecessor-version":[{"id":14561,"href":"https:\/\/perfumeriaintercontinental.com\/index.php\/wp-json\/wp\/v2\/product\/7530\/revisions\/14561"}],"wp:featuredmedia":[{"embeddable":true,"href":"https:\/\/perfumeriaintercontinental.com\/index.php\/wp-json\/wp\/v2\/media\/7531"}],"wp:attachment":[{"href":"https:\/\/perfumeriaintercontinental.com\/index.php\/wp-json\/wp\/v2\/media?parent=7530"}],"wp:term":[{"taxonomy":"product_brand","embeddable":true,"href":"https:\/\/perfumeriaintercontinental.com\/index.php\/wp-json\/wp\/v2\/product_brand?post=7530"},{"taxonomy":"product_cat","embeddable":true,"href":"https:\/\/perfumeriaintercontinental.com\/index.php\/wp-json\/wp\/v2\/product_cat?post=7530"},{"taxonomy":"product_tag","embeddable":true,"href":"https:\/\/perfumeriaintercontinental.com\/index.php\/wp-json\/wp\/v2\/product_tag?post=7530"}],"curies":[{"name":"wp","href":"https:\/\/api.w.org\/{rel}","templated":true}]}}